{"id":346,"date":"2021-09-04T10:26:22","date_gmt":"2021-09-04T07:26:22","guid":{"rendered":"https:\/\/turkuazport.com\/de\/?page_id=346"},"modified":"2025-03-10T08:29:20","modified_gmt":"2025-03-10T05:29:20","slug":"kontakt","status":"publish","type":"page","link":"https:\/\/turkuazport.com\/de\/kontakt\/","title":{"rendered":"Kontakt"},"content":{"rendered":"<div id='av-layout-grid-1'  class='av-layout-grid-container entry-content-wrapper main_color av-flex-cells     avia-builder-el-0  el_before_av_section  avia-builder-el-first  container_wrap sidebar_right'  >\n<div class=\"flex_cell no_margin av_one_full  avia-builder-el-1  avia-builder-el-no-sibling   av-zero-padding \"  style='vertical-align:top; padding:0; ' ><div class='flex_cell_inner' ><section class=\"av_textblock_section \"  itemscope=\"itemscope\" itemtype=\"https:\/\/schema.org\/CreativeWork\" ><div class='avia_textblock  '   itemprop=\"text\" ><p><iframe loading=\"lazy\" style=\"border: 0;\" src=\"https:\/\/www.google.com\/maps\/embed?pb=!1m18!1m12!1m3!1d3125.5679299691155!2d27.1332797!3d38.4283489!2m3!1f0!2f0!3f0!3m2!1i1024!2i768!4f13.1!3m3!1m2!1s0x14bbd922ee9f2195%3A0xbe5a17c3c9dbfc47!2sTurkuaz%20Port%20Di%C5%9F%20Klini%C4%9Fi!5e0!3m2!1str!2str!4v1715606916122!5m2!1str!2str\" width=\"1900\" height=\"350\" allowfullscreen=\"allowfullscreen\"><\/iframe><\/p>\n<\/div><\/section>\n<\/div><\/div>\n<\/div>\n<div id='av_section_1'  class='avia-section av-hr04i-26dcf089a95478220e4b6e520af4c65f main_color avia-section-default avia-no-border-styling  avia-builder-el-3  el_after_av_layout_row  avia-builder-el-last  avia-bg-style-scroll  container_wrap sidebar_right'  ><div class='container av-section-cont-open' ><div class='template-page content  av-content-small alpha units'><div class='post-entry post-entry-type-page post-entry-346'><div class='entry-content-wrapper clearfix'>\n\n<style type=\"text\/css\" data-created_by=\"avia_inline_auto\" id=\"style-css-av-kt5hkv1a-046bae0d62eaa5bf217343a70044bbb1\">\n#top .av-special-heading.av-kt5hkv1a-046bae0d62eaa5bf217343a70044bbb1{\nmargin:0 0 40px 0;\npadding-bottom:10px;\nfont-size:50px;\n}\n<\/style>\n<div  class='av-special-heading av-kt5hkv1a-046bae0d62eaa5bf217343a70044bbb1 av-special-heading-h2 blockquote modern-quote  avia-builder-el-4  el_before_av_two_fifth  avia-builder-el-first  title-with-border av-inherit-size '><h2 class='av-special-heading-tag '  itemprop=\"headline\"  >Kontakt<\/h2><div class='special-heading-border'><div class='special-heading-inner-border'><\/div><\/div><\/div>\n<div class='flex_column_table av-189ggq-67c1016a3ebc1dad519f4c54bc247c0d sc-av_two_fifth av-equal-height-column-flextable'>\n<style type=\"text\/css\" data-created_by=\"avia_inline_auto\" id=\"style-css-av-189ggq-67c1016a3ebc1dad519f4c54bc247c0d\">\n.flex_column.av-189ggq-67c1016a3ebc1dad519f4c54bc247c0d{\npadding:0 0 0 30px;\n}\n<\/style>\n<div class='flex_column av-189ggq-67c1016a3ebc1dad519f4c54bc247c0d av_two_fifth  avia-builder-el-5  el_after_av_heading  el_before_av_three_fifth  first flex_column_table_cell av-equal-height-column av-align-top '   ><p>\n<style type=\"text\/css\" data-created_by=\"avia_inline_auto\" id=\"style-css-av-13okia-b7c3af165465de4698201dd8dc662c4f\">\n#top .av-special-heading.av-13okia-b7c3af165465de4698201dd8dc662c4f{\npadding-bottom:10px;\nfont-size:22px;\n}\n.av-special-heading.av-13okia-b7c3af165465de4698201dd8dc662c4f .av-subheading{\nfont-size:17px;\ncolor:#09bed6;\n}\n<\/style>\n<div  class='av-special-heading av-13okia-b7c3af165465de4698201dd8dc662c4f av-special-heading-h3 custom-color-heading blockquote modern-quote  avia-builder-el-6  el_before_av_iconlist  avia-builder-el-first  sub-t-clr av-inherit-size '><div class='av-subheading av-subheading_above '><p>Kontaktiere uns<\/p>\n<\/div><h3 class='av-special-heading-tag '  itemprop=\"headline\"  >Zahnklinik Turkuazport<\/h3><div class='special-heading-border'><div class='special-heading-inner-border'><\/div><\/div><\/div><br \/>\n\n<style type=\"text\/css\" data-created_by=\"avia_inline_auto\" id=\"style-css-av-w7kv6-c6cd66fa4bfd9c347037d4aa8dd92785\">\n#top .avia-icon-list-container.av-w7kv6-c6cd66fa4bfd9c347037d4aa8dd92785 .iconlist_icon{\nbackground-color:#177790;\n}\n<\/style>\n<div  class='avia-icon-list-container av-w7kv6-c6cd66fa4bfd9c347037d4aa8dd92785  avia-builder-el-7  el_after_av_heading  avia-builder-el-last  hours-lis '><ul class='avia-icon-list avia_animate_when_almost_visible avia-icon-list-left av-iconlist-big av-w7kv6-c6cd66fa4bfd9c347037d4aa8dd92785 avia-iconlist-animate'>\n<li><div class='iconlist_icon av-ad6oi-65ce212b3511f3d4a287dbfbb23ec107 avia-font-lvy_'><span class='iconlist-char ' aria-hidden='true' data-av_icon='\uf177' data-av_iconfont='lvy_'><\/span><\/div><article class=\"article-icon-entry av-iconlist-empty\"  itemscope=\"itemscope\" itemtype=\"https:\/\/schema.org\/CreativeWork\" ><div class='iconlist_content_wrap'><header class=\"entry-content-header\"><h4 class='av_iconlist_title iconlist_title   '  itemprop=\"headline\" >Akdeniz Mah. Atat\u00fcrk Cad. No:162\/A Gegen\u00fcber der Kantar-Polizeistation Pasaport \u2013 Alsancak \u2013 \u0130ZM\u0130R - TURKEI<\/h4><\/header><div class='iconlist_content  '  itemprop=\"text\" ><\/div><\/div><footer class=\"entry-footer\"><\/footer><\/article><div class='iconlist-timeline'><\/div><\/li>\n<li><div class='iconlist_icon av-inotm-86928a30c420716d51dc8ef8feb566ef avia-font-lvy_'><span class='iconlist-char ' aria-hidden='true' data-av_icon='\uf100' data-av_iconfont='lvy_'><\/span><\/div><article class=\"article-icon-entry av-iconlist-empty\"  itemscope=\"itemscope\" itemtype=\"https:\/\/schema.org\/CreativeWork\" ><div class='iconlist_content_wrap'><header class=\"entry-content-header\"><h4 class='av_iconlist_title iconlist_title   '  itemprop=\"headline\" >+90 501 333 10 83<br \/>\n+90 232 683 10 83<\/h4><\/header><div class='iconlist_content  '  itemprop=\"text\" ><\/div><\/div><footer class=\"entry-footer\"><\/footer><\/article><div class='iconlist-timeline'><\/div><\/li>\n<li><div class='iconlist_icon av-ad6oi-238e9bcf5c9ced7617225b613e8a3c61 avia-font-lvy_'><span class='iconlist-char ' aria-hidden='true' data-av_icon='\uf174' data-av_iconfont='lvy_'><\/span><\/div><article class=\"article-icon-entry av-iconlist-empty\"  itemscope=\"itemscope\" itemtype=\"https:\/\/schema.org\/CreativeWork\" ><div class='iconlist_content_wrap'><header class=\"entry-content-header\"><h4 class='av_iconlist_title iconlist_title   '  itemprop=\"headline\" >+90 501 333 10 83 <img loading=\"lazy\" decoding=\"async\" src=\"https:\/\/turkuazport.com\/de\/wp-content\/uploads\/2021\/09\/wp-1.png\" alt=\"\" width=\"30\" height=\"26\" \/><br \/>\n+90 232 683 10 83<\/h4><\/header><div class='iconlist_content  '  itemprop=\"text\" ><\/div><\/div><footer class=\"entry-footer\"><\/footer><\/article><div class='iconlist-timeline'><\/div><\/li>\n<li><div class='iconlist_icon av-dv7pu-8c23fde18d2db387c8e4e2c2d2230735 avia-font-lvy_'><span class='iconlist-char ' aria-hidden='true' data-av_icon='\uf181' data-av_iconfont='lvy_'><\/span><\/div><article class=\"article-icon-entry av-iconlist-empty\"  itemscope=\"itemscope\" itemtype=\"https:\/\/schema.org\/CreativeWork\" ><div class='iconlist_content_wrap'><header class=\"entry-content-header\"><h4 class='av_iconlist_title iconlist_title   '  itemprop=\"headline\" >info@turkuazport.com<\/h4><\/header><div class='iconlist_content  '  itemprop=\"text\" ><\/div><\/div><footer class=\"entry-footer\"><\/footer><\/article><div class='iconlist-timeline'><\/div><\/li>\n<\/ul><\/div><\/p><\/div><div class='av-flex-placeholder'><\/div>\n<style type=\"text\/css\" data-created_by=\"avia_inline_auto\" id=\"style-css-av-17jeyq-fa913f76218ae3034be229d4a1373edc\">\n.flex_column.av-17jeyq-fa913f76218ae3034be229d4a1373edc{\npadding:0 0 0 30px;\n}\n<\/style>\n<div class='flex_column av-17jeyq-fa913f76218ae3034be229d4a1373edc av_three_fifth  avia-builder-el-8  el_after_av_two_fifth  el_before_av_one_half  flex_column_table_cell av-equal-height-column av-align-top '   ><p>\n<style type=\"text\/css\" data-created_by=\"avia_inline_auto\" id=\"style-css-av-amley-936ac382858737a10b3b1a8df26906f1\">\n#top .av-special-heading.av-amley-936ac382858737a10b3b1a8df26906f1{\npadding-bottom:10px;\nfont-size:22px;\n}\n.av-special-heading.av-amley-936ac382858737a10b3b1a8df26906f1 .av-subheading{\nfont-size:17px;\ncolor:#09bed6;\n}\n<\/style>\n<div  class='av-special-heading av-amley-936ac382858737a10b3b1a8df26906f1 av-special-heading-h3 custom-color-heading blockquote modern-quote  avia-builder-el-9  el_before_av_contact  avia-builder-el-first  sub-t-clr av-inherit-size '><div class='av-subheading av-subheading_above '><p>Kontaktiere uns<\/p>\n<\/div><h3 class='av-special-heading-tag '  itemprop=\"headline\"  >Kontakt Formular<\/h3><div class='special-heading-border'><div class='special-heading-inner-border'><\/div><\/div><\/div><br \/>\n<form action=\"https:\/\/turkuazport.com\/de\/kontakt\/\" method=\"post\"  class=\"avia_ajax_form av-form-labels-hidden   avia-builder-el-10  el_after_av_heading  el_before_av_textblock   \" data-avia-form-id=\"1\" data-avia-redirect='' ><fieldset><p class='  first_form  form_element form_element_third' id='element_avia_1_1'><label for=\"avia_1_1\">Name <abbr class=\"required\" title=\"ben\u00f6tigt\">*<\/abbr><\/label> <input name=\"avia_1_1\" class=\"text_input is_empty\" type=\"text\" id=\"avia_1_1\" value=\"\"  placeholder='Name*'\/><\/p><p class='  form_element form_element_third' id='element_avia_2_1'><label for=\"avia_2_1\">E-Mail<\/label> <input name=\"avia_2_1\" class=\"text_input \" type=\"text\" id=\"avia_2_1\" value=\"\"  placeholder='E-Mail'\/><\/p><p class='  form_element form_element_third' id='element_avia_3_1'><label for=\"avia_3_1\">Thema <abbr class=\"required\" title=\"ben\u00f6tigt\">*<\/abbr><\/label> <input name=\"avia_3_1\" class=\"text_input is_empty\" type=\"text\" id=\"avia_3_1\" value=\"\"  placeholder='Thema*'\/><\/p><p class='  first_form  form_element form_fullwidth' id='element_avia_4_1'><label for=\"avia_4_1\" class=\"textare_label hidden textare_label_avia_4_1\">Ihre Nachricht <abbr class=\"required\" title=\"ben\u00f6tigt\">*<\/abbr><\/label><textarea  placeholder='Ihre Nachricht*' name=\"avia_4_1\" class=\"text_area is_empty\" cols=\"40\" rows=\"7\" id=\"avia_4_1\" ><\/textarea><\/p><p class=\"hidden\"><input type=\"text\" name=\"avia_5_1\" class=\"hidden \" id=\"avia_5_1\" value=\"\" \/><\/p><div id='avia_6_1' class='av-recaptcha-area  first_form  form_element form_fullwidth '  data-container_class=\"\" data-custom_class=\"\" data-context=\"av_contact_form\" data-token_input=\"av_recaptcha_token\" data-version=\"avia_recaptcha_v2\" data-theme=\"light\" data-size=\"normal\" data-score=\"0.5\" data-text_to_preview=\"\" data-value=\"\"><div class=\"av-google-badge-message hidden\">Diese Seite wird durch reCAPTCHA gesch\u00fctzt und es gelten die Google <a href=\"https:\/\/policies.google.com\/privacy\">Datenschutzerkl\u00e4rungen<\/a> und <a href=\"https:\/\/policies.google.com\/terms\">Nutzungsbedingungen<\/a><\/div><\/div><p class=\"form_element \"><input type=\"hidden\" value=\"1\" name=\"avia_generated_form1\" \/><input type=\"submit\" value=\"Senden\" class=\"button\"  data-sending-label=\"Sende\"\/><\/p><\/fieldset><div class=\"avia-disabled-form\">Dieses Kontaktformular ist momentan deaktiviert, da Sie den Google reCAPTCHA-Service noch nicht akzeptiert haben. Dieser ist f\u00fcr die Validierung des Sendevorgangs jedoch notwendig<\/div><\/form><div id=\"ajaxresponse_1\" class=\"ajaxresponse ajaxresponse_1 hidden\"><\/div><br \/>\n<section class=\"av_textblock_section \"  itemscope=\"itemscope\" itemtype=\"https:\/\/schema.org\/CreativeWork\" ><div class='avia_textblock  av_inherit_color '  style='color:#000000; '  itemprop=\"text\" ><p><strong>Unsere Bankinformationen<\/strong><\/p>\n<p>T\u00fcrkiye \u0130\u015f Bankas\u0131 \u015eirinyer &#8211; TL KONTO<\/p>\n<p>TR37 0006 4000 0013 4191 2034 72<\/p>\n<p>T\u00fcrkiye \u0130\u015f Bankas\u0131 \u015eirinyer &#8211; EUR KONTO<\/p>\n<p>TR19 0006 4000 0023 4190 3665 84<\/p>\n<p>T\u00fcrkiye \u0130\u015f Bankas\u0131 \u015eirinyer &#8211; USD KONTO<\/p>\n<p>TR44 0006 4000 0023 4190 3687 53<\/p>\n<\/div><\/section><\/p><\/div><\/div><!--close column table wrapper. Autoclose: 1 --><div class='flex_column av-1rope-a521a0cf1c51b5e1844615c410ac5c78 av_one_half  avia-builder-el-12  el_after_av_three_fifth  el_before_av_one_half  first flex_column_div '   ><\/div><div class='flex_column av-7unf6-619b40db68414f45e967a1bef5de4bac av_one_half  avia-builder-el-13  el_after_av_one_half  avia-builder-el-last  flex_column_div '   ><\/div><\/div><\/div><\/div><!-- close content main div --><\/div><\/div><div id='after_section_1'  class='main_color av_default_container_wrap container_wrap sidebar_right'  ><div class='container av-section-cont-open' ><div class='template-page content  av-content-small alpha units'><div class='post-entry post-entry-type-page post-entry-346'><div class='entry-content-wrapper clearfix'>\n","protected":false},"excerpt":{"rendered":"","protected":false},"author":1,"featured_media":0,"parent":0,"menu_order":0,"comment_status":"closed","ping_status":"closed","template":"","meta":{"footnotes":""},"class_list":["post-346","page","type-page","status-publish","hentry"],"_links":{"self":[{"href":"https:\/\/turkuazport.com\/de\/wp-json\/wp\/v2\/pages\/346","targetHints":{"allow":["GET"]}}],"collection":[{"href":"https:\/\/turkuazport.com\/de\/wp-json\/wp\/v2\/pages"}],"about":[{"href":"https:\/\/turkuazport.com\/de\/wp-json\/wp\/v2\/types\/page"}],"author":[{"embeddable":true,"href":"https:\/\/turkuazport.com\/de\/wp-json\/wp\/v2\/users\/1"}],"replies":[{"embeddable":true,"href":"https:\/\/turkuazport.com\/de\/wp-json\/wp\/v2\/comments?post=346"}],"version-history":[{"count":80,"href":"https:\/\/turkuazport.com\/de\/wp-json\/wp\/v2\/pages\/346\/revisions"}],"predecessor-version":[{"id":1590,"href":"https:\/\/turkuazport.com\/de\/wp-json\/wp\/v2\/pages\/346\/revisions\/1590"}],"wp:attachment":[{"href":"https:\/\/turkuazport.com\/de\/wp-json\/wp\/v2\/media?parent=346"}],"curies":[{"name":"wp","href":"https:\/\/api.w.org\/{rel}","templated":true}]}}