{"id":763,"date":"2022-01-13T14:02:20","date_gmt":"2022-01-13T11:02:20","guid":{"rendered":"https:\/\/turkuazport.com\/de\/?page_id=763"},"modified":"2025-10-15T23:14:56","modified_gmt":"2025-10-15T20:14:56","slug":"karies","status":"publish","type":"page","link":"https:\/\/turkuazport.com\/de\/karies\/","title":{"rendered":"Karies"},"content":{"rendered":"<div id='av-layout-grid-1'  class='av-layout-grid-container entry-content-wrapper main_color av-flex-cells     avia-builder-el-0  el_before_av_section  avia-builder-el-first  ana-hizmet-grid container_wrap sidebar_right'  >\n<div class=\"flex_cell no_margin av_one_full  avia-builder-el-1  avia-builder-el-no-sibling   \"  style='vertical-align:top; padding:30px; ' ><div class='flex_cell_inner' ><p>\n<style type=\"text\/css\" data-created_by=\"avia_inline_auto\" id=\"style-css-av-cynyz-69d316e44f4fe967df6e28ded7a2979b\">\n#top .hr.hr-invisible.av-cynyz-69d316e44f4fe967df6e28ded7a2979b{\nheight:50px;\n}\n<\/style>\n<div  class='hr av-cynyz-69d316e44f4fe967df6e28ded7a2979b hr-invisible  avia-builder-el-2  el_before_av_heading  avia-builder-el-first  '><span class='hr-inner '><span class=\"hr-inner-style\"><\/span><\/span><\/div><br \/>\n\n<style type=\"text\/css\" data-created_by=\"avia_inline_auto\" id=\"style-css-av-3gffuj-ee714b9988776e08eced9d471c5cab19\">\n#top .av-special-heading.av-3gffuj-ee714b9988776e08eced9d471c5cab19{\npadding-bottom:10px;\ncolor:#edfafc;\nfont-size:100px;\n}\n.av-special-heading.av-3gffuj-ee714b9988776e08eced9d471c5cab19 .special-heading-inner-border{\nborder-color:#edfafc;\n}\n<\/style>\n<div  class='av-special-heading av-3gffuj-ee714b9988776e08eced9d471c5cab19 av-special-heading-h2 custom-color-heading blockquote modern-quote modern-centered  avia-builder-el-3  el_after_av_hr  el_before_av_heading  lg-title av-inherit-size '><h2 class='av-special-heading-tag '  itemprop=\"headline\"  >Turkuaz Dental<\/h2><div class='special-heading-border'><div class='special-heading-inner-border'><\/div><\/div><\/div><br \/>\n\n<style type=\"text\/css\" data-created_by=\"avia_inline_auto\" id=\"style-css-av-kycv4hz0-209ae85f0da3e8a3cb512033a05ae2c6\">\n#top .av-special-heading.av-kycv4hz0-209ae85f0da3e8a3cb512033a05ae2c6{\npadding-bottom:10px;\nfont-size:50px;\n}\n<\/style>\n<div  class='av-special-heading av-kycv4hz0-209ae85f0da3e8a3cb512033a05ae2c6 av-special-heading-h2 blockquote modern-quote modern-centered  avia-builder-el-4  el_after_av_heading  el_before_av_font_icon  title-with-border av-inherit-size '><h2 class='av-special-heading-tag '  itemprop=\"headline\"  >Karies<\/h2><div class='special-heading-border'><div class='special-heading-inner-border'><\/div><\/div><\/div><br \/>\n\n<style type=\"text\/css\" data-created_by=\"avia_inline_auto\" id=\"style-css-av-kycv5mvo-c802a35349fbe10f19f2cd6f64d04d07\">\n.av_font_icon.av-kycv5mvo-c802a35349fbe10f19f2cd6f64d04d07{\ncolor:#0adeff;\nborder-color:#0adeff;\n}\n.av_font_icon.av-kycv5mvo-c802a35349fbe10f19f2cd6f64d04d07 .av-icon-char{\nfont-size:70px;\nline-height:70px;\n}\n<\/style>\n<span  class=\"av_font_icon av-kycv5mvo-c802a35349fbe10f19f2cd6f64d04d07 avia_animate_when_visible av-icon-style- avia-icon-pos-center avia-icon-animate \"><span class='av-icon-char' aria-hidden='true' data-av_icon='009-decay' data-av_iconfont='dentist' ><\/span><\/span><br \/>\n\n<style type=\"text\/css\" data-created_by=\"avia_inline_auto\" id=\"style-css-av-3avyir-cd8d37212cc21ee768822defc1a047cc\">\n#top .hr.hr-invisible.av-3avyir-cd8d37212cc21ee768822defc1a047cc{\nheight:50px;\n}\n<\/style>\n<div  class='hr av-3avyir-cd8d37212cc21ee768822defc1a047cc hr-invisible  avia-builder-el-6  el_after_av_font_icon  el_before_av_one_half  '><span class='hr-inner '><span class=\"hr-inner-style\"><\/span><\/span><\/div><br \/>\n<div class='flex_column av-32w66j-0ba8299dd81a002cc155813f09a8155c av_one_half  avia-builder-el-7  el_after_av_hr  el_before_av_one_half  first flex_column_div  av-animated-generic left-to-right '   ><style type=\"text\/css\" data-created_by=\"avia_inline_auto\" id=\"style-css-av-kycv4vor-d45394f59a81efdce12a491b18f3d853\">\n.avia-image-container.av-kycv4vor-d45394f59a81efdce12a491b18f3d853 .av-image-caption-overlay-center{\ncolor:#ffffff;\n}\n<\/style>\n<div  class='avia-image-container av-kycv4vor-d45394f59a81efdce12a491b18f3d853 av-styling- avia_animated_image avia_animate_when_almost_visible fade-in avia-align-center  avia-builder-el-8  avia-builder-el-no-sibling  '  itemprop=\"image\" itemscope=\"itemscope\" itemtype=\"https:\/\/schema.org\/ImageObject\" ><div class=\"avia-image-container-inner\"><div class=\"avia-image-overlay-wrap\"><img decoding=\"async\" class='wp-image-765 avia-img-lazy-loading-not-765 avia_image' src=\"https:\/\/turkuazport.com\/de\/wp-content\/uploads\/2022\/01\/discurukleri.jpg\" alt='' title='Opened mouth with dental equipment mirror. Decay caries healing'  height=\"667\" width=\"1000\"  itemprop=\"thumbnailUrl\" srcset=\"https:\/\/turkuazport.com\/de\/wp-content\/uploads\/2022\/01\/discurukleri.jpg 1000w, https:\/\/turkuazport.com\/de\/wp-content\/uploads\/2022\/01\/discurukleri-300x200.jpg 300w, https:\/\/turkuazport.com\/de\/wp-content\/uploads\/2022\/01\/discurukleri-768x512.jpg 768w, https:\/\/turkuazport.com\/de\/wp-content\/uploads\/2022\/01\/discurukleri-705x470.jpg 705w\" sizes=\"(max-width: 1000px) 100vw, 1000px\" \/><\/div><\/div><\/div><\/div>\n<style type=\"text\/css\" data-created_by=\"avia_inline_auto\" id=\"style-css-av-2wrmd7-2d10bf5b7c2439470e6372a34aca4f80\">\n.flex_column.av-2wrmd7-2d10bf5b7c2439470e6372a34aca4f80{\npadding:0 0 0 30px;\n}\n<\/style>\n<div class='flex_column av-2wrmd7-2d10bf5b7c2439470e6372a34aca4f80 av_one_half  avia-builder-el-9  el_after_av_one_half  avia-builder-el-last  flex_column_div  av-animated-generic right-to-left '   ><p>\n<style type=\"text\/css\" data-created_by=\"avia_inline_auto\" id=\"style-css-av-2sfyyz-d5cbb87831cf0473222a62be4b042ebf\">\n#top .av-special-heading.av-2sfyyz-d5cbb87831cf0473222a62be4b042ebf{\npadding-bottom:0px;\nfont-size:24px;\n}\n<\/style>\n<div  class='av-special-heading av-2sfyyz-d5cbb87831cf0473222a62be4b042ebf av-special-heading-h3 blockquote modern-quote  avia-builder-el-10  el_before_av_textblock  avia-builder-el-first  alt-title av-inherit-size '><h3 class='av-special-heading-tag '  itemprop=\"headline\"  >Was ist ein fauler Zahn?<\/h3><div class='special-heading-border'><div class='special-heading-inner-border'><\/div><\/div><\/div><br \/>\n<section class=\"av_textblock_section \"  itemscope=\"itemscope\" itemtype=\"https:\/\/schema.org\/CreativeWork\" ><div class='avia_textblock  '   itemprop=\"text\" ><p>Zahnkaries, die Menschen jeden Alters betreffen kann, entsteht, wenn Bakterien in Form von d\u00fcnnem Zahnbelag auf den Z\u00e4hnen die \u00e4u\u00dfere harte Oberfl\u00e4che des Zahns zerst\u00f6ren. Durch den Verzehr von zuckerhaltigen Lebensmitteln produzieren die Bakterien in den Plaques, die sich auf den Z\u00e4hnen gebildet haben, S\u00e4uren, die den Zahnschmelz angreifen. Aufgrund der klebrigen Beschaffenheit der Plaques bleiben die gebildeten S\u00e4uren in st\u00e4ndigem Kontakt mit den Z\u00e4hnen und die Zahnoberfl\u00e4che zersetzt sich mit der Zeit. In solchen F\u00e4llen kommt es zu Karies und Karies in den Z\u00e4hnen. Zahnwurzeln sind empfindlicher als Zahnoberfl\u00e4chen und daher anf\u00e4lliger f\u00fcr Karies. Kariesempfindliche Z\u00e4hne reagieren generell empfindlicher auf K\u00e4lte und Hitze. W\u00e4hrend oberfl\u00e4chliche Karies bei Kindern und Jugendlichen h\u00e4ufiger auftritt, kommt es bei Personen \u00fcber 45 Jahren h\u00e4ufiger zu Bluterg\u00fcssen an den Zahnwurzeln. Auch bei Erwachsenen kommt es h\u00e4ufig zu Karies an den Zahnr\u00e4ndern.<\/p>\n<\/div><\/section><br \/>\n\n<style type=\"text\/css\" data-created_by=\"avia_inline_auto\" id=\"style-css-av-2cljh7-ce326215405d3e635a6c478f24ffa1fc\">\n#top .av-special-heading.av-2cljh7-ce326215405d3e635a6c478f24ffa1fc{\npadding-bottom:0px;\nfont-size:24px;\n}\n<\/style>\n<div  class='av-special-heading av-2cljh7-ce326215405d3e635a6c478f24ffa1fc av-special-heading-h3 blockquote modern-quote  avia-builder-el-12  el_after_av_textblock  el_before_av_textblock  alt-title av-inherit-size '><h3 class='av-special-heading-tag '  itemprop=\"headline\"  >Was sind die Symptome von verfallenen Z\u00e4hnen?<\/h3><div class='special-heading-border'><div class='special-heading-inner-border'><\/div><\/div><\/div><br \/>\n<section class=\"av_textblock_section \"  itemscope=\"itemscope\" itemtype=\"https:\/\/schema.org\/CreativeWork\" ><div class='avia_textblock  '   itemprop=\"text\" ><p>Anzeichen von verfallenen Z\u00e4hnen; Sie kann je nach Lage, Gr\u00f6\u00dfe und Tiefe der Karies im Zahn variieren. Wenn F\u00e4ulnis und Karies gerade erst auftreten, treten m\u00f6glicherweise keine Symptome auf. Wenn die F\u00e4ule w\u00e4chst, k\u00f6nnen folgende Symptome auftreten:<\/p>\n<\/div><\/section><br \/>\n<div  class='avia-icon-list-container av-kycvaosz-513baaaaba746c43147c24cf73a9c63a  avia-builder-el-14  el_after_av_textblock  el_before_av_textblock  '><ul class='avia-icon-list avia_animate_when_almost_visible avia-icon-list-left av-iconlist-small av-kycvaosz-513baaaaba746c43147c24cf73a9c63a avia-iconlist-animate'>\n<li><div class='iconlist_icon av-kycvavy5-6aadefd31521ae5dc1d406867e2533cf avia-font-entypo-fontello'><span class='iconlist-char ' aria-hidden='true' data-av_icon='\ue812' data-av_iconfont='entypo-fontello'><\/span><\/div><article class=\"article-icon-entry av-iconlist-empty\"  itemscope=\"itemscope\" itemtype=\"https:\/\/schema.org\/CreativeWork\" ><div class='iconlist_content_wrap'><header class=\"entry-content-header\"><div class='av_iconlist_title iconlist_title_small   '  itemprop=\"headline\" >Zahnschmerzen, die ohne ersichtlichen Grund auftreten,<\/div><\/header><div class='iconlist_content  '  itemprop=\"text\" ><\/div><\/div><footer class=\"entry-footer\"><\/footer><\/article><div class='iconlist-timeline'><\/div><\/li>\n<li><div class='iconlist_icon av-kycvavy5-59431225698971cad3e96cfbaaa1f15f avia-font-entypo-fontello'><span class='iconlist-char ' aria-hidden='true' data-av_icon='\ue812' data-av_iconfont='entypo-fontello'><\/span><\/div><article class=\"article-icon-entry av-iconlist-empty\"  itemscope=\"itemscope\" itemtype=\"https:\/\/schema.org\/CreativeWork\" ><div class='iconlist_content_wrap'><header class=\"entry-content-header\"><div class='av_iconlist_title iconlist_title_small   '  itemprop=\"headline\" >Z\u00e4hne sind empfindlicher als normal,<\/div><\/header><div class='iconlist_content  '  itemprop=\"text\" ><\/div><\/div><footer class=\"entry-footer\"><\/footer><\/article><div class='iconlist-timeline'><\/div><\/li>\n<li><div class='iconlist_icon av-kycvavy5-7c308f4d8b03e75bf1cfe6d46a2e8719 avia-font-entypo-fontello'><span class='iconlist-char ' aria-hidden='true' data-av_icon='\ue812' data-av_iconfont='entypo-fontello'><\/span><\/div><article class=\"article-icon-entry av-iconlist-empty\"  itemscope=\"itemscope\" itemtype=\"https:\/\/schema.org\/CreativeWork\" ><div class='iconlist_content_wrap'><header class=\"entry-content-header\"><div class='av_iconlist_title iconlist_title_small   '  itemprop=\"headline\" >Leichte oder stechende Schmerzen in den Z\u00e4hnen beim Trinken von s\u00fc\u00dfen, hei\u00dfen, kalten Getr\u00e4nken oder beim Essen von Speisen,<\/div><\/header><div class='iconlist_content  '  itemprop=\"text\" ><\/div><\/div><footer class=\"entry-footer\"><\/footer><\/article><div class='iconlist-timeline'><\/div><\/li>\n<li><div class='iconlist_icon av-kycvavy5-170664477b59b31aae73bc31bb7af122 avia-font-entypo-fontello'><span class='iconlist-char ' aria-hidden='true' data-av_icon='\ue812' data-av_iconfont='entypo-fontello'><\/span><\/div><article class=\"article-icon-entry av-iconlist-empty\"  itemscope=\"itemscope\" itemtype=\"https:\/\/schema.org\/CreativeWork\" ><div class='iconlist_content_wrap'><header class=\"entry-content-header\"><div class='av_iconlist_title iconlist_title_small   '  itemprop=\"headline\" >Sichtbare L\u00f6cher oder blaue Flecken in den Z\u00e4hnen,<\/div><\/header><div class='iconlist_content  '  itemprop=\"text\" ><\/div><\/div><footer class=\"entry-footer\"><\/footer><\/article><div class='iconlist-timeline'><\/div><\/li>\n<li><div class='iconlist_icon av-kycvavy5-8347a298fa78b25a3659497ec30411e0 avia-font-entypo-fontello'><span class='iconlist-char ' aria-hidden='true' data-av_icon='\ue812' data-av_iconfont='entypo-fontello'><\/span><\/div><article class=\"article-icon-entry av-iconlist-empty\"  itemscope=\"itemscope\" itemtype=\"https:\/\/schema.org\/CreativeWork\" ><div class='iconlist_content_wrap'><header class=\"entry-content-header\"><div class='av_iconlist_title iconlist_title_small   '  itemprop=\"headline\" >Braune, schwarze oder wei\u00dfe Verf\u00e4rbungen auf jeder Zahnoberfl\u00e4che,<\/div><\/header><div class='iconlist_content  '  itemprop=\"text\" ><\/div><\/div><footer class=\"entry-footer\"><\/footer><\/article><div class='iconlist-timeline'><\/div><\/li>\n<li><div class='iconlist_icon av-kycvavy5-a53eca88bae86dcb26675502e545b43d avia-font-entypo-fontello'><span class='iconlist-char ' aria-hidden='true' data-av_icon='\ue812' data-av_iconfont='entypo-fontello'><\/span><\/div><article class=\"article-icon-entry av-iconlist-empty\"  itemscope=\"itemscope\" itemtype=\"https:\/\/schema.org\/CreativeWork\" ><div class='iconlist_content_wrap'><header class=\"entry-content-header\"><div class='av_iconlist_title iconlist_title_small   '  itemprop=\"headline\" >Schmerzen, die beim Bei\u00dfen von Nahrungsmitteln auftreten.<\/div><\/header><div class='iconlist_content  '  itemprop=\"text\" ><\/div><\/div><footer class=\"entry-footer\"><\/footer><\/article><div class='iconlist-timeline'><\/div><\/li>\n<\/ul><\/div><br \/>\n<section class=\"av_textblock_section \"  itemscope=\"itemscope\" itemtype=\"https:\/\/schema.org\/CreativeWork\" ><div class='avia_textblock  '   itemprop=\"text\" ><p>Zus\u00e4tzlich zu diesen Symptomen f\u00fchrt das Fortschreiten der Karies zu Mundgeruch. Wenn Zahnkaries nicht rechtzeitig behandelt wird, ist es m\u00f6glich, dass die gesamte Oberfl\u00e4che und Wurzel des Zahns erreicht wird. In solchen F\u00e4llen ist es f\u00fcr eine Behandlung zu sp\u00e4t.<\/p>\n<\/div><\/section><\/p><\/div><\/p>\n<\/div><\/div>\n<\/div>\n<div id='av_section_1'  class='avia-section av-vchl7-f3fa3dd54610a6efb26732203bb9b1cf main_color avia-section-default avia-no-border-styling  avia-builder-el-16  el_after_av_layout_row  el_before_av_section  avia-bg-style-scroll  container_wrap sidebar_right'  ><div class='container av-section-cont-open' ><div class='template-page content  av-content-small alpha units'><div class='post-entry post-entry-type-page post-entry-763'><div class='entry-content-wrapper clearfix'>\n<div class='flex_column av-rs5zn-31af733cc34f23e6a1bdf71e4820651b av_one_fourth  avia-builder-el-17  el_before_av_one_half  avia-builder-el-first  first flex_column_div '   ><\/div>\n<style type=\"text\/css\" data-created_by=\"avia_inline_auto\" id=\"style-css-av-j68kz-d120b0b7f95d9f6f51942eed0bf46dcd\">\n.flex_column.av-j68kz-d120b0b7f95d9f6f51942eed0bf46dcd{\nborder-radius:10px 10px 10px 10px;\n-webkit-border-radius:10px 10px 10px 10px;\n-moz-border-radius:10px 10px 10px 10px;\npadding:30px 30px 0px 30px;\nbackground-color:#f2f2f2;\n}\n<\/style>\n<div class='flex_column av-j68kz-d120b0b7f95d9f6f51942eed0bf46dcd av_one_half  avia-builder-el-18  el_after_av_one_fourth  el_before_av_one_fourth  flex_column_div  av-animated-generic right-to-left '   ><section class=\"av_textblock_section \"  itemscope=\"itemscope\" itemtype=\"https:\/\/schema.org\/CreativeWork\" ><div class='avia_textblock  '   itemprop=\"text\" >\n<div class=\"wpcf7 no-js\" id=\"wpcf7-f317-o1\" lang=\"tr-TR\" dir=\"ltr\">\n<div class=\"screen-reader-response\"><p role=\"status\" aria-live=\"polite\" aria-atomic=\"true\"><\/p> <ul><\/ul><\/div>\n<form action=\"\/de\/wp-json\/wp\/v2\/pages\/763#wpcf7-f317-o1\" method=\"post\" class=\"wpcf7-form init\" aria-label=\"Contact form\" novalidate=\"novalidate\" data-status=\"init\">\n<div style=\"display: none;\">\n<input type=\"hidden\" name=\"_wpcf7\" value=\"317\" \/>\n<input type=\"hidden\" name=\"_wpcf7_version\" value=\"5.7.7\" \/>\n<input type=\"hidden\" name=\"_wpcf7_locale\" value=\"tr_TR\" \/>\n<input type=\"hidden\" name=\"_wpcf7_unit_tag\" value=\"wpcf7-f317-o1\" \/>\n<input type=\"hidden\" name=\"_wpcf7_container_post\" value=\"0\" \/>\n<input type=\"hidden\" name=\"_wpcf7_posted_data_hash\" value=\"\" \/>\n<\/div>\n<div class=\"cf-sl-form\">\n\t<div class=\"cf-baslik\">\n\t\t<p>Einen Termin machen\n\t\t<\/p>\n\t<\/div>\n\t<div class=\"cf-col-4\">\n\t\t<p><span class=\"wpcf7-form-control-wrap\" data-name=\"your-name\"><input size=\"40\" class=\"wpcf7-form-control wpcf7-text wpcf7-validates-as-required\" aria-required=\"true\" aria-invalid=\"false\" placeholder=\"Name\" value=\"\" type=\"text\" name=\"your-name\" \/><\/span>\n\t\t<\/p>\n\t<\/div>\n\t<div class=\"cf-col-4\">\n\t\t<p><span class=\"wpcf7-form-control-wrap\" data-name=\"your-email\"><input size=\"40\" class=\"wpcf7-form-control wpcf7-text wpcf7-email wpcf7-validates-as-required wpcf7-validates-as-email\" aria-required=\"true\" aria-invalid=\"false\" placeholder=\"E-Mail\" value=\"\" type=\"email\" name=\"your-email\" \/><\/span>\n\t\t<\/p>\n\t<\/div>\n\t<div class=\"cf-col-4\">\n\t\t<p><span class=\"wpcf7-form-control-wrap\" data-name=\"phone\"><input size=\"40\" class=\"wpcf7-form-control wpcf7-text wpcf7-tel wpcf7-validates-as-required wpcf7-validates-as-tel\" aria-required=\"true\" aria-invalid=\"false\" placeholder=\"Telefon\" value=\"\" type=\"tel\" name=\"phone\" \/><\/span>\n\t\t<\/p>\n\t<\/div>\n\t<div class=\"cf-col-4\">\n\t\t<p><span class=\"wpcf7-form-control-wrap\" data-name=\"date\"><input class=\"wpcf7-form-control wpcf7-date wpcf7-validates-as-required wpcf7-validates-as-date\" aria-required=\"true\" aria-invalid=\"false\" placeholder=\"Datum\" value=\"\" type=\"date\" name=\"date\" \/><\/span>\n\t\t<\/p>\n\t<\/div>\n\t<div class=\"cf-col-4\">\n\t\t<p><span class=\"wpcf7-form-control-wrap\" data-name=\"message\"><textarea cols=\"40\" rows=\"10\" class=\"wpcf7-form-control wpcf7-textarea wpcf7-validates-as-required\" aria-required=\"true\" aria-invalid=\"false\" placeholder=\"Ihre Nachricht\" name=\"message\"><\/textarea><\/span>\n\t\t<\/p>\n\t<\/div>\n\t<div class=\"cf-col-1\">\n\t\t<p><input class=\"wpcf7-form-control has-spinner wpcf7-submit\" type=\"submit\" value=\"Senden\" \/>\n\t\t<\/p>\n\t<\/div>\n\t<div class=\"cf-slogan\">\n\t\t<p>Lass uns entwerfen<br \/>\n<span>Ihr gemeinsames L\u00e4cheln<\/span>\n\t\t<\/p>\n\t<\/div>\n<\/div><div class=\"wpcf7-response-output\" aria-hidden=\"true\"><\/div>\n<\/form>\n<\/div>\n\n<\/div><\/section><\/div><div class='flex_column av-9gza3-531114fb14ff067ac779de7f572ccfa5 av_one_fourth  avia-builder-el-20  el_after_av_one_half  avia-builder-el-last  flex_column_div '   ><\/div>\n\n<\/div><\/div><\/div><!-- close content main div --><\/div><\/div>\n<style type=\"text\/css\" data-created_by=\"avia_inline_auto\" id=\"style-css-av-1na3qz-0f6045069aa7fa50316aff751d82f659\">\n.avia-section.av-1na3qz-0f6045069aa7fa50316aff751d82f659{\nbackground-color:#f9f9f9;\n}\n<\/style>\n<div id='av_section_2'  class='avia-section av-1na3qz-0f6045069aa7fa50316aff751d82f659 main_color avia-section-small avia-no-border-styling  avia-builder-el-21  el_after_av_section  avia-builder-el-last  menu-alt-sec avia-bg-style-scroll  container_wrap sidebar_right'  ><div class='container av-section-cont-open' ><div class='template-page content  av-content-small alpha units'><div class='post-entry post-entry-type-page post-entry-763'><div class='entry-content-wrapper clearfix'>\n\n<style type=\"text\/css\" data-created_by=\"avia_inline_auto\" id=\"style-css-av-1fzb3n-2b53e516f4c0e6012e7f5efc52e2491f\">\n.flex_column.av-1fzb3n-2b53e516f4c0e6012e7f5efc52e2491f{\npadding:0 20px 0 0;\n}\n<\/style>\n<div class='flex_column av-1fzb3n-2b53e516f4c0e6012e7f5efc52e2491f av_one_third  avia-builder-el-22  el_before_av_one_third  avia-builder-el-first  first no_margin flex_column_div '   ><style type=\"text\/css\" data-created_by=\"avia_inline_auto\" id=\"style-css-av-17xoej-c356fc0a8795cc41b4048530c49480eb\">\n#top #wrap_all .iconbox.av-17xoej-c356fc0a8795cc41b4048530c49480eb .iconbox_content_title{\nfont-size:15px;\n}\n.iconbox.av-17xoej-c356fc0a8795cc41b4048530c49480eb .iconbox_content_container{\nfont-size:15px;\n}\n<\/style>\n<article  class=\"iconbox iconbox_left_content av-17xoej-c356fc0a8795cc41b4048530c49480eb av-icon-style-no-border  avia-builder-el-23  avia-builder-el-no-sibling  \"  itemscope=\"itemscope\" itemtype=\"https:\/\/schema.org\/CreativeWork\" ><div class=\"iconbox_icon heading-color\" aria-hidden='true' data-av_icon='\uf177' data-av_iconfont='lvy_'><\/div><div class=\"iconbox_content\"><header class=\"entry-content-header\"><h3 class='iconbox_content_title  '  itemprop=\"headline\" >ALSANCAK - \u0130ZM\u0130R<\/h3><\/header><div class='iconbox_content_container  '  itemprop=\"text\" ><p>Akdeniz Mah. Atat\u00fcrk Cad. No:162\/A Gegen\u00fcber der Kantar-Polizeistation Pasaport\u2013Alsancak\u2013\u0130ZM\u0130R-TURKEI<\/p>\n<\/div><\/div><footer class=\"entry-footer\"><\/footer><\/article><\/div>\n<style type=\"text\/css\" data-created_by=\"avia_inline_auto\" id=\"style-css-av-3ur6r-fddc369f6155744a88bc6a967824f36f\">\n.flex_column.av-3ur6r-fddc369f6155744a88bc6a967824f36f{\npadding:0 0 0 40px;\n}\n<\/style>\n<div class='flex_column av-3ur6r-fddc369f6155744a88bc6a967824f36f av_one_third  avia-builder-el-24  el_after_av_one_third  el_before_av_one_third  no_margin flex_column_div '   ><style type=\"text\/css\" data-created_by=\"avia_inline_auto\" id=\"style-css-av-vacff-9714c1bbf2d2709796db9e50f37133e8\">\n#top #wrap_all .iconbox.av-vacff-9714c1bbf2d2709796db9e50f37133e8 .iconbox_content_title{\nfont-size:15px;\n}\n.iconbox.av-vacff-9714c1bbf2d2709796db9e50f37133e8 .iconbox_content_container{\nfont-size:15px;\n}\n<\/style>\n<article  class=\"iconbox iconbox_left_content av-vacff-9714c1bbf2d2709796db9e50f37133e8 av-icon-style-no-border  avia-builder-el-25  avia-builder-el-no-sibling  \"  itemscope=\"itemscope\" itemtype=\"https:\/\/schema.org\/CreativeWork\" ><div class=\"iconbox_icon heading-color\" aria-hidden='true' data-av_icon='\uf11b' data-av_iconfont='lvy_'><\/div><div class=\"iconbox_content\"><header class=\"entry-content-header\"><h3 class='iconbox_content_title  '  itemprop=\"headline\" >KONTAKTIERE UNS<\/h3><\/header><div class='iconbox_content_container  '  itemprop=\"text\" ><p><a href=\"tel:+902326831083\">+44 7395 626392<\/a><br \/>\n<a href=\"https:\/\/wa.me\/905013331083\">+90 552 404 1083<\/a><\/p>\n<\/div><\/div><footer class=\"entry-footer\"><\/footer><\/article><\/div>\n<style type=\"text\/css\" data-created_by=\"avia_inline_auto\" id=\"style-css-av-cv677-15a930302f42133ac65e50329ee8f105\">\n.flex_column.av-cv677-15a930302f42133ac65e50329ee8f105{\npadding:0 0 0 40px;\n}\n<\/style>\n<div class='flex_column av-cv677-15a930302f42133ac65e50329ee8f105 av_one_third  avia-builder-el-26  el_after_av_one_third  avia-builder-el-last  no_margin flex_column_div '   ><style type=\"text\/css\" data-created_by=\"avia_inline_auto\" id=\"style-css-av-bhnsj-89fc140f6f090bb980c95112eebd4a09\">\n#top #wrap_all .iconbox.av-bhnsj-89fc140f6f090bb980c95112eebd4a09 .iconbox_content_title{\nfont-size:15px;\n}\n.iconbox.av-bhnsj-89fc140f6f090bb980c95112eebd4a09 .iconbox_content_container{\nfont-size:15px;\n}\n<\/style>\n<article  class=\"iconbox iconbox_left_content av-bhnsj-89fc140f6f090bb980c95112eebd4a09 av-icon-style-no-border  avia-builder-el-27  avia-builder-el-no-sibling  \"  itemscope=\"itemscope\" itemtype=\"https:\/\/schema.org\/CreativeWork\" ><div class=\"iconbox_icon heading-color\" aria-hidden='true' data-av_icon='\uf139' data-av_iconfont='lvy_'><\/div><div class=\"iconbox_content\"><header class=\"entry-content-header\"><h3 class='iconbox_content_title  '  itemprop=\"headline\" >EINEN TERMIN MACHEN<\/h3><\/header><div class='iconbox_content_container  '  itemprop=\"text\" ><p><a href=\"mailto:info@turkuazport.com\">info@turkuazport.com<\/a><\/p>\n<\/div><\/div><footer class=\"entry-footer\"><\/footer><\/article><\/div><\/div><\/div><\/div><!-- close content main div --><\/div><\/div><div id='after_section_2'  class='main_color av_default_container_wrap container_wrap sidebar_right'  ><div class='container av-section-cont-open' ><div class='template-page content  av-content-small alpha units'><div class='post-entry post-entry-type-page post-entry-763'><div class='entry-content-wrapper clearfix'>\n","protected":false},"excerpt":{"rendered":"","protected":false},"author":1,"featured_media":0,"parent":0,"menu_order":0,"comment_status":"closed","ping_status":"closed","template":"","meta":{"footnotes":""},"class_list":["post-763","page","type-page","status-publish","hentry"],"_links":{"self":[{"href":"https:\/\/turkuazport.com\/de\/wp-json\/wp\/v2\/pages\/763","targetHints":{"allow":["GET"]}}],"collection":[{"href":"https:\/\/turkuazport.com\/de\/wp-json\/wp\/v2\/pages"}],"about":[{"href":"https:\/\/turkuazport.com\/de\/wp-json\/wp\/v2\/types\/page"}],"author":[{"embeddable":true,"href":"https:\/\/turkuazport.com\/de\/wp-json\/wp\/v2\/users\/1"}],"replies":[{"embeddable":true,"href":"https:\/\/turkuazport.com\/de\/wp-json\/wp\/v2\/comments?post=763"}],"version-history":[{"count":18,"href":"https:\/\/turkuazport.com\/de\/wp-json\/wp\/v2\/pages\/763\/revisions"}],"predecessor-version":[{"id":1584,"href":"https:\/\/turkuazport.com\/de\/wp-json\/wp\/v2\/pages\/763\/revisions\/1584"}],"wp:attachment":[{"href":"https:\/\/turkuazport.com\/de\/wp-json\/wp\/v2\/media?parent=763"}],"curies":[{"name":"wp","href":"https:\/\/api.w.org\/{rel}","templated":true}]}}