{"id":790,"date":"2022-01-13T14:52:39","date_gmt":"2022-01-13T11:52:39","guid":{"rendered":"https:\/\/turkuazport.com\/de\/?page_id=790"},"modified":"2025-10-15T23:11:39","modified_gmt":"2025-10-15T20:11:39","slug":"endodontie","status":"publish","type":"page","link":"https:\/\/turkuazport.com\/de\/endodontie\/","title":{"rendered":"Endodontie"},"content":{"rendered":"<div id='av-layout-grid-1'  class='av-layout-grid-container entry-content-wrapper main_color av-flex-cells     avia-builder-el-0  el_before_av_section  avia-builder-el-first  ana-hizmet-grid container_wrap sidebar_right'  >\n<div class=\"flex_cell no_margin av_one_full  avia-builder-el-1  avia-builder-el-no-sibling   \"  style='vertical-align:top; padding:30px; ' ><div class='flex_cell_inner' ><p>\n<style type=\"text\/css\" data-created_by=\"avia_inline_auto\" id=\"style-css-av-dhvcm-d3ac97f18724fb93e3798525524a9b89\">\n#top .hr.hr-invisible.av-dhvcm-d3ac97f18724fb93e3798525524a9b89{\nheight:50px;\n}\n<\/style>\n<div  class='hr av-dhvcm-d3ac97f18724fb93e3798525524a9b89 hr-invisible  avia-builder-el-2  el_before_av_heading  avia-builder-el-first  '><span class='hr-inner '><span class=\"hr-inner-style\"><\/span><\/span><\/div><br \/>\n\n<style type=\"text\/css\" data-created_by=\"avia_inline_auto\" id=\"style-css-av-3jkvz2-2798519a80819cd6bafdd4117bbd604c\">\n#top .av-special-heading.av-3jkvz2-2798519a80819cd6bafdd4117bbd604c{\npadding-bottom:10px;\ncolor:#edfafc;\nfont-size:100px;\n}\n.av-special-heading.av-3jkvz2-2798519a80819cd6bafdd4117bbd604c .special-heading-inner-border{\nborder-color:#edfafc;\n}\n<\/style>\n<div  class='av-special-heading av-3jkvz2-2798519a80819cd6bafdd4117bbd604c av-special-heading-h2 custom-color-heading blockquote modern-quote modern-centered  avia-builder-el-3  el_after_av_hr  el_before_av_heading  lg-title av-inherit-size '><h2 class='av-special-heading-tag '  itemprop=\"headline\"  >Turkuaz Dental<\/h2><div class='special-heading-border'><div class='special-heading-inner-border'><\/div><\/div><\/div><br \/>\n\n<style type=\"text\/css\" data-created_by=\"avia_inline_auto\" id=\"style-css-av-c5lp2-ced62715361e432898a82e78d3d2b488\">\n#top .av-special-heading.av-c5lp2-ced62715361e432898a82e78d3d2b488{\npadding-bottom:10px;\nfont-size:50px;\n}\n<\/style>\n<div  class='av-special-heading av-c5lp2-ced62715361e432898a82e78d3d2b488 av-special-heading-h2 blockquote modern-quote modern-centered  avia-builder-el-4  el_after_av_heading  el_before_av_font_icon  title-with-border av-inherit-size '><h2 class='av-special-heading-tag '  itemprop=\"headline\"  >Endodontie<\/h2><div class='special-heading-border'><div class='special-heading-inner-border'><\/div><\/div><\/div><br \/>\n\n<style type=\"text\/css\" data-created_by=\"avia_inline_auto\" id=\"style-css-av-kycx65fq-920b71c10abd827bbb85279645e7997d\">\n.av_font_icon.av-kycx65fq-920b71c10abd827bbb85279645e7997d{\ncolor:#0adeff;\nborder-color:#0adeff;\n}\n.av_font_icon.av-kycx65fq-920b71c10abd827bbb85279645e7997d .av-icon-char{\nfont-size:70px;\nline-height:70px;\n}\n<\/style>\n<span  class=\"av_font_icon av-kycx65fq-920b71c10abd827bbb85279645e7997d avia_animate_when_visible av-icon-style- avia-icon-pos-center avia-icon-animate \"><span class='av-icon-char' aria-hidden='true' data-av_icon='\uf101' data-av_iconfont='endo_' ><\/span><\/span><br \/>\n\n<style type=\"text\/css\" data-created_by=\"avia_inline_auto\" id=\"style-css-av-39lqym-1de2b0a70b6b624064dbce72a56b4c9a\">\n#top .hr.hr-invisible.av-39lqym-1de2b0a70b6b624064dbce72a56b4c9a{\nheight:50px;\n}\n<\/style>\n<div  class='hr av-39lqym-1de2b0a70b6b624064dbce72a56b4c9a hr-invisible  avia-builder-el-6  el_after_av_font_icon  el_before_av_one_half  '><span class='hr-inner '><span class=\"hr-inner-style\"><\/span><\/span><\/div><br \/>\n<div class='flex_column av-34vbxi-82b6649e63373c27d5fa67d97904fe9e av_one_half  avia-builder-el-7  el_after_av_hr  el_before_av_one_half  first flex_column_div  av-animated-generic left-to-right '   ><p>\n<style type=\"text\/css\" data-created_by=\"avia_inline_auto\" id=\"style-css-av-kycwz2gr-30203979c164cfe05f62101f25824975\">\n.avia-image-container.av-kycwz2gr-30203979c164cfe05f62101f25824975 .av-image-caption-overlay-center{\ncolor:#ffffff;\n}\n<\/style>\n<div  class='avia-image-container av-kycwz2gr-30203979c164cfe05f62101f25824975 av-styling- avia_animated_image avia_animate_when_almost_visible fade-in avia-align-center  avia-builder-el-8  el_before_av_heading  avia-builder-el-first  '  itemprop=\"image\" itemscope=\"itemscope\" itemtype=\"https:\/\/schema.org\/ImageObject\" ><div class=\"avia-image-container-inner\"><div class=\"avia-image-overlay-wrap\"><img decoding=\"async\" class='wp-image-793 avia-img-lazy-loading-not-793 avia_image' src=\"https:\/\/turkuazport.com\/de\/wp-content\/uploads\/2022\/01\/endodonti.jpg\" alt='' title='Endodontics'  height=\"666\" width=\"1000\"  itemprop=\"thumbnailUrl\" srcset=\"https:\/\/turkuazport.com\/de\/wp-content\/uploads\/2022\/01\/endodonti.jpg 1000w, https:\/\/turkuazport.com\/de\/wp-content\/uploads\/2022\/01\/endodonti-300x200.jpg 300w, https:\/\/turkuazport.com\/de\/wp-content\/uploads\/2022\/01\/endodonti-768x511.jpg 768w, https:\/\/turkuazport.com\/de\/wp-content\/uploads\/2022\/01\/endodonti-705x470.jpg 705w\" sizes=\"(max-width: 1000px) 100vw, 1000px\" \/><\/div><\/div><\/div><br \/>\n\n<style type=\"text\/css\" data-created_by=\"avia_inline_auto\" id=\"style-css-av-kycxen1e-98ed32f412ae2da94f075231d848e0d5\">\n#top .av-special-heading.av-kycxen1e-98ed32f412ae2da94f075231d848e0d5{\npadding-bottom:0px;\nfont-size:24px;\n}\n<\/style>\n<div  class='av-special-heading av-kycxen1e-98ed32f412ae2da94f075231d848e0d5 av-special-heading-h3 blockquote modern-quote  avia-builder-el-9  el_after_av_image  el_before_av_textblock  alt-title av-inherit-size '><h3 class='av-special-heading-tag '  itemprop=\"headline\"  >Sp\u00fcre ich w\u00e4hrend oder nach dem Eingriff Schmerzen?<\/h3><div class='special-heading-border'><div class='special-heading-inner-border'><\/div><\/div><\/div><br \/>\n<section class=\"av_textblock_section \"  itemscope=\"itemscope\" itemtype=\"https:\/\/schema.org\/CreativeWork\" ><div class='avia_textblock  '   itemprop=\"text\" ><p>Dank moderner Techniken und An\u00e4sthetika versp\u00fcren die Patienten w\u00e4hrend des Eingriffs keine Schmerzen. Eine leichte Zahnempfindlichkeit in den ersten Tagen nach der Behandlung ist eine normal zu erwartende Nebenwirkung.<\/p>\n<\/div><\/section><br \/>\n\n<style type=\"text\/css\" data-created_by=\"avia_inline_auto\" id=\"style-css-av-kycxft9w-143e798ef41582b3c9c81a30854e1b4a\">\n#top .av-special-heading.av-kycxft9w-143e798ef41582b3c9c81a30854e1b4a{\npadding-bottom:0px;\nfont-size:24px;\n}\n<\/style>\n<div  class='av-special-heading av-kycxft9w-143e798ef41582b3c9c81a30854e1b4a av-special-heading-h3 blockquote modern-quote  avia-builder-el-11  el_after_av_textblock  el_before_av_textblock  alt-title av-inherit-size '><h3 class='av-special-heading-tag '  itemprop=\"headline\"  >Kann eine Wurzelkanalbehandlung bei allen Z\u00e4hnen durchgef\u00fchrt werden?<\/h3><div class='special-heading-border'><div class='special-heading-inner-border'><\/div><\/div><\/div><br \/>\n<section class=\"av_textblock_section \"  itemscope=\"itemscope\" itemtype=\"https:\/\/schema.org\/CreativeWork\" ><div class='avia_textblock  '   itemprop=\"text\" ><p>Erfolgreiche Ergebnisse werden durch die Durchf\u00fchrung einer Wurzelkanalbehandlung bei vielen Z\u00e4hnen erzielt. Da die Wurzelkanalspitzen nicht zug\u00e4nglich sind (der Arzt kann die Wurzelspitze nicht erreichen, weil die Kan\u00e4le zu eng, d\u00fcnn oder zu gekr\u00fcmmt sind oder sogar einige Kan\u00e4le verstopft sind), ist in manchen F\u00e4llen die Wurzel stark gebrochen, der Zahn hat keinen Zugang dazu ausreichende Knochenunterst\u00fctzung oder der Zahn ist zu stark besch\u00e4digt, um wiederhergestellt zu werden. weil es nicht wiederhergestellt werden kann.<\/p>\n<\/div><\/section><br \/>\n\n<style type=\"text\/css\" data-created_by=\"avia_inline_auto\" id=\"style-css-av-kycxhyvj-72f69f04f643956e7a9ef22afa312ac1\">\n#top .av-special-heading.av-kycxhyvj-72f69f04f643956e7a9ef22afa312ac1{\npadding-bottom:0px;\nfont-size:24px;\n}\n<\/style>\n<div  class='av-special-heading av-kycxhyvj-72f69f04f643956e7a9ef22afa312ac1 av-special-heading-h3 blockquote modern-quote  avia-builder-el-13  el_after_av_textblock  el_before_av_textblock  alt-title av-inherit-size '><h3 class='av-special-heading-tag '  itemprop=\"headline\"  >Wird der wurzelbehandelte Zahn wieder Schmerzen haben? Was tun bei erneuten Schmerzen?<\/h3><div class='special-heading-border'><div class='special-heading-inner-border'><\/div><\/div><\/div><br \/>\n<section class=\"av_textblock_section \"  itemscope=\"itemscope\" itemtype=\"https:\/\/schema.org\/CreativeWork\" ><div class='avia_textblock  '   itemprop=\"text\" ><p>Ein Zahn, der einer Wurzelkanalbehandlung unterzogen wurde, ist ein Zahn, der seine Vitalit\u00e4t verloren hat. Im Mund funktioniert es jedoch weiterhin. Wie jeder andere Zahn kann er sich erneut entz\u00fcnden. An der Wurzelspitze kann es zu erneuten Entz\u00fcndungen kommen. Wenn ein Zahn Schmerzen mit Anzeichen einer erneuten Infektion aufweist und eine Wurzelkanalbehandlung durchgef\u00fchrt wurde, wird der Zahn erneut behandelt. Ihr Zahnarzt wird \u00fcber die geeignete Behandlung entscheiden und Sie beraten.<\/p>\n<\/div><\/section><\/p><\/div>\n<style type=\"text\/css\" data-created_by=\"avia_inline_auto\" id=\"style-css-av-2yhr9q-84d762a2dc20ecc2eb32b3156a7e5d04\">\n.flex_column.av-2yhr9q-84d762a2dc20ecc2eb32b3156a7e5d04{\npadding:0 0 0 30px;\n}\n<\/style>\n<div class='flex_column av-2yhr9q-84d762a2dc20ecc2eb32b3156a7e5d04 av_one_half  avia-builder-el-15  el_after_av_one_half  avia-builder-el-last  flex_column_div  av-animated-generic right-to-left '   ><p>\n<style type=\"text\/css\" data-created_by=\"avia_inline_auto\" id=\"style-css-av-2qtcni-c0ebefa8219ad6e2632e40f72c4b188d\">\n#top .av-special-heading.av-2qtcni-c0ebefa8219ad6e2632e40f72c4b188d{\npadding-bottom:0px;\nfont-size:24px;\n}\n<\/style>\n<div  class='av-special-heading av-2qtcni-c0ebefa8219ad6e2632e40f72c4b188d av-special-heading-h3 blockquote modern-quote  avia-builder-el-16  el_before_av_textblock  avia-builder-el-first  alt-title av-inherit-size '><h3 class='av-special-heading-tag '  itemprop=\"headline\"  >(Kanalbehandlung) Was ist eine endodontische Behandlung?<\/h3><div class='special-heading-border'><div class='special-heading-inner-border'><\/div><\/div><\/div><br \/>\n<section class=\"av_textblock_section \"  itemscope=\"itemscope\" itemtype=\"https:\/\/schema.org\/CreativeWork\" ><div class='avia_textblock  '   itemprop=\"text\" ><p>Im Zahninneren befindet sich unter den harten Schichten Zahnschmelz und Dentin ein weiches Gewebe namens Pulpa (Zahnnerv). Die Pulpa enth\u00e4lt Blutgef\u00e4\u00dfe und Nerven. Eine Wurzelkanalbehandlung ist notwendig, wenn das Pulpagewebe im Wurzelkanal besch\u00e4digt und entz\u00fcndet ist. Ziel dieser Behandlung ist es, den eigenen Zahn so weit wie m\u00f6glich im Mund zu halten und sicherzustellen, dass der Zahn auch bei Verlust seiner Vitalit\u00e4t weiterhin funktionsf\u00e4hig bleibt.<\/p>\n<\/div><\/section><br \/>\n\n<style type=\"text\/css\" data-created_by=\"avia_inline_auto\" id=\"style-css-av-kycxbcvu-5f13f32e4a824e5edf7438171c2702c7\">\n#top .av-special-heading.av-kycxbcvu-5f13f32e4a824e5edf7438171c2702c7{\npadding-bottom:0px;\nfont-size:24px;\n}\n<\/style>\n<div  class='av-special-heading av-kycxbcvu-5f13f32e4a824e5edf7438171c2702c7 av-special-heading-h3 blockquote modern-quote  avia-builder-el-18  el_after_av_textblock  el_before_av_textblock  alt-title av-inherit-size '><h3 class='av-special-heading-tag '  itemprop=\"headline\"  >F\u00fcr welche Z\u00e4hne ist eine Wurzelkanalbehandlung geeignet?<\/h3><div class='special-heading-border'><div class='special-heading-inner-border'><\/div><\/div><\/div><br \/>\n<section class=\"av_textblock_section \"  itemscope=\"itemscope\" itemtype=\"https:\/\/schema.org\/CreativeWork\" ><div class='avia_textblock  '   itemprop=\"text\" ><p>Eine Wurzelkanalbehandlung sollte bei Z\u00e4hnen durchgef\u00fchrt werden, die schmerzhaft sind, langfristig empfindlich auf Hitze oder K\u00e4lte reagieren, empfindlich auf Ber\u00fchrung und Kauen reagieren, Verf\u00e4rbungen des Zahns, Schwellungen und Ausfluss im umliegenden Knochen- und Zahnfleischgewebe aufweisen. Manchmal kann das Pulpagewebe jedoch gesch\u00e4digt sein, auch wenn es keine Symptome zeigt. Pulpasch\u00e4den k\u00f6nnen verschiedene Ursachen haben; Die h\u00e4ufigste Ursache ist tiefe Karies im Zahn. Allerdings ist bei manchen Zahnfleischerkrankungen auch eine indirekte Beeintr\u00e4chtigung der Pulpa m\u00f6glich. Dar\u00fcber hinaus k\u00f6nnen Frakturen und Risse, die aufgrund eines Zahntraumas im Zahn auftreten k\u00f6nnen, auch zu Pulpasch\u00e4den f\u00fchren.<\/p>\n<\/div><\/section><br \/>\n\n<style type=\"text\/css\" data-created_by=\"avia_inline_auto\" id=\"style-css-av-kycxd470-d02a9777faaf8f141f88f1ee41dab5e1\">\n#top .av-special-heading.av-kycxd470-d02a9777faaf8f141f88f1ee41dab5e1{\npadding-bottom:0px;\nfont-size:24px;\n}\n<\/style>\n<div  class='av-special-heading av-kycxd470-d02a9777faaf8f141f88f1ee41dab5e1 av-special-heading-h3 blockquote modern-quote  avia-builder-el-20  el_after_av_textblock  el_before_av_textblock  alt-title av-inherit-size '><h3 class='av-special-heading-tag '  itemprop=\"headline\"  >Wie rettet eine Wurzelkanalbehandlung den Zahn und wie lange lebt er?<\/h3><div class='special-heading-border'><div class='special-heading-inner-border'><\/div><\/div><\/div><br \/>\n<section class=\"av_textblock_section \"  itemscope=\"itemscope\" itemtype=\"https:\/\/schema.org\/CreativeWork\" ><div class='avia_textblock  '   itemprop=\"text\" ><p>Der Zahnarzt entfernt mit geeigneten sterilen Instrumenten die entz\u00fcndete oder infizierte Pulpa und das umliegende Gewebe aus dem Zahninneren, reinigt das Innere des Wurzelkanals sorgf\u00e4ltig mit geeigneten L\u00f6sungen und formt ihn f\u00fcr geeignete F\u00fcllmaterialien auf, dann f\u00fcllt er den Wurzelkanal vollst\u00e4ndig und undurchl\u00e4ssig. Anschlie\u00dfend platziert er ein Veneer oder eine andere Restauration (Komposit oder Onlay) auf der Zahnkrone (dem oberen Teil, den wir kauen), um die Funktion des Zahns zu erhalten und wiederherzustellen. Nach der Restaurierung funktioniert der wurzelkanalbehandelte Zahn weiterhin wie jeder andere Zahn. Bei guter Wiederherstellung und guter Mundhygiene kann der wurzelkanalbehandelte Zahn ein Leben lang unter der Aufsicht eines regul\u00e4ren Zahnarztes im Mund verbleiben.<\/p>\n<\/div><\/section><\/p><\/div><\/p>\n<\/div><\/div>\n<\/div>\n<div id='av_section_1'  class='avia-section av-v46zy-3e1789392001bc86a70a72a5b1b23e03 main_color avia-section-default avia-no-border-styling  avia-builder-el-22  el_after_av_layout_row  el_before_av_section  avia-bg-style-scroll  container_wrap sidebar_right'  ><div class='container av-section-cont-open' ><div class='template-page content  av-content-small alpha units'><div class='post-entry post-entry-type-page post-entry-790'><div class='entry-content-wrapper clearfix'>\n<div class='flex_column av-s3tri-69df55b88a06c92b93904c2db3971730 av_one_fourth  avia-builder-el-23  el_before_av_one_half  avia-builder-el-first  first flex_column_div '   ><\/div>\n<style type=\"text\/css\" data-created_by=\"avia_inline_auto\" id=\"style-css-av-kuxse-871cdf7a5a0673aefd296e5dac6edf29\">\n.flex_column.av-kuxse-871cdf7a5a0673aefd296e5dac6edf29{\nborder-radius:10px 10px 10px 10px;\n-webkit-border-radius:10px 10px 10px 10px;\n-moz-border-radius:10px 10px 10px 10px;\npadding:30px 30px 0px 30px;\nbackground-color:#f2f2f2;\n}\n<\/style>\n<div class='flex_column av-kuxse-871cdf7a5a0673aefd296e5dac6edf29 av_one_half  avia-builder-el-24  el_after_av_one_fourth  el_before_av_one_fourth  flex_column_div  av-animated-generic right-to-left '   ><section class=\"av_textblock_section \"  itemscope=\"itemscope\" itemtype=\"https:\/\/schema.org\/CreativeWork\" ><div class='avia_textblock  '   itemprop=\"text\" >\n<div class=\"wpcf7 no-js\" id=\"wpcf7-f317-o1\" lang=\"tr-TR\" dir=\"ltr\">\n<div class=\"screen-reader-response\"><p role=\"status\" aria-live=\"polite\" aria-atomic=\"true\"><\/p> <ul><\/ul><\/div>\n<form action=\"\/de\/wp-json\/wp\/v2\/pages\/790#wpcf7-f317-o1\" method=\"post\" class=\"wpcf7-form init\" aria-label=\"Contact form\" novalidate=\"novalidate\" data-status=\"init\">\n<div style=\"display: none;\">\n<input type=\"hidden\" name=\"_wpcf7\" value=\"317\" \/>\n<input type=\"hidden\" name=\"_wpcf7_version\" value=\"5.7.7\" \/>\n<input type=\"hidden\" name=\"_wpcf7_locale\" value=\"tr_TR\" \/>\n<input type=\"hidden\" name=\"_wpcf7_unit_tag\" value=\"wpcf7-f317-o1\" \/>\n<input type=\"hidden\" name=\"_wpcf7_container_post\" value=\"0\" \/>\n<input type=\"hidden\" name=\"_wpcf7_posted_data_hash\" value=\"\" \/>\n<\/div>\n<div class=\"cf-sl-form\">\n\t<div class=\"cf-baslik\">\n\t\t<p>Einen Termin machen\n\t\t<\/p>\n\t<\/div>\n\t<div class=\"cf-col-4\">\n\t\t<p><span class=\"wpcf7-form-control-wrap\" data-name=\"your-name\"><input size=\"40\" class=\"wpcf7-form-control wpcf7-text wpcf7-validates-as-required\" aria-required=\"true\" aria-invalid=\"false\" placeholder=\"Name\" value=\"\" type=\"text\" name=\"your-name\" \/><\/span>\n\t\t<\/p>\n\t<\/div>\n\t<div class=\"cf-col-4\">\n\t\t<p><span class=\"wpcf7-form-control-wrap\" data-name=\"your-email\"><input size=\"40\" class=\"wpcf7-form-control wpcf7-text wpcf7-email wpcf7-validates-as-required wpcf7-validates-as-email\" aria-required=\"true\" aria-invalid=\"false\" placeholder=\"E-Mail\" value=\"\" type=\"email\" name=\"your-email\" \/><\/span>\n\t\t<\/p>\n\t<\/div>\n\t<div class=\"cf-col-4\">\n\t\t<p><span class=\"wpcf7-form-control-wrap\" data-name=\"phone\"><input size=\"40\" class=\"wpcf7-form-control wpcf7-text wpcf7-tel wpcf7-validates-as-required wpcf7-validates-as-tel\" aria-required=\"true\" aria-invalid=\"false\" placeholder=\"Telefon\" value=\"\" type=\"tel\" name=\"phone\" \/><\/span>\n\t\t<\/p>\n\t<\/div>\n\t<div class=\"cf-col-4\">\n\t\t<p><span class=\"wpcf7-form-control-wrap\" data-name=\"date\"><input class=\"wpcf7-form-control wpcf7-date wpcf7-validates-as-required wpcf7-validates-as-date\" aria-required=\"true\" aria-invalid=\"false\" placeholder=\"Datum\" value=\"\" type=\"date\" name=\"date\" \/><\/span>\n\t\t<\/p>\n\t<\/div>\n\t<div class=\"cf-col-4\">\n\t\t<p><span class=\"wpcf7-form-control-wrap\" data-name=\"message\"><textarea cols=\"40\" rows=\"10\" class=\"wpcf7-form-control wpcf7-textarea wpcf7-validates-as-required\" aria-required=\"true\" aria-invalid=\"false\" placeholder=\"Ihre Nachricht\" name=\"message\"><\/textarea><\/span>\n\t\t<\/p>\n\t<\/div>\n\t<div class=\"cf-col-1\">\n\t\t<p><input class=\"wpcf7-form-control has-spinner wpcf7-submit\" type=\"submit\" value=\"Senden\" \/>\n\t\t<\/p>\n\t<\/div>\n\t<div class=\"cf-slogan\">\n\t\t<p>Lass uns entwerfen<br \/>\n<span>Ihr gemeinsames L\u00e4cheln<\/span>\n\t\t<\/p>\n\t<\/div>\n<\/div><div class=\"wpcf7-response-output\" aria-hidden=\"true\"><\/div>\n<\/form>\n<\/div>\n\n<\/div><\/section><\/div><div class='flex_column av-8d446-fc9b724623057d104d1c044498101723 av_one_fourth  avia-builder-el-26  el_after_av_one_half  avia-builder-el-last  flex_column_div '   ><\/div>\n\n<\/div><\/div><\/div><!-- close content main div --><\/div><\/div>\n<style type=\"text\/css\" data-created_by=\"avia_inline_auto\" id=\"style-css-av-1i7gxa-102c608d7016bdff419129cc4a9d5f73\">\n.avia-section.av-1i7gxa-102c608d7016bdff419129cc4a9d5f73{\nbackground-color:#f9f9f9;\n}\n<\/style>\n<div id='av_section_2'  class='avia-section av-1i7gxa-102c608d7016bdff419129cc4a9d5f73 main_color avia-section-small avia-no-border-styling  avia-builder-el-27  el_after_av_section  avia-builder-el-last  menu-alt-sec avia-bg-style-scroll  container_wrap sidebar_right'  ><div class='container av-section-cont-open' ><div class='template-page content  av-content-small alpha units'><div class='post-entry post-entry-type-page post-entry-790'><div class='entry-content-wrapper clearfix'>\n\n<style type=\"text\/css\" data-created_by=\"avia_inline_auto\" id=\"style-css-av-1cy292-9aa03f9de5e3427053dfdc806fd3fdc7\">\n.flex_column.av-1cy292-9aa03f9de5e3427053dfdc806fd3fdc7{\npadding:0 20px 0 0;\n}\n<\/style>\n<div class='flex_column av-1cy292-9aa03f9de5e3427053dfdc806fd3fdc7 av_one_third  avia-builder-el-28  el_before_av_one_third  avia-builder-el-first  first no_margin flex_column_div '   ><style type=\"text\/css\" data-created_by=\"avia_inline_auto\" id=\"style-css-av-1a3mr2-c404b377e50a3be8874a0b027e2473ae\">\n#top #wrap_all .iconbox.av-1a3mr2-c404b377e50a3be8874a0b027e2473ae .iconbox_content_title{\nfont-size:15px;\n}\n.iconbox.av-1a3mr2-c404b377e50a3be8874a0b027e2473ae .iconbox_content_container{\nfont-size:15px;\n}\n<\/style>\n<article  class=\"iconbox iconbox_left_content av-1a3mr2-c404b377e50a3be8874a0b027e2473ae av-icon-style-no-border  avia-builder-el-29  avia-builder-el-no-sibling  \"  itemscope=\"itemscope\" itemtype=\"https:\/\/schema.org\/CreativeWork\" ><div class=\"iconbox_icon heading-color\" aria-hidden='true' data-av_icon='\uf177' data-av_iconfont='lvy_'><\/div><div class=\"iconbox_content\"><header class=\"entry-content-header\"><h3 class='iconbox_content_title  '  itemprop=\"headline\" >ALSANCAK - \u0130ZM\u0130R<\/h3><\/header><div class='iconbox_content_container  '  itemprop=\"text\" ><p>Akdeniz Mah. Atat\u00fcrk Cad. No:162\/A Gegen\u00fcber der Kantar-Polizeistation Pasaport\u2013Alsancak\u2013\u0130ZM\u0130R-TURKEI<\/p>\n<\/div><\/div><footer class=\"entry-footer\"><\/footer><\/article><\/div>\n<style type=\"text\/css\" data-created_by=\"avia_inline_auto\" id=\"style-css-av-131whq-9831bc5519615f591fa8675ef2337b44\">\n.flex_column.av-131whq-9831bc5519615f591fa8675ef2337b44{\npadding:0 0 0 40px;\n}\n<\/style>\n<div class='flex_column av-131whq-9831bc5519615f591fa8675ef2337b44 av_one_third  avia-builder-el-30  el_after_av_one_third  el_before_av_one_third  no_margin flex_column_div '   ><style type=\"text\/css\" data-created_by=\"avia_inline_auto\" id=\"style-css-av-3b4f2-1bd9decccf608e51bd4618a68fc6ef86\">\n#top #wrap_all .iconbox.av-3b4f2-1bd9decccf608e51bd4618a68fc6ef86 .iconbox_content_title{\nfont-size:15px;\n}\n.iconbox.av-3b4f2-1bd9decccf608e51bd4618a68fc6ef86 .iconbox_content_container{\nfont-size:15px;\n}\n<\/style>\n<article  class=\"iconbox iconbox_left_content av-3b4f2-1bd9decccf608e51bd4618a68fc6ef86 av-icon-style-no-border  avia-builder-el-31  avia-builder-el-no-sibling  \"  itemscope=\"itemscope\" itemtype=\"https:\/\/schema.org\/CreativeWork\" ><div class=\"iconbox_icon heading-color\" aria-hidden='true' data-av_icon='\uf11b' data-av_iconfont='lvy_'><\/div><div class=\"iconbox_content\"><header class=\"entry-content-header\"><h3 class='iconbox_content_title  '  itemprop=\"headline\" >KONTAKTIERE UNS<\/h3><\/header><div class='iconbox_content_container  '  itemprop=\"text\" ><p><a href=\"tel:+902326831083\">+44 7395 626392<\/a><br \/>\n<a href=\"https:\/\/wa.me\/905013331083\">+90 552 404 1083<\/a><\/p>\n<\/div><\/div><footer class=\"entry-footer\"><\/footer><\/article><\/div>\n<style type=\"text\/css\" data-created_by=\"avia_inline_auto\" id=\"style-css-av-ewini-fc066c0e3188fd0709e13ebcc9fc2790\">\n.flex_column.av-ewini-fc066c0e3188fd0709e13ebcc9fc2790{\npadding:0 0 0 40px;\n}\n<\/style>\n<div class='flex_column av-ewini-fc066c0e3188fd0709e13ebcc9fc2790 av_one_third  avia-builder-el-32  el_after_av_one_third  avia-builder-el-last  no_margin flex_column_div '   ><style type=\"text\/css\" data-created_by=\"avia_inline_auto\" id=\"style-css-av-9fuem-44db5376d5ca0e977769b950aa18213a\">\n#top #wrap_all .iconbox.av-9fuem-44db5376d5ca0e977769b950aa18213a .iconbox_content_title{\nfont-size:15px;\n}\n.iconbox.av-9fuem-44db5376d5ca0e977769b950aa18213a .iconbox_content_container{\nfont-size:15px;\n}\n<\/style>\n<article  class=\"iconbox iconbox_left_content av-9fuem-44db5376d5ca0e977769b950aa18213a av-icon-style-no-border  avia-builder-el-33  avia-builder-el-no-sibling  \"  itemscope=\"itemscope\" itemtype=\"https:\/\/schema.org\/CreativeWork\" ><div class=\"iconbox_icon heading-color\" aria-hidden='true' data-av_icon='\uf139' data-av_iconfont='lvy_'><\/div><div class=\"iconbox_content\"><header class=\"entry-content-header\"><h3 class='iconbox_content_title  '  itemprop=\"headline\" >EINEN TERMIN MACHEN<\/h3><\/header><div class='iconbox_content_container  '  itemprop=\"text\" ><p><a href=\"mailto:info@turkuazport.com\">info@turkuazport.com<\/a><\/p>\n<\/div><\/div><footer class=\"entry-footer\"><\/footer><\/article><\/div><\/div><\/div><\/div><!-- close content main div --><\/div><\/div><div id='after_section_2'  class='main_color av_default_container_wrap container_wrap sidebar_right'  ><div class='container av-section-cont-open' ><div class='template-page content  av-content-small alpha units'><div class='post-entry post-entry-type-page post-entry-790'><div class='entry-content-wrapper clearfix'>\n","protected":false},"excerpt":{"rendered":"","protected":false},"author":1,"featured_media":0,"parent":0,"menu_order":0,"comment_status":"closed","ping_status":"closed","template":"","meta":{"footnotes":""},"class_list":["post-790","page","type-page","status-publish","hentry"],"_links":{"self":[{"href":"https:\/\/turkuazport.com\/de\/wp-json\/wp\/v2\/pages\/790","targetHints":{"allow":["GET"]}}],"collection":[{"href":"https:\/\/turkuazport.com\/de\/wp-json\/wp\/v2\/pages"}],"about":[{"href":"https:\/\/turkuazport.com\/de\/wp-json\/wp\/v2\/types\/page"}],"author":[{"embeddable":true,"href":"https:\/\/turkuazport.com\/de\/wp-json\/wp\/v2\/users\/1"}],"replies":[{"embeddable":true,"href":"https:\/\/turkuazport.com\/de\/wp-json\/wp\/v2\/comments?post=790"}],"version-history":[{"count":19,"href":"https:\/\/turkuazport.com\/de\/wp-json\/wp\/v2\/pages\/790\/revisions"}],"predecessor-version":[{"id":1573,"href":"https:\/\/turkuazport.com\/de\/wp-json\/wp\/v2\/pages\/790\/revisions\/1573"}],"wp:attachment":[{"href":"https:\/\/turkuazport.com\/de\/wp-json\/wp\/v2\/media?parent=790"}],"curies":[{"name":"wp","href":"https:\/\/api.w.org\/{rel}","templated":true}]}}