{"id":818,"date":"2022-01-13T15:35:02","date_gmt":"2022-01-13T12:35:02","guid":{"rendered":"https:\/\/turkuazport.com\/de\/?page_id=818"},"modified":"2025-10-15T23:21:33","modified_gmt":"2025-10-15T20:21:33","slug":"schnarchen","status":"publish","type":"page","link":"https:\/\/turkuazport.com\/de\/schnarchen\/","title":{"rendered":"Schnarchen"},"content":{"rendered":"<div id='av-layout-grid-1'  class='av-layout-grid-container entry-content-wrapper main_color av-flex-cells     avia-builder-el-0  el_before_av_section  avia-builder-el-first  ana-hizmet-grid container_wrap sidebar_right'  >\n<div class=\"flex_cell no_margin av_one_full  avia-builder-el-1  avia-builder-el-no-sibling   \"  style='vertical-align:top; padding:30px; ' ><div class='flex_cell_inner' ><p>\n<style type=\"text\/css\" data-created_by=\"avia_inline_auto\" id=\"style-css-av-1p47f6-95cde86413a25a6fd53e66529cbf97ba\">\n#top .hr.hr-invisible.av-1p47f6-95cde86413a25a6fd53e66529cbf97ba{\nheight:50px;\n}\n<\/style>\n<div  class='hr av-1p47f6-95cde86413a25a6fd53e66529cbf97ba hr-invisible  avia-builder-el-2  el_before_av_heading  avia-builder-el-first  '><span class='hr-inner '><span class=\"hr-inner-style\"><\/span><\/span><\/div><br \/>\n\n<style type=\"text\/css\" data-created_by=\"avia_inline_auto\" id=\"style-css-av-1ks64y-6c3ca94f3afe486201f02c72ea1ca232\">\n#top .av-special-heading.av-1ks64y-6c3ca94f3afe486201f02c72ea1ca232{\npadding-bottom:10px;\ncolor:#edfafc;\nfont-size:100px;\n}\n.av-special-heading.av-1ks64y-6c3ca94f3afe486201f02c72ea1ca232 .special-heading-inner-border{\nborder-color:#edfafc;\n}\n<\/style>\n<div  class='av-special-heading av-1ks64y-6c3ca94f3afe486201f02c72ea1ca232 av-special-heading-h2 custom-color-heading blockquote modern-quote modern-centered  avia-builder-el-3  el_after_av_hr  el_before_av_heading  lg-title av-inherit-size '><h2 class='av-special-heading-tag '  itemprop=\"headline\"  >Turkuaz Dental<\/h2><div class='special-heading-border'><div class='special-heading-inner-border'><\/div><\/div><\/div><br \/>\n\n<style type=\"text\/css\" data-created_by=\"avia_inline_auto\" id=\"style-css-av-kycyg723-345f421fc59bb1be0da29ea708a21b26\">\n#top .av-special-heading.av-kycyg723-345f421fc59bb1be0da29ea708a21b26{\npadding-bottom:10px;\nfont-size:50px;\n}\n<\/style>\n<div  class='av-special-heading av-kycyg723-345f421fc59bb1be0da29ea708a21b26 av-special-heading-h2 blockquote modern-quote modern-centered  avia-builder-el-4  el_after_av_heading  el_before_av_font_icon  title-with-border av-inherit-size '><h2 class='av-special-heading-tag '  itemprop=\"headline\"  >Schnarchprothese<\/h2><div class='special-heading-border'><div class='special-heading-inner-border'><\/div><\/div><\/div><br \/>\n\n<style type=\"text\/css\" data-created_by=\"avia_inline_auto\" id=\"style-css-av-kycygrpm-7951cd4f3373976f78f31a40ecd81ed3\">\n.av_font_icon.av-kycygrpm-7951cd4f3373976f78f31a40ecd81ed3{\ncolor:#0adeff;\nborder-color:#0adeff;\n}\n.av_font_icon.av-kycygrpm-7951cd4f3373976f78f31a40ecd81ed3 .av-icon-char{\nfont-size:70px;\nline-height:70px;\n}\n<\/style>\n<span  class=\"av_font_icon av-kycygrpm-7951cd4f3373976f78f31a40ecd81ed3 avia_animate_when_visible av-icon-style- avia-icon-pos-center avia-icon-animate \"><span class='av-icon-char' aria-hidden='true' data-av_icon='\uf104' data-av_iconfont='sonmenu2' ><\/span><\/span><br \/>\n\n<style type=\"text\/css\" data-created_by=\"avia_inline_auto\" id=\"style-css-av-1di2ya-a8c9be1cf6ecd0cacd4b3025562822f5\">\n#top .hr.hr-invisible.av-1di2ya-a8c9be1cf6ecd0cacd4b3025562822f5{\nheight:50px;\n}\n<\/style>\n<div  class='hr av-1di2ya-a8c9be1cf6ecd0cacd4b3025562822f5 hr-invisible  avia-builder-el-6  el_after_av_font_icon  el_before_av_one_half  '><span class='hr-inner '><span class=\"hr-inner-style\"><\/span><\/span><\/div><br \/>\n<div class='flex_column av-18axaq-774678c79759e5e8fd6dba2f7389f762 av_one_half  avia-builder-el-7  el_after_av_hr  el_before_av_one_half  first flex_column_div  av-animated-generic left-to-right '   ><style type=\"text\/css\" data-created_by=\"avia_inline_auto\" id=\"style-css-av-kycyniuj-413d6357148d98eee424bb38071f3187\">\n.avia-image-container.av-kycyniuj-413d6357148d98eee424bb38071f3187 .av-image-caption-overlay-center{\ncolor:#ffffff;\n}\n<\/style>\n<div  class='avia-image-container av-kycyniuj-413d6357148d98eee424bb38071f3187 av-styling- avia_animated_image avia_animate_when_almost_visible fade-in avia-align-center  avia-builder-el-8  avia-builder-el-no-sibling  '  itemprop=\"image\" itemscope=\"itemscope\" itemtype=\"https:\/\/schema.org\/ImageObject\" ><div class=\"avia-image-container-inner\"><div class=\"avia-image-overlay-wrap\"><img decoding=\"async\" class='wp-image-822 avia-img-lazy-loading-not-822 avia_image' src=\"https:\/\/turkuazport.com\/de\/wp-content\/uploads\/2022\/01\/horlamaprotez.jpg\" alt='' title='horlamaprotez'  height=\"590\" width=\"596\"  itemprop=\"thumbnailUrl\" srcset=\"https:\/\/turkuazport.com\/de\/wp-content\/uploads\/2022\/01\/horlamaprotez.jpg 596w, https:\/\/turkuazport.com\/de\/wp-content\/uploads\/2022\/01\/horlamaprotez-300x297.jpg 300w, https:\/\/turkuazport.com\/de\/wp-content\/uploads\/2022\/01\/horlamaprotez-80x80.jpg 80w, https:\/\/turkuazport.com\/de\/wp-content\/uploads\/2022\/01\/horlamaprotez-36x36.jpg 36w\" sizes=\"(max-width: 596px) 100vw, 596px\" \/><\/div><\/div><\/div><\/div>\n<style type=\"text\/css\" data-created_by=\"avia_inline_auto\" id=\"style-css-av-11l0yq-aa0ca37402e61d02ef483a0ad1832d7d\">\n.flex_column.av-11l0yq-aa0ca37402e61d02ef483a0ad1832d7d{\npadding:0 0 0 30px;\n}\n<\/style>\n<div class='flex_column av-11l0yq-aa0ca37402e61d02ef483a0ad1832d7d av_one_half  avia-builder-el-9  el_after_av_one_half  avia-builder-el-last  flex_column_div  av-animated-generic right-to-left '   ><p>\n<style type=\"text\/css\" data-created_by=\"avia_inline_auto\" id=\"style-css-av-kycyh6mk-9bd25b1088dfaf59f2bd6fe1aeb57666\">\n#top .av-special-heading.av-kycyh6mk-9bd25b1088dfaf59f2bd6fe1aeb57666{\npadding-bottom:0px;\nfont-size:24px;\n}\n<\/style>\n<div  class='av-special-heading av-kycyh6mk-9bd25b1088dfaf59f2bd6fe1aeb57666 av-special-heading-h3 blockquote modern-quote  avia-builder-el-10  el_before_av_textblock  avia-builder-el-first  alt-title av-inherit-size '><h3 class='av-special-heading-tag '  itemprop=\"headline\"  >Was ist die Schnarchprothese?<\/h3><div class='special-heading-border'><div class='special-heading-inner-border'><\/div><\/div><\/div><br \/>\n<section class=\"av_textblock_section \"  itemscope=\"itemscope\" itemtype=\"https:\/\/schema.org\/CreativeWork\" ><div class='avia_textblock  '   itemprop=\"text\" ><p>Schnarchen; Es handelt sich um laute und st\u00f6rende Ger\u00e4usche, die beim Atmen durch die Verengung der Atemwege zwischen Mund, Naseng\u00e4ngen und Nase entstehen. Wenn der Zungenr\u00fccken, der weiche Gaumen und das Z\u00e4pfchen aneinander haften, kommt es beim Atmen zu Vibrationen, die das Schnarchger\u00e4usch verursachen. Bei der Schnarchprothese handelt es sich um eine Prothese, die aus Plaques besteht, die auf den unteren und oberen Z\u00e4hnen der Person getragen werden. Indem der Unterkiefer nach vorne und unten gehalten wird, hilft es dabei, die Atemwege f\u00fcr die Atmung etwas weiter zu \u00f6ffnen. Dadurch wird Schnarchen verhindert und das Atmen erleichtert.<\/p>\n<\/div><\/section><br \/>\n\n<style type=\"text\/css\" data-created_by=\"avia_inline_auto\" id=\"style-css-av-kycyi7vw-e863482ead3866abb8e85675bbc253c2\">\n#top .av-special-heading.av-kycyi7vw-e863482ead3866abb8e85675bbc253c2{\npadding-bottom:0px;\nfont-size:24px;\n}\n<\/style>\n<div  class='av-special-heading av-kycyi7vw-e863482ead3866abb8e85675bbc253c2 av-special-heading-h3 blockquote modern-quote  avia-builder-el-12  el_after_av_textblock  el_before_av_iconlist  alt-title av-inherit-size '><h3 class='av-special-heading-tag '  itemprop=\"headline\"  >Welche Vorteile bietet die Schnarchprothese?<\/h3><div class='special-heading-border'><div class='special-heading-inner-border'><\/div><\/div><\/div><br \/>\n<div  class='avia-icon-list-container av-kycyjpd9-440a83044e21505fc64216da41593807  avia-builder-el-13  el_after_av_heading  avia-builder-el-last  '><ul class='avia-icon-list avia_animate_when_almost_visible avia-icon-list-left av-iconlist-small av-kycyjpd9-440a83044e21505fc64216da41593807 avia-iconlist-animate'>\n<li><div class='iconlist_icon av-kycyiljj-9ea12ffcda402977e0d88101fa8dd611 avia-font-entypo-fontello'><span class='iconlist-char ' aria-hidden='true' data-av_icon='\ue812' data-av_iconfont='entypo-fontello'><\/span><\/div><article class=\"article-icon-entry av-iconlist-empty\"  itemscope=\"itemscope\" itemtype=\"https:\/\/schema.org\/CreativeWork\" ><div class='iconlist_content_wrap'><header class=\"entry-content-header\"><div class='av_iconlist_title iconlist_title_small   '  itemprop=\"headline\" >Es ist einfach und bequem zu bedienen.<\/div><\/header><div class='iconlist_content  '  itemprop=\"text\" ><\/div><\/div><footer class=\"entry-footer\"><\/footer><\/article><div class='iconlist-timeline'><\/div><\/li>\n<li><div class='iconlist_icon av-kycyiljj-7cf59bd3aac85a4e752992bf4cc76a21 avia-font-entypo-fontello'><span class='iconlist-char ' aria-hidden='true' data-av_icon='\ue812' data-av_iconfont='entypo-fontello'><\/span><\/div><article class=\"article-icon-entry av-iconlist-empty\"  itemscope=\"itemscope\" itemtype=\"https:\/\/schema.org\/CreativeWork\" ><div class='iconlist_content_wrap'><header class=\"entry-content-header\"><div class='av_iconlist_title iconlist_title_small   '  itemprop=\"headline\" >Es reduziert Schnarchen und Schlafapnoe vom ersten Moment der Anwendung an. (Meistens werden Schnarchen und Schlafapnoe bereits in der ersten Nacht gestoppt.) Die Haupteffekte werden innerhalb von 3\u20134 Wochen beobachtet.<\/div><\/header><div class='iconlist_content  '  itemprop=\"text\" ><\/div><\/div><footer class=\"entry-footer\"><\/footer><\/article><div class='iconlist-timeline'><\/div><\/li>\n<li><div class='iconlist_icon av-kycyiljj-7a82800f680788917ccf54dfc9c22dfa avia-font-entypo-fontello'><span class='iconlist-char ' aria-hidden='true' data-av_icon='\ue812' data-av_iconfont='entypo-fontello'><\/span><\/div><article class=\"article-icon-entry av-iconlist-empty\"  itemscope=\"itemscope\" itemtype=\"https:\/\/schema.org\/CreativeWork\" ><div class='iconlist_content_wrap'><header class=\"entry-content-header\"><div class='av_iconlist_title iconlist_title_small   '  itemprop=\"headline\" >Es ist kein chirurgischer Eingriff erforderlich.<\/div><\/header><div class='iconlist_content  '  itemprop=\"text\" ><\/div><\/div><footer class=\"entry-footer\"><\/footer><\/article><div class='iconlist-timeline'><\/div><\/li>\n<li><div class='iconlist_icon av-kycyiljj-9d84a6574f230791c3926e4a999fa687 avia-font-entypo-fontello'><span class='iconlist-char ' aria-hidden='true' data-av_icon='\ue812' data-av_iconfont='entypo-fontello'><\/span><\/div><article class=\"article-icon-entry av-iconlist-empty\"  itemscope=\"itemscope\" itemtype=\"https:\/\/schema.org\/CreativeWork\" ><div class='iconlist_content_wrap'><header class=\"entry-content-header\"><div class='av_iconlist_title iconlist_title_small   '  itemprop=\"headline\" >Im Vergleich zu anderen Behandlungsmethoden ist sie kosteng\u00fcnstig.<\/div><\/header><div class='iconlist_content  '  itemprop=\"text\" ><\/div><\/div><footer class=\"entry-footer\"><\/footer><\/article><div class='iconlist-timeline'><\/div><\/li>\n<\/ul><\/div><\/p><\/div><\/p>\n<\/div><\/div>\n<\/div>\n<div id='av_section_1'  class='avia-section av-38fzm-3c67c7e94f0b1e6b92b74e245ca5797b main_color avia-section-default avia-no-border-styling  avia-builder-el-14  el_after_av_layout_row  el_before_av_section  avia-bg-style-scroll  container_wrap sidebar_right'  ><div class='container av-section-cont-open' ><div class='template-page content  av-content-small alpha units'><div class='post-entry post-entry-type-page post-entry-818'><div class='entry-content-wrapper clearfix'>\n<div class='flex_column av-pvzk2-c502521fadc814dc109853498d8ca442 av_one_fourth  avia-builder-el-15  el_before_av_one_half  avia-builder-el-first  first flex_column_div '   ><\/div>\n<style type=\"text\/css\" data-created_by=\"avia_inline_auto\" id=\"style-css-av-mat3e-48a9c02aef0346da412b6921a1c22d9c\">\n.flex_column.av-mat3e-48a9c02aef0346da412b6921a1c22d9c{\nborder-radius:10px 10px 10px 10px;\n-webkit-border-radius:10px 10px 10px 10px;\n-moz-border-radius:10px 10px 10px 10px;\npadding:30px 30px 0px 30px;\nbackground-color:#f2f2f2;\n}\n<\/style>\n<div class='flex_column av-mat3e-48a9c02aef0346da412b6921a1c22d9c av_one_half  avia-builder-el-16  el_after_av_one_fourth  el_before_av_one_fourth  flex_column_div  av-animated-generic right-to-left '   ><section class=\"av_textblock_section \"  itemscope=\"itemscope\" itemtype=\"https:\/\/schema.org\/CreativeWork\" ><div class='avia_textblock  '   itemprop=\"text\" >\n<div class=\"wpcf7 no-js\" id=\"wpcf7-f317-o1\" lang=\"tr-TR\" dir=\"ltr\">\n<div class=\"screen-reader-response\"><p role=\"status\" aria-live=\"polite\" aria-atomic=\"true\"><\/p> <ul><\/ul><\/div>\n<form action=\"\/de\/wp-json\/wp\/v2\/pages\/818#wpcf7-f317-o1\" method=\"post\" class=\"wpcf7-form init\" aria-label=\"Contact form\" novalidate=\"novalidate\" data-status=\"init\">\n<div style=\"display: none;\">\n<input type=\"hidden\" name=\"_wpcf7\" value=\"317\" \/>\n<input type=\"hidden\" name=\"_wpcf7_version\" value=\"5.7.7\" \/>\n<input type=\"hidden\" name=\"_wpcf7_locale\" value=\"tr_TR\" \/>\n<input type=\"hidden\" name=\"_wpcf7_unit_tag\" value=\"wpcf7-f317-o1\" \/>\n<input type=\"hidden\" name=\"_wpcf7_container_post\" value=\"0\" \/>\n<input type=\"hidden\" name=\"_wpcf7_posted_data_hash\" value=\"\" \/>\n<\/div>\n<div class=\"cf-sl-form\">\n\t<div class=\"cf-baslik\">\n\t\t<p>Einen Termin machen\n\t\t<\/p>\n\t<\/div>\n\t<div class=\"cf-col-4\">\n\t\t<p><span class=\"wpcf7-form-control-wrap\" data-name=\"your-name\"><input size=\"40\" class=\"wpcf7-form-control wpcf7-text wpcf7-validates-as-required\" aria-required=\"true\" aria-invalid=\"false\" placeholder=\"Name\" value=\"\" type=\"text\" name=\"your-name\" \/><\/span>\n\t\t<\/p>\n\t<\/div>\n\t<div class=\"cf-col-4\">\n\t\t<p><span class=\"wpcf7-form-control-wrap\" data-name=\"your-email\"><input size=\"40\" class=\"wpcf7-form-control wpcf7-text wpcf7-email wpcf7-validates-as-required wpcf7-validates-as-email\" aria-required=\"true\" aria-invalid=\"false\" placeholder=\"E-Mail\" value=\"\" type=\"email\" name=\"your-email\" \/><\/span>\n\t\t<\/p>\n\t<\/div>\n\t<div class=\"cf-col-4\">\n\t\t<p><span class=\"wpcf7-form-control-wrap\" data-name=\"phone\"><input size=\"40\" class=\"wpcf7-form-control wpcf7-text wpcf7-tel wpcf7-validates-as-required wpcf7-validates-as-tel\" aria-required=\"true\" aria-invalid=\"false\" placeholder=\"Telefon\" value=\"\" type=\"tel\" name=\"phone\" \/><\/span>\n\t\t<\/p>\n\t<\/div>\n\t<div class=\"cf-col-4\">\n\t\t<p><span class=\"wpcf7-form-control-wrap\" data-name=\"date\"><input class=\"wpcf7-form-control wpcf7-date wpcf7-validates-as-required wpcf7-validates-as-date\" aria-required=\"true\" aria-invalid=\"false\" placeholder=\"Datum\" value=\"\" type=\"date\" name=\"date\" \/><\/span>\n\t\t<\/p>\n\t<\/div>\n\t<div class=\"cf-col-4\">\n\t\t<p><span class=\"wpcf7-form-control-wrap\" data-name=\"message\"><textarea cols=\"40\" rows=\"10\" class=\"wpcf7-form-control wpcf7-textarea wpcf7-validates-as-required\" aria-required=\"true\" aria-invalid=\"false\" placeholder=\"Ihre Nachricht\" name=\"message\"><\/textarea><\/span>\n\t\t<\/p>\n\t<\/div>\n\t<div class=\"cf-col-1\">\n\t\t<p><input class=\"wpcf7-form-control has-spinner wpcf7-submit\" type=\"submit\" value=\"Senden\" \/>\n\t\t<\/p>\n\t<\/div>\n\t<div class=\"cf-slogan\">\n\t\t<p>Lass uns entwerfen<br \/>\n<span>Ihr gemeinsames L\u00e4cheln<\/span>\n\t\t<\/p>\n\t<\/div>\n<\/div><div class=\"wpcf7-response-output\" aria-hidden=\"true\"><\/div>\n<\/form>\n<\/div>\n\n<\/div><\/section><\/div><div class='flex_column av-9cy9e-d3f55058722170416b6601d80d88bff8 av_one_fourth  avia-builder-el-18  el_after_av_one_half  avia-builder-el-last  flex_column_div '   ><\/div>\n\n<\/div><\/div><\/div><!-- close content main div --><\/div><\/div>\n<style type=\"text\/css\" data-created_by=\"avia_inline_auto\" id=\"style-css-av-1kjg3e-699dc59db1bc94f679343589b6ce651b\">\n.avia-section.av-1kjg3e-699dc59db1bc94f679343589b6ce651b{\nbackground-color:#f9f9f9;\n}\n<\/style>\n<div id='av_section_2'  class='avia-section av-1kjg3e-699dc59db1bc94f679343589b6ce651b main_color avia-section-small avia-no-border-styling  avia-builder-el-19  el_after_av_section  avia-builder-el-last  menu-alt-sec avia-bg-style-scroll  container_wrap sidebar_right'  ><div class='container av-section-cont-open' ><div class='template-page content  av-content-small alpha units'><div class='post-entry post-entry-type-page post-entry-818'><div class='entry-content-wrapper clearfix'>\n\n<style type=\"text\/css\" data-created_by=\"avia_inline_auto\" id=\"style-css-av-1gocdm-ad9dd4496986868374fc33ea5961db80\">\n.flex_column.av-1gocdm-ad9dd4496986868374fc33ea5961db80{\npadding:0 20px 0 0;\n}\n<\/style>\n<div class='flex_column av-1gocdm-ad9dd4496986868374fc33ea5961db80 av_one_third  avia-builder-el-20  el_before_av_one_third  avia-builder-el-first  first no_margin flex_column_div '   ><style type=\"text\/css\" data-created_by=\"avia_inline_auto\" id=\"style-css-av-1aibbm-3636b98b319843e57da3359400ef6700\">\n#top #wrap_all .iconbox.av-1aibbm-3636b98b319843e57da3359400ef6700 .iconbox_content_title{\nfont-size:15px;\n}\n.iconbox.av-1aibbm-3636b98b319843e57da3359400ef6700 .iconbox_content_container{\nfont-size:15px;\n}\n<\/style>\n<article  class=\"iconbox iconbox_left_content av-1aibbm-3636b98b319843e57da3359400ef6700 av-icon-style-no-border  avia-builder-el-21  avia-builder-el-no-sibling  \"  itemscope=\"itemscope\" itemtype=\"https:\/\/schema.org\/CreativeWork\" ><div class=\"iconbox_icon heading-color\" aria-hidden='true' data-av_icon='\uf177' data-av_iconfont='lvy_'><\/div><div class=\"iconbox_content\"><header class=\"entry-content-header\"><h3 class='iconbox_content_title  '  itemprop=\"headline\" >ALSANCAK - \u0130ZM\u0130R<\/h3><\/header><div class='iconbox_content_container  '  itemprop=\"text\" ><p>Akdeniz Mah. Atat\u00fcrk Cad. No:162\/A Gegen\u00fcber der Kantar-Polizeistation Pasaport\u2013Alsancak\u2013\u0130ZM\u0130R-TURKEI<\/p>\n<\/div><\/div><footer class=\"entry-footer\"><\/footer><\/article><\/div>\n<style type=\"text\/css\" data-created_by=\"avia_inline_auto\" id=\"style-css-av-1265rm-2bd3960767dd23ee25ed848688a5abb1\">\n.flex_column.av-1265rm-2bd3960767dd23ee25ed848688a5abb1{\npadding:0 0 0 40px;\n}\n<\/style>\n<div class='flex_column av-1265rm-2bd3960767dd23ee25ed848688a5abb1 av_one_third  avia-builder-el-22  el_after_av_one_third  el_before_av_one_third  no_margin flex_column_div '   ><style type=\"text\/css\" data-created_by=\"avia_inline_auto\" id=\"style-css-av-y1e22-85320fc3c263dc27b7d43269f8ac9837\">\n#top #wrap_all .iconbox.av-y1e22-85320fc3c263dc27b7d43269f8ac9837 .iconbox_content_title{\nfont-size:15px;\n}\n.iconbox.av-y1e22-85320fc3c263dc27b7d43269f8ac9837 .iconbox_content_container{\nfont-size:15px;\n}\n<\/style>\n<article  class=\"iconbox iconbox_left_content av-y1e22-85320fc3c263dc27b7d43269f8ac9837 av-icon-style-no-border  avia-builder-el-23  avia-builder-el-no-sibling  \"  itemscope=\"itemscope\" itemtype=\"https:\/\/schema.org\/CreativeWork\" ><div class=\"iconbox_icon heading-color\" aria-hidden='true' data-av_icon='\uf11b' data-av_iconfont='lvy_'><\/div><div class=\"iconbox_content\"><header class=\"entry-content-header\"><h3 class='iconbox_content_title  '  itemprop=\"headline\" >KONTAKTIERE UNS<\/h3><\/header><div class='iconbox_content_container  '  itemprop=\"text\" ><p><a href=\"tel:+902326831083\">+44 7395 626392<\/a><br \/>\n<a href=\"https:\/\/wa.me\/905013331083\">+90 552 404 1083<\/a><\/p>\n<\/div><\/div><footer class=\"entry-footer\"><\/footer><\/article><\/div>\n<style type=\"text\/css\" data-created_by=\"avia_inline_auto\" id=\"style-css-av-f6t1m-8fd8ce6a1d4c49bc24c270069706ae4a\">\n.flex_column.av-f6t1m-8fd8ce6a1d4c49bc24c270069706ae4a{\npadding:0 0 0 40px;\n}\n<\/style>\n<div class='flex_column av-f6t1m-8fd8ce6a1d4c49bc24c270069706ae4a av_one_third  avia-builder-el-24  el_after_av_one_third  avia-builder-el-last  no_margin flex_column_div '   ><style type=\"text\/css\" data-created_by=\"avia_inline_auto\" id=\"style-css-av-alpde-309609207a36ec95c029cd4053a367f7\">\n#top #wrap_all .iconbox.av-alpde-309609207a36ec95c029cd4053a367f7 .iconbox_content_title{\nfont-size:15px;\n}\n.iconbox.av-alpde-309609207a36ec95c029cd4053a367f7 .iconbox_content_container{\nfont-size:15px;\n}\n<\/style>\n<article  class=\"iconbox iconbox_left_content av-alpde-309609207a36ec95c029cd4053a367f7 av-icon-style-no-border  avia-builder-el-25  avia-builder-el-no-sibling  \"  itemscope=\"itemscope\" itemtype=\"https:\/\/schema.org\/CreativeWork\" ><div class=\"iconbox_icon heading-color\" aria-hidden='true' data-av_icon='\uf139' data-av_iconfont='lvy_'><\/div><div class=\"iconbox_content\"><header class=\"entry-content-header\"><h3 class='iconbox_content_title  '  itemprop=\"headline\" >EINEN TERMIN MACHEN<\/h3><\/header><div class='iconbox_content_container  '  itemprop=\"text\" ><p><a href=\"mailto:info@turkuazport.com\">info@turkuazport.com<\/a><\/p>\n<\/div><\/div><footer class=\"entry-footer\"><\/footer><\/article><\/div><\/div><\/div><\/div><!-- close content main div --><\/div><\/div><div id='after_section_2'  class='main_color av_default_container_wrap container_wrap sidebar_right'  ><div class='container av-section-cont-open' ><div class='template-page content  av-content-small alpha units'><div class='post-entry post-entry-type-page post-entry-818'><div class='entry-content-wrapper clearfix'>\n","protected":false},"excerpt":{"rendered":"","protected":false},"author":1,"featured_media":0,"parent":0,"menu_order":0,"comment_status":"closed","ping_status":"closed","template":"","meta":{"footnotes":""},"class_list":["post-818","page","type-page","status-publish","hentry"],"_links":{"self":[{"href":"https:\/\/turkuazport.com\/de\/wp-json\/wp\/v2\/pages\/818","targetHints":{"allow":["GET"]}}],"collection":[{"href":"https:\/\/turkuazport.com\/de\/wp-json\/wp\/v2\/pages"}],"about":[{"href":"https:\/\/turkuazport.com\/de\/wp-json\/wp\/v2\/types\/page"}],"author":[{"embeddable":true,"href":"https:\/\/turkuazport.com\/de\/wp-json\/wp\/v2\/users\/1"}],"replies":[{"embeddable":true,"href":"https:\/\/turkuazport.com\/de\/wp-json\/wp\/v2\/comments?post=818"}],"version-history":[{"count":14,"href":"https:\/\/turkuazport.com\/de\/wp-json\/wp\/v2\/pages\/818\/revisions"}],"predecessor-version":[{"id":1603,"href":"https:\/\/turkuazport.com\/de\/wp-json\/wp\/v2\/pages\/818\/revisions\/1603"}],"wp:attachment":[{"href":"https:\/\/turkuazport.com\/de\/wp-json\/wp\/v2\/media?parent=818"}],"curies":[{"name":"wp","href":"https:\/\/api.w.org\/{rel}","templated":true}]}}