{"id":824,"date":"2022-01-13T15:42:54","date_gmt":"2022-01-13T12:42:54","guid":{"rendered":"https:\/\/turkuazport.com\/de\/?page_id=824"},"modified":"2025-10-15T23:11:05","modified_gmt":"2025-10-15T20:11:05","slug":"botox","status":"publish","type":"page","link":"https:\/\/turkuazport.com\/de\/botox\/","title":{"rendered":"Botox"},"content":{"rendered":"<div id='av-layout-grid-1'  class='av-layout-grid-container entry-content-wrapper main_color av-flex-cells     avia-builder-el-0  el_before_av_section  avia-builder-el-first  ana-hizmet-grid container_wrap sidebar_right'  >\n<div class=\"flex_cell no_margin av_one_full  avia-builder-el-1  avia-builder-el-no-sibling   \"  style='vertical-align:top; padding:30px; ' ><div class='flex_cell_inner' ><p>\n<style type=\"text\/css\" data-created_by=\"avia_inline_auto\" id=\"style-css-av-1rjb88-edb795ebdbf5897d34516f2d10cfde29\">\n#top .hr.hr-invisible.av-1rjb88-edb795ebdbf5897d34516f2d10cfde29{\nheight:50px;\n}\n<\/style>\n<div  class='hr av-1rjb88-edb795ebdbf5897d34516f2d10cfde29 hr-invisible  avia-builder-el-2  el_before_av_heading  avia-builder-el-first  '><span class='hr-inner '><span class=\"hr-inner-style\"><\/span><\/span><\/div><br \/>\n\n<style type=\"text\/css\" data-created_by=\"avia_inline_auto\" id=\"style-css-av-1ln8yw-5bf8e933d7bc56befa57eb837c504e6c\">\n#top .av-special-heading.av-1ln8yw-5bf8e933d7bc56befa57eb837c504e6c{\npadding-bottom:10px;\ncolor:#edfafc;\nfont-size:100px;\n}\n.av-special-heading.av-1ln8yw-5bf8e933d7bc56befa57eb837c504e6c .special-heading-inner-border{\nborder-color:#edfafc;\n}\n<\/style>\n<div  class='av-special-heading av-1ln8yw-5bf8e933d7bc56befa57eb837c504e6c av-special-heading-h2 custom-color-heading blockquote modern-quote modern-centered  avia-builder-el-3  el_after_av_hr  el_before_av_heading  lg-title av-inherit-size '><h2 class='av-special-heading-tag '  itemprop=\"headline\"  >Turkuaz Dental<\/h2><div class='special-heading-border'><div class='special-heading-inner-border'><\/div><\/div><\/div><br \/>\n\n<style type=\"text\/css\" data-created_by=\"avia_inline_auto\" id=\"style-css-av-kycyq800-388e987ac7b7eb6dc884e7a89952cf65\">\n#top .av-special-heading.av-kycyq800-388e987ac7b7eb6dc884e7a89952cf65{\npadding-bottom:10px;\nfont-size:50px;\n}\n<\/style>\n<div  class='av-special-heading av-kycyq800-388e987ac7b7eb6dc884e7a89952cf65 av-special-heading-h2 blockquote modern-quote modern-centered  avia-builder-el-4  el_after_av_heading  el_before_av_font_icon  title-with-border av-inherit-size '><h2 class='av-special-heading-tag '  itemprop=\"headline\"  >Kinn-Botox<\/h2><div class='special-heading-border'><div class='special-heading-inner-border'><\/div><\/div><\/div><br \/>\n\n<style type=\"text\/css\" data-created_by=\"avia_inline_auto\" id=\"style-css-av-kycyqqx4-2667618d41fcf96fa4217bd57c9dfd50\">\n.av_font_icon.av-kycyqqx4-2667618d41fcf96fa4217bd57c9dfd50{\ncolor:#0adeff;\nborder-color:#0adeff;\n}\n.av_font_icon.av-kycyqqx4-2667618d41fcf96fa4217bd57c9dfd50 .av-icon-char{\nfont-size:70px;\nline-height:70px;\n}\n<\/style>\n<span  class=\"av_font_icon av-kycyqqx4-2667618d41fcf96fa4217bd57c9dfd50 avia_animate_when_visible av-icon-style- avia-icon-pos-center avia-icon-animate \"><span class='av-icon-char' aria-hidden='true' data-av_icon='\uf101' data-av_iconfont='cenebotoksu' ><\/span><\/span><br \/>\n\n<style type=\"text\/css\" data-created_by=\"avia_inline_auto\" id=\"style-css-av-1f1ibs-47c82956bff55dba9164a3558be70d1c\">\n#top .hr.hr-invisible.av-1f1ibs-47c82956bff55dba9164a3558be70d1c{\nheight:50px;\n}\n<\/style>\n<div  class='hr av-1f1ibs-47c82956bff55dba9164a3558be70d1c hr-invisible  avia-builder-el-6  el_after_av_font_icon  el_before_av_one_half  '><span class='hr-inner '><span class=\"hr-inner-style\"><\/span><\/span><\/div><br \/>\n<div class='flex_column av-199oug-1b697ae9a3a2abe2b9ad171a82b8db1f av_one_half  avia-builder-el-7  el_after_av_hr  el_before_av_one_half  first flex_column_div  av-animated-generic left-to-right '   ><style type=\"text\/css\" data-created_by=\"avia_inline_auto\" id=\"style-css-av-kycyump0-c5dff0cc5867af007fc8f7a2bf383344\">\n.avia-image-container.av-kycyump0-c5dff0cc5867af007fc8f7a2bf383344 .av-image-caption-overlay-center{\ncolor:#ffffff;\n}\n<\/style>\n<div  class='avia-image-container av-kycyump0-c5dff0cc5867af007fc8f7a2bf383344 av-styling- avia_animated_image avia_animate_when_almost_visible fade-in avia-align-center  avia-builder-el-8  avia-builder-el-no-sibling  '  itemprop=\"image\" itemscope=\"itemscope\" itemtype=\"https:\/\/schema.org\/ImageObject\" ><div class=\"avia-image-container-inner\"><div class=\"avia-image-overlay-wrap\"><img decoding=\"async\" class='wp-image-827 avia-img-lazy-loading-not-827 avia_image' src=\"https:\/\/turkuazport.com\/de\/wp-content\/uploads\/2022\/01\/cenebotoksu.jpg\" alt='' title='Cosmetician gives chin botox injection to patient'  height=\"667\" width=\"1000\"  itemprop=\"thumbnailUrl\" srcset=\"https:\/\/turkuazport.com\/de\/wp-content\/uploads\/2022\/01\/cenebotoksu.jpg 1000w, https:\/\/turkuazport.com\/de\/wp-content\/uploads\/2022\/01\/cenebotoksu-300x200.jpg 300w, https:\/\/turkuazport.com\/de\/wp-content\/uploads\/2022\/01\/cenebotoksu-768x512.jpg 768w, https:\/\/turkuazport.com\/de\/wp-content\/uploads\/2022\/01\/cenebotoksu-705x470.jpg 705w\" sizes=\"(max-width: 1000px) 100vw, 1000px\" \/><\/div><\/div><\/div><\/div>\n<style type=\"text\/css\" data-created_by=\"avia_inline_auto\" id=\"style-css-av-14emdk-c5ba3e94558406ba98d49f304166d966\">\n.flex_column.av-14emdk-c5ba3e94558406ba98d49f304166d966{\npadding:0 0 0 30px;\n}\n<\/style>\n<div class='flex_column av-14emdk-c5ba3e94558406ba98d49f304166d966 av_one_half  avia-builder-el-9  el_after_av_one_half  avia-builder-el-last  flex_column_div  av-animated-generic right-to-left '   ><p>\n<style type=\"text\/css\" data-created_by=\"avia_inline_auto\" id=\"style-css-av-kycyqfa0-fb8402ad2af5d940f1cd2323a8d38397\">\n#top .av-special-heading.av-kycyqfa0-fb8402ad2af5d940f1cd2323a8d38397{\npadding-bottom:0px;\nfont-size:24px;\n}\n<\/style>\n<div  class='av-special-heading av-kycyqfa0-fb8402ad2af5d940f1cd2323a8d38397 av-special-heading-h3 blockquote modern-quote  avia-builder-el-10  el_before_av_textblock  avia-builder-el-first  alt-title av-inherit-size '><h3 class='av-special-heading-tag '  itemprop=\"headline\"  >Was ist Masseter Botox (Kiefer-Botox)?<\/h3><div class='special-heading-border'><div class='special-heading-inner-border'><\/div><\/div><\/div><br \/>\n<section class=\"av_textblock_section \"  itemscope=\"itemscope\" itemtype=\"https:\/\/schema.org\/CreativeWork\" ><div class='avia_textblock  '   itemprop=\"text\" ><p>Bruxismus ist die medizinische Bezeichnung f\u00fcr das unbewusste Zusammenbei\u00dfen und Knirschen der Z\u00e4hne im Wach- und Schlafzustand, was zu k\u00f6rperlich schmerzhaften und schwerwiegenden Zahnproblemen f\u00fchren kann. Chronisches Z\u00e4hneknirschen kann Kopfschmerzen, Ohrenschmerzen, Gesichtsschmerzen und sogar Migr\u00e4ne verursachen. Zahnprobleme aufgrund von Bruxismus umfassen Zahnschmelzverlust, erh\u00f6hte Zahnempfindlichkeit sowie Abflachung und Absplitterung der Z\u00e4hne. Eine weitere Nebenwirkung von Bruxismus ist die Hypertrophie des Kaumuskels, die zu einem stark eckigen Kinn f\u00fchren kann. Unter Kiefer-Botox versteht man die Funktionseinschr\u00e4nkung \u00fcber einen bestimmten Zeitraum durch Auftragen von Botox-Material auf die \u00fcberaktive Kiefermuskulatur. W\u00e4hrend dieser Zeit sind die Ess- und Sprechbewegungen zwar nicht eingeschr\u00e4nkt, die Pressaktivit\u00e4t verschwindet jedoch vollst\u00e4ndig.<\/p>\n<\/div><\/section><br \/>\n\n<style type=\"text\/css\" data-created_by=\"avia_inline_auto\" id=\"style-css-av-kycyvss9-b647b68d0b9e41b32c1d7b2e897fc2c1\">\n#top .av-special-heading.av-kycyvss9-b647b68d0b9e41b32c1d7b2e897fc2c1{\npadding-bottom:0px;\nfont-size:24px;\n}\n<\/style>\n<div  class='av-special-heading av-kycyvss9-b647b68d0b9e41b32c1d7b2e897fc2c1 av-special-heading-h3 blockquote modern-quote  avia-builder-el-12  el_after_av_textblock  el_before_av_textblock  alt-title av-inherit-size '><h3 class='av-special-heading-tag '  itemprop=\"headline\"  >Wie wird Masseter Botox hergestellt? <\/h3><div class='special-heading-border'><div class='special-heading-inner-border'><\/div><\/div><\/div><br \/>\n<section class=\"av_textblock_section \"  itemscope=\"itemscope\" itemtype=\"https:\/\/schema.org\/CreativeWork\" ><div class='avia_textblock  '   itemprop=\"text\" ><p>Durch die Injektion kleiner Dosen Botulinumtoxin direkt in den Kaumuskel (den gro\u00dfen Muskel, der den Kiefer bewegt) wird der Muskel so weit geschw\u00e4cht, dass ein unwillk\u00fcrliches Z\u00e4hneknirschen und Zusammenbei\u00dfen des Kiefers verhindert wird. Dadurch wird die Muskulatur deutlich entspannt und die Abnutzung der Z\u00e4hne durch Knirschen verringert. Willk\u00fcrliche Bewegungen wie Kauen und Mimik werden durch Botox \u00fcberhaupt nicht beeintr\u00e4chtigt. W\u00e4hrend dieses Vorgangs, der etwa 10 Minuten dauert, versp\u00fcrt der Patient keine Schmerzen. Nach Abschluss dieses Prozesses ist eine schnelle R\u00fcckkehr ins Gesch\u00e4ftsleben m\u00f6glich.<br \/>\nDie Wirkung von Kinn-Botox setzt 3 Tage nach der Anwendung ein und erreicht ihr Wirkungsmaximum nach 10 Tagen. Abh\u00e4ngig vom Inhalt des Materials h\u00e4lt die Wirkung etwa 4-6 Monate an. Da der Muskel 6 Monate lang nicht beansprucht wird, kommt es zu einem R\u00fcckgang des Muskelvolumens und der Muskelkraft. Ein weiterer Vorteil ist, dass der geschwollene Bereich am Kinnwinkel d\u00fcnner aussieht. Nach Ablauf von 6 Monaten kann es bei Bedarf erneut angewendet werden.<\/p>\n<\/div><\/section><\/p><\/div><\/p>\n<\/div><\/div>\n<\/div>\n<div id='av_section_1'  class='avia-section av-wjyg8-4692b53d828234546d5509d6ff451efb main_color avia-section-default avia-no-border-styling  avia-builder-el-14  el_after_av_layout_row  el_before_av_section  avia-bg-style-scroll  container_wrap sidebar_right'  ><div class='container av-section-cont-open' ><div class='template-page content  av-content-small alpha units'><div class='post-entry post-entry-type-page post-entry-824'><div class='entry-content-wrapper clearfix'>\n<div class='flex_column av-s2xds-f807513b4fb0d445340d8fc7608cb3ed av_one_fourth  avia-builder-el-15  el_before_av_one_half  avia-builder-el-first  first flex_column_div '   ><\/div>\n<style type=\"text\/css\" data-created_by=\"avia_inline_auto\" id=\"style-css-av-krmzk-532c4d6417565f2322282a8a99d1794f\">\n.flex_column.av-krmzk-532c4d6417565f2322282a8a99d1794f{\nborder-radius:10px 10px 10px 10px;\n-webkit-border-radius:10px 10px 10px 10px;\n-moz-border-radius:10px 10px 10px 10px;\npadding:30px 30px 0px 30px;\nbackground-color:#f2f2f2;\n}\n<\/style>\n<div class='flex_column av-krmzk-532c4d6417565f2322282a8a99d1794f av_one_half  avia-builder-el-16  el_after_av_one_fourth  el_before_av_one_fourth  flex_column_div  av-animated-generic right-to-left '   ><section class=\"av_textblock_section \"  itemscope=\"itemscope\" itemtype=\"https:\/\/schema.org\/CreativeWork\" ><div class='avia_textblock  '   itemprop=\"text\" >\n<div class=\"wpcf7 no-js\" id=\"wpcf7-f317-o1\" lang=\"tr-TR\" dir=\"ltr\">\n<div class=\"screen-reader-response\"><p role=\"status\" aria-live=\"polite\" aria-atomic=\"true\"><\/p> <ul><\/ul><\/div>\n<form action=\"\/de\/wp-json\/wp\/v2\/pages\/824#wpcf7-f317-o1\" method=\"post\" class=\"wpcf7-form init\" aria-label=\"Contact form\" novalidate=\"novalidate\" data-status=\"init\">\n<div style=\"display: none;\">\n<input type=\"hidden\" name=\"_wpcf7\" value=\"317\" \/>\n<input type=\"hidden\" name=\"_wpcf7_version\" value=\"5.7.7\" \/>\n<input type=\"hidden\" name=\"_wpcf7_locale\" value=\"tr_TR\" \/>\n<input type=\"hidden\" name=\"_wpcf7_unit_tag\" value=\"wpcf7-f317-o1\" \/>\n<input type=\"hidden\" name=\"_wpcf7_container_post\" value=\"0\" \/>\n<input type=\"hidden\" name=\"_wpcf7_posted_data_hash\" value=\"\" \/>\n<\/div>\n<div class=\"cf-sl-form\">\n\t<div class=\"cf-baslik\">\n\t\t<p>Einen Termin machen\n\t\t<\/p>\n\t<\/div>\n\t<div class=\"cf-col-4\">\n\t\t<p><span class=\"wpcf7-form-control-wrap\" data-name=\"your-name\"><input size=\"40\" class=\"wpcf7-form-control wpcf7-text wpcf7-validates-as-required\" aria-required=\"true\" aria-invalid=\"false\" placeholder=\"Name\" value=\"\" type=\"text\" name=\"your-name\" \/><\/span>\n\t\t<\/p>\n\t<\/div>\n\t<div class=\"cf-col-4\">\n\t\t<p><span class=\"wpcf7-form-control-wrap\" data-name=\"your-email\"><input size=\"40\" class=\"wpcf7-form-control wpcf7-text wpcf7-email wpcf7-validates-as-required wpcf7-validates-as-email\" aria-required=\"true\" aria-invalid=\"false\" placeholder=\"E-Mail\" value=\"\" type=\"email\" name=\"your-email\" \/><\/span>\n\t\t<\/p>\n\t<\/div>\n\t<div class=\"cf-col-4\">\n\t\t<p><span class=\"wpcf7-form-control-wrap\" data-name=\"phone\"><input size=\"40\" class=\"wpcf7-form-control wpcf7-text wpcf7-tel wpcf7-validates-as-required wpcf7-validates-as-tel\" aria-required=\"true\" aria-invalid=\"false\" placeholder=\"Telefon\" value=\"\" type=\"tel\" name=\"phone\" \/><\/span>\n\t\t<\/p>\n\t<\/div>\n\t<div class=\"cf-col-4\">\n\t\t<p><span class=\"wpcf7-form-control-wrap\" data-name=\"date\"><input class=\"wpcf7-form-control wpcf7-date wpcf7-validates-as-required wpcf7-validates-as-date\" aria-required=\"true\" aria-invalid=\"false\" placeholder=\"Datum\" value=\"\" type=\"date\" name=\"date\" \/><\/span>\n\t\t<\/p>\n\t<\/div>\n\t<div class=\"cf-col-4\">\n\t\t<p><span class=\"wpcf7-form-control-wrap\" data-name=\"message\"><textarea cols=\"40\" rows=\"10\" class=\"wpcf7-form-control wpcf7-textarea wpcf7-validates-as-required\" aria-required=\"true\" aria-invalid=\"false\" placeholder=\"Ihre Nachricht\" name=\"message\"><\/textarea><\/span>\n\t\t<\/p>\n\t<\/div>\n\t<div class=\"cf-col-1\">\n\t\t<p><input class=\"wpcf7-form-control has-spinner wpcf7-submit\" type=\"submit\" value=\"Senden\" \/>\n\t\t<\/p>\n\t<\/div>\n\t<div class=\"cf-slogan\">\n\t\t<p>Lass uns entwerfen<br \/>\n<span>Ihr gemeinsames L\u00e4cheln<\/span>\n\t\t<\/p>\n\t<\/div>\n<\/div><div class=\"wpcf7-response-output\" aria-hidden=\"true\"><\/div>\n<\/form>\n<\/div>\n\n<\/div><\/section><\/div><div class='flex_column av-9zsso-0b261d568b1717a78fd0f238790ef012 av_one_fourth  avia-builder-el-18  el_after_av_one_half  avia-builder-el-last  flex_column_div '   ><\/div>\n\n<\/div><\/div><\/div><!-- close content main div --><\/div><\/div>\n<style type=\"text\/css\" data-created_by=\"avia_inline_auto\" id=\"style-css-av-1ja8s8-f4d6a5d9ac595c362d69eebd225ca297\">\n.avia-section.av-1ja8s8-f4d6a5d9ac595c362d69eebd225ca297{\nbackground-color:#f9f9f9;\n}\n<\/style>\n<div id='av_section_2'  class='avia-section av-1ja8s8-f4d6a5d9ac595c362d69eebd225ca297 main_color avia-section-small avia-no-border-styling  avia-builder-el-19  el_after_av_section  avia-builder-el-last  menu-alt-sec avia-bg-style-scroll  container_wrap sidebar_right'  ><div class='container av-section-cont-open' ><div class='template-page content  av-content-small alpha units'><div class='post-entry post-entry-type-page post-entry-824'><div class='entry-content-wrapper clearfix'>\n\n<style type=\"text\/css\" data-created_by=\"avia_inline_auto\" id=\"style-css-av-1din0o-fa28bf0d2021e4889615d47b214b3f54\">\n.flex_column.av-1din0o-fa28bf0d2021e4889615d47b214b3f54{\npadding:0 20px 0 0;\n}\n<\/style>\n<div class='flex_column av-1din0o-fa28bf0d2021e4889615d47b214b3f54 av_one_third  avia-builder-el-20  el_before_av_one_third  avia-builder-el-first  first no_margin flex_column_div '   ><style type=\"text\/css\" data-created_by=\"avia_inline_auto\" id=\"style-css-av-19fa8g-01d0192fdbcae31349ed2bd0f73647d3\">\n#top #wrap_all .iconbox.av-19fa8g-01d0192fdbcae31349ed2bd0f73647d3 .iconbox_content_title{\nfont-size:15px;\n}\n.iconbox.av-19fa8g-01d0192fdbcae31349ed2bd0f73647d3 .iconbox_content_container{\nfont-size:15px;\n}\n<\/style>\n<article  class=\"iconbox iconbox_left_content av-19fa8g-01d0192fdbcae31349ed2bd0f73647d3 av-icon-style-no-border  avia-builder-el-21  avia-builder-el-no-sibling  \"  itemscope=\"itemscope\" itemtype=\"https:\/\/schema.org\/CreativeWork\" ><div class=\"iconbox_icon heading-color\" aria-hidden='true' data-av_icon='\uf177' data-av_iconfont='lvy_'><\/div><div class=\"iconbox_content\"><header class=\"entry-content-header\"><h3 class='iconbox_content_title  '  itemprop=\"headline\" >ALSANCAK - \u0130ZM\u0130R<\/h3><\/header><div class='iconbox_content_container  '  itemprop=\"text\" ><p>Akdeniz Mah. Atat\u00fcrk Cad. No:162\/A Gegen\u00fcber der Kantar-Polizeistation Pasaport\u2013Alsancak\u2013\u0130ZM\u0130R-TURKEI<\/p>\n<\/div><\/div><footer class=\"entry-footer\"><\/footer><\/article><\/div>\n<style type=\"text\/css\" data-created_by=\"avia_inline_auto\" id=\"style-css-av-138ydk-2ab0c1dfbe295111e887adf41e675527\">\n.flex_column.av-138ydk-2ab0c1dfbe295111e887adf41e675527{\npadding:0 0 0 40px;\n}\n<\/style>\n<div class='flex_column av-138ydk-2ab0c1dfbe295111e887adf41e675527 av_one_third  avia-builder-el-22  el_after_av_one_third  el_before_av_one_third  no_margin flex_column_div '   ><style type=\"text\/css\" data-created_by=\"avia_inline_auto\" id=\"style-css-av-z32jk-856bcd7c4f7dab1be45dd0e8c1479c22\">\n#top #wrap_all .iconbox.av-z32jk-856bcd7c4f7dab1be45dd0e8c1479c22 .iconbox_content_title{\nfont-size:15px;\n}\n.iconbox.av-z32jk-856bcd7c4f7dab1be45dd0e8c1479c22 .iconbox_content_container{\nfont-size:15px;\n}\n<\/style>\n<article  class=\"iconbox iconbox_left_content av-z32jk-856bcd7c4f7dab1be45dd0e8c1479c22 av-icon-style-no-border  avia-builder-el-23  avia-builder-el-no-sibling  \"  itemscope=\"itemscope\" itemtype=\"https:\/\/schema.org\/CreativeWork\" ><div class=\"iconbox_icon heading-color\" aria-hidden='true' data-av_icon='\uf11b' data-av_iconfont='lvy_'><\/div><div class=\"iconbox_content\"><header class=\"entry-content-header\"><h3 class='iconbox_content_title  '  itemprop=\"headline\" >KONTAKTIERE UNS<\/h3><\/header><div class='iconbox_content_container  '  itemprop=\"text\" ><p><a href=\"tel:+902326831083\">+44 7395 626392<\/a><br \/>\n<a href=\"https:\/\/wa.me\/905013331083\">+90 552 404 1083<\/a><\/p>\n<\/div><\/div><footer class=\"entry-footer\"><\/footer><\/article><\/div>\n<style type=\"text\/css\" data-created_by=\"avia_inline_auto\" id=\"style-css-av-gdi34-51504ff7eef8ac3602cef2c409020ce1\">\n.flex_column.av-gdi34-51504ff7eef8ac3602cef2c409020ce1{\npadding:0 0 0 40px;\n}\n<\/style>\n<div class='flex_column av-gdi34-51504ff7eef8ac3602cef2c409020ce1 av_one_third  avia-builder-el-24  el_after_av_one_third  avia-builder-el-last  no_margin flex_column_div '   ><style type=\"text\/css\" data-created_by=\"avia_inline_auto\" id=\"style-css-av-albhk-3894a17fb0a7dbfcc50fa2bb184db847\">\n#top #wrap_all .iconbox.av-albhk-3894a17fb0a7dbfcc50fa2bb184db847 .iconbox_content_title{\nfont-size:15px;\n}\n.iconbox.av-albhk-3894a17fb0a7dbfcc50fa2bb184db847 .iconbox_content_container{\nfont-size:15px;\n}\n<\/style>\n<article  class=\"iconbox iconbox_left_content av-albhk-3894a17fb0a7dbfcc50fa2bb184db847 av-icon-style-no-border  avia-builder-el-25  avia-builder-el-no-sibling  \"  itemscope=\"itemscope\" itemtype=\"https:\/\/schema.org\/CreativeWork\" ><div class=\"iconbox_icon heading-color\" aria-hidden='true' data-av_icon='\uf139' data-av_iconfont='lvy_'><\/div><div class=\"iconbox_content\"><header class=\"entry-content-header\"><h3 class='iconbox_content_title  '  itemprop=\"headline\" >EINEN TERMIN MACHEN<\/h3><\/header><div class='iconbox_content_container  '  itemprop=\"text\" ><p><a href=\"mailto:info@turkuazport.com\">info@turkuazport.com<\/a><\/p>\n<\/div><\/div><footer class=\"entry-footer\"><\/footer><\/article><\/div><\/div><\/div><\/div><!-- close content main div --><\/div><\/div><div id='after_section_2'  class='main_color av_default_container_wrap container_wrap sidebar_right'  ><div class='container av-section-cont-open' ><div class='template-page content  av-content-small alpha units'><div class='post-entry post-entry-type-page post-entry-824'><div class='entry-content-wrapper clearfix'>\n","protected":false},"excerpt":{"rendered":"","protected":false},"author":1,"featured_media":0,"parent":0,"menu_order":0,"comment_status":"closed","ping_status":"closed","template":"","meta":{"footnotes":""},"class_list":["post-824","page","type-page","status-publish","hentry"],"_links":{"self":[{"href":"https:\/\/turkuazport.com\/de\/wp-json\/wp\/v2\/pages\/824","targetHints":{"allow":["GET"]}}],"collection":[{"href":"https:\/\/turkuazport.com\/de\/wp-json\/wp\/v2\/pages"}],"about":[{"href":"https:\/\/turkuazport.com\/de\/wp-json\/wp\/v2\/types\/page"}],"author":[{"embeddable":true,"href":"https:\/\/turkuazport.com\/de\/wp-json\/wp\/v2\/users\/1"}],"replies":[{"embeddable":true,"href":"https:\/\/turkuazport.com\/de\/wp-json\/wp\/v2\/comments?post=824"}],"version-history":[{"count":14,"href":"https:\/\/turkuazport.com\/de\/wp-json\/wp\/v2\/pages\/824\/revisions"}],"predecessor-version":[{"id":1571,"href":"https:\/\/turkuazport.com\/de\/wp-json\/wp\/v2\/pages\/824\/revisions\/1571"}],"wp:attachment":[{"href":"https:\/\/turkuazport.com\/de\/wp-json\/wp\/v2\/media?parent=824"}],"curies":[{"name":"wp","href":"https:\/\/api.w.org\/{rel}","templated":true}]}}