{"id":905,"date":"2022-02-17T16:16:14","date_gmt":"2022-02-17T13:16:14","guid":{"rendered":"https:\/\/turkuazport.com\/de\/?page_id=905"},"modified":"2025-10-15T23:22:45","modified_gmt":"2025-10-15T20:22:45","slug":"unser-team","status":"publish","type":"page","link":"https:\/\/turkuazport.com\/de\/unser-team\/","title":{"rendered":"Unser Team"},"content":{"rendered":"<div id='av-layout-grid-1'  class='av-layout-grid-container entry-content-wrapper main_color av-flex-cells     avia-builder-el-0  el_before_av_section  avia-builder-el-first  ana-hizmet-grid container_wrap sidebar_right'  >\n<div class=\"flex_cell no_margin av_one_full  avia-builder-el-1  avia-builder-el-no-sibling   \"  style='vertical-align:top; padding:30px; ' ><div class='flex_cell_inner' ><p>\n<style type=\"text\/css\" data-created_by=\"avia_inline_auto\" id=\"style-css-av-ctl7l-28d3e19caad9799f0f97f183b391f9af\">\n#top .hr.hr-invisible.av-ctl7l-28d3e19caad9799f0f97f183b391f9af{\nheight:50px;\n}\n<\/style>\n<div  class='hr av-ctl7l-28d3e19caad9799f0f97f183b391f9af hr-invisible  avia-builder-el-2  el_before_av_heading  avia-builder-el-first  '><span class='hr-inner '><span class=\"hr-inner-style\"><\/span><\/span><\/div><br \/>\n\n<style type=\"text\/css\" data-created_by=\"avia_inline_auto\" id=\"style-css-av-70iz5-43b63e992da6c71ae017d465d3029fee\">\n#top .av-special-heading.av-70iz5-43b63e992da6c71ae017d465d3029fee{\npadding-bottom:10px;\ncolor:#edfafc;\nfont-size:100px;\n}\n.av-special-heading.av-70iz5-43b63e992da6c71ae017d465d3029fee .special-heading-inner-border{\nborder-color:#edfafc;\n}\n<\/style>\n<div  class='av-special-heading av-70iz5-43b63e992da6c71ae017d465d3029fee av-special-heading-h2 custom-color-heading blockquote modern-quote modern-centered  avia-builder-el-3  el_after_av_hr  el_before_av_heading  lg-title av-inherit-size '><h2 class='av-special-heading-tag '  itemprop=\"headline\"  >Turkuaz Dental<\/h2><div class='special-heading-border'><div class='special-heading-inner-border'><\/div><\/div><\/div><br \/>\n\n<style type=\"text\/css\" data-created_by=\"avia_inline_auto\" id=\"style-css-av-kzr0dd6y-46f2d287ec8d867d8d966e8df109ce23\">\n#top .av-special-heading.av-kzr0dd6y-46f2d287ec8d867d8d966e8df109ce23{\npadding-bottom:10px;\nfont-size:50px;\n}\n.av-special-heading.av-kzr0dd6y-46f2d287ec8d867d8d966e8df109ce23 .av-subheading{\nfont-size:15px;\n}\n<\/style>\n<div  class='av-special-heading av-kzr0dd6y-46f2d287ec8d867d8d966e8df109ce23 av-special-heading-h2 blockquote modern-quote modern-centered  avia-builder-el-4  el_after_av_heading  avia-builder-el-last  title-with-border av-inherit-size '><div class='av-subheading av-subheading_above '><p>Unsere professionellen Fachzahn\u00e4rzte<\/p>\n<\/div><h2 class='av-special-heading-tag '  itemprop=\"headline\"  >Lernen Sie unser Team kennen<\/h2><div class='special-heading-border'><div class='special-heading-inner-border'><\/div><\/div><\/div><\/p>\n<\/div><\/div>\n<\/div>\n<div id='talat-camlikaya'  class='avia-section av-kpint-7b77597a35e3a168bf1ee180865b5914 main_color avia-section-default avia-no-border-styling  avia-builder-el-5  el_after_av_layout_row  el_before_av_section  avia-bg-style-scroll  container_wrap sidebar_right'  ><div class='container av-section-cont-open' ><div class='template-page content  av-content-small alpha units'><div class='post-entry post-entry-type-page post-entry-905'><div class='entry-content-wrapper clearfix'>\n<div class='flex_column av-fv095-cc57867a6d40c83d54a00d5baecb2aff av_one_fourth  avia-builder-el-6  el_before_av_three_fourth  avia-builder-el-first  first flex_column_div  av-animated-generic bottom-to-top '   ><section  class='avia-team-member   avia-builder-el-7  avia-builder-el-no-sibling '  itemscope=\"itemscope\" itemtype=\"https:\/\/schema.org\/Person\" ><div class='team-img-container'><img decoding=\"async\" width=\"570\" height=\"846\" class='wp-image-1451 avia-img-lazy-loading-not-1451 avia_image avia_image_team' src=\"https:\/\/turkuazport.com\/de\/wp-content\/uploads\/2023\/08\/talat-bey.jpg\" alt='Zahnarzt Talat \u00c7AMLIKAYA'  itemprop=\"image\" srcset=\"https:\/\/turkuazport.com\/de\/wp-content\/uploads\/2023\/08\/talat-bey.jpg 570w, https:\/\/turkuazport.com\/de\/wp-content\/uploads\/2023\/08\/talat-bey-202x300.jpg 202w, https:\/\/turkuazport.com\/de\/wp-content\/uploads\/2023\/08\/talat-bey-475x705.jpg 475w\" sizes=\"(max-width: 570px) 100vw, 570px\" \/><\/div><h3 class='team-member-name'    itemprop=\"name\" >Zahnarzt Talat \u00c7AMLIKAYA<\/h3><span class='hidden team-member-affiliation'  itemprop=\"affiliation\" >Private Zahnklinik Turkuazport - Zahnaufhellung - Implantatoperation<\/span><\/section><\/div>\n<style type=\"text\/css\" data-created_by=\"avia_inline_auto\" id=\"style-css-av-1vva9d-e9f6450343370014b0b5e70bc44e19db\">\n.flex_column.av-1vva9d-e9f6450343370014b0b5e70bc44e19db{\npadding:30px 30px 30px 30px;\nbox-shadow:0 0 4px 0 #eaeaea;\n-webkit-box-shadow:0 0 4px 0 #eaeaea;\n-moz-box-shadow:0 0 4px 0 #eaeaea;\n}\n<\/style>\n<div class='flex_column av-1vva9d-e9f6450343370014b0b5e70bc44e19db av_three_fourth  avia-builder-el-8  el_after_av_one_fourth  avia-builder-el-last  flex_column_div  av-animated-generic bottom-to-top '   ><p><section class=\"av_textblock_section \"  itemscope=\"itemscope\" itemtype=\"https:\/\/schema.org\/CreativeWork\" ><div class='avia_textblock  '   itemprop=\"text\" ><p>Er ist der Gr\u00fcndungsarzt der TURKUAZ PORT Clinics. Er absolvierte die Fakult\u00e4t f\u00fcr Zahnmedizin der Universit\u00e4t Gazi. Er erhielt zwei Jahre lang eine englische \u00dcbersetzungs- und Sprechausbildung am Institut f\u00fcr Fremdsprachen der 9-Eyl\u00fcl-Universit\u00e4t. Er erhielt eine Ausbildung in Notfallmedizin an der medizinischen Fakult\u00e4t der Ege-Universit\u00e4t, Abteilung f\u00fcr An\u00e4sthesiologie, und eine Ausbildung zum rationalen Drogenkonsumenten an der pharmazeutischen Fakult\u00e4t der Ege-Universit\u00e4t.<\/p>\n<p>Seit 2000 arbeitet er als Zahnarzt und verantwortlicher Manager in der von ihm gegr\u00fcndeten privaten Poliklinik f\u00fcr Mund- und Zahngesundheit Turkuazport 1 in Izmir-Buca. Seit 2023 arbeitet er als Zahnarzt und verantwortlicher Manager in der privaten Poliklinik f\u00fcr Mund- und Zahngesundheit Turkuazport 2 in \u0130zmir\/Alsancak.<\/p>\n<\/div><\/section><br \/>\n\n<style type=\"text\/css\" data-created_by=\"avia_inline_auto\" id=\"style-css-av-lj5dkwvq-3b5699bf4e7fc3e4586ee35ad8c9fa62\">\n#top .togglecontainer.av-lj5dkwvq-3b5699bf4e7fc3e4586ee35ad8c9fa62 p.toggler{\nborder-color:#33d4ed;\n}\n#top .togglecontainer.av-lj5dkwvq-3b5699bf4e7fc3e4586ee35ad8c9fa62 p.toggler:not(.activeTitle):hover .toggle_icon, #top .togglecontainer.av-lj5dkwvq-3b5699bf4e7fc3e4586ee35ad8c9fa62 p.toggler:not(.activeTitle):hover .toggle_icon *{\nborder-color:#33d4ed !important;\n}\n#top .togglecontainer.av-lj5dkwvq-3b5699bf4e7fc3e4586ee35ad8c9fa62 .toggle_wrap .toggle_content{\nborder-color:#33d4ed;\n}\n<\/style>\n<div  class='togglecontainer av-lj5dkwvq-3b5699bf4e7fc3e4586ee35ad8c9fa62 av-elegant-toggle  avia-builder-el-10  el_after_av_textblock  avia-builder-el-last  toggle_close_all ' >\n<section class='av_toggle_section av-lj5dkvgp-5512affb524464c10064aca75c442c19'  itemscope=\"itemscope\" itemtype=\"https:\/\/schema.org\/CreativeWork\" ><div role=\"tablist\" class=\"single_toggle\" data-tags=\"{Alle} \"  ><p data-fake-id='#toggle-id-1' class='toggler   av-inherit-border-color'  itemprop=\"headline\"  role='tab' tabindex='0' aria-controls='toggle-id-1'>MEHR<span class=\"toggle_icon\"><span class=\"vert_icon\"><\/span><span class=\"hor_icon\"><\/span><\/span><\/p><div id='toggle-id-1' class='toggle_wrap  '  ><div class='toggle_content invers-color av-inherit-border-color'  itemprop=\"text\" ><p>\u2022 FORTGESCHRITTENE CHIRURGISCHE PROZESSE<br \/>\n\u2013 Implantattechniken<br \/>\n\u2013 Impaktierte Weisheitsz\u00e4hne<br \/>\n\u2013 Zahnwurzelzystenoperation<br \/>\n\u2022 PROTHETISCHE BEHANDLUNGEN<br \/>\n\u2013 laminiert,<br \/>\n\u2013 Zirkonkronen<br \/>\n\u2013 3 metallgest\u00fctzte Porzellane<br \/>\n\u2013 festsitzender herausnehmbarer Zahnersatz auf Implantaten)<br \/>\n\u2022 \u00c4STHETISCHE WIEDERHERSTELLUNG DER VORDEREN ZONE<br \/>\n. Verbundeinlage<br \/>\n. Fettdrucksystem<br \/>\n\u2022 L\u00c4CHELNDES DESIGN<br \/>\n\u2022 DIGITALE ZAHNMEDIZIN<br \/>\nEr erhielt zahlreiche Schulungen im In- und Ausland, insbesondere in den Bereichen Chirurgie und Wiederherstellung von Funktionsst\u00f6rungen.<\/p>\n<p>Die Ausbildung, die er erhielt, und die wissenschaftlichen Kongresse, an denen er teilnahm;<br \/>\n* Endopor-Implantat-Schulung<br \/>\n* IMPLANTATCHIRURGISCHE KOMPLIKATIONEN, DIE ZU FORTGESCHRITTENEN IMPLANTATCHIRURGIE-Schulungen f\u00fchren k\u00f6nnen<br \/>\n\u2022 2003 Endopor-Implantatschulungen<br \/>\n\u2022 2008 Biohorizon ADVANCED LEVEL IMPLANTATKURS USA\/San Diego *<br \/>\n\u2022 2011 USA Los Angeles Advanced Level Implant Training<br \/>\n\u2022 Dubai International Scientific Congress 2012<br \/>\n\u2022 2012 Hongkong \/ Wissenschaftlicher Kongress<br \/>\n2013 IMPLANTAT-DECKPROTHESE<br \/>\n2014 \u00c4STHETISCHE ZAHNMEDIZIN ANTALYA\/T\u00fcrkei<br \/>\nKongress f\u00fcr \u00e4sthetische Zahnheilkunde 2013\/Istanbul<br \/>\n2015 LASERANWENDUNG f\u00fcr weiches und hartes Gewebe in meiner Zahnheilkunde \u2013 Istanbul<br \/>\n2016 BOTOX-ANWENDUNGSTraining\/Izmir<br \/>\nWissenschaftlicher Kongress der Universit\u00e4t des Nahen Ostens Zyperns 2020<\/p>\n<\/div><\/div><\/div><\/section>\n<\/div><\/p><\/div>\n\n<\/div><\/div><\/div><!-- close content main div --><\/div><\/div><div id='gulsum-carkci'  class='avia-section av-lj5extaa-86471004a050e3074e3e636ce504409a main_color avia-section-default avia-no-border-styling  avia-builder-el-11  el_after_av_section  el_before_av_section  avia-bg-style-scroll  container_wrap sidebar_right'  ><div class='container av-section-cont-open' ><div class='template-page content  av-content-small alpha units'><div class='post-entry post-entry-type-page post-entry-905'><div class='entry-content-wrapper clearfix'>\n<div class='flex_column av-26sxk1-98110257bfba5d4fc861b2eb936c7481 av_one_fourth  avia-builder-el-12  el_before_av_three_fourth  avia-builder-el-first  first flex_column_div  av-animated-generic bottom-to-top '   ><section  class='avia-team-member   avia-builder-el-13  avia-builder-el-no-sibling '  itemscope=\"itemscope\" itemtype=\"https:\/\/schema.org\/Person\" ><div class='team-img-container'><img decoding=\"async\" width=\"570\" height=\"846\" class='wp-image-1106 avia-img-lazy-loading-not-1106 avia_image avia_image_team' src=\"https:\/\/turkuazport.com\/de\/wp-content\/uploads\/2023\/06\/3333.jpg\" alt='Facharzt Dr. Zahnarzt G\u00fcls\u00fcm \u00c7ARK\u00c7I'  itemprop=\"image\" srcset=\"https:\/\/turkuazport.com\/de\/wp-content\/uploads\/2023\/06\/3333.jpg 570w, https:\/\/turkuazport.com\/de\/wp-content\/uploads\/2023\/06\/3333-202x300.jpg 202w, https:\/\/turkuazport.com\/de\/wp-content\/uploads\/2023\/06\/3333-475x705.jpg 475w\" sizes=\"(max-width: 570px) 100vw, 570px\" \/><\/div><h3 class='team-member-name'    itemprop=\"name\" >Facharzt Dr. Zahnarzt G\u00fcls\u00fcm \u00c7ARK\u00c7I<\/h3><span class='hidden team-member-affiliation'  itemprop=\"affiliation\" >Private Zahnklinik Turkuazport - Zahnaufhellung - Implantatoperation<\/span><\/section><\/div>\n<style type=\"text\/css\" data-created_by=\"avia_inline_auto\" id=\"style-css-av-1wc3yx-5667336c34ec849221ce5b101b5c419f\">\n.flex_column.av-1wc3yx-5667336c34ec849221ce5b101b5c419f{\npadding:30px 30px 30px 30px;\nbox-shadow:0 0 4px 0 #eaeaea;\n-webkit-box-shadow:0 0 4px 0 #eaeaea;\n-moz-box-shadow:0 0 4px 0 #eaeaea;\n}\n<\/style>\n<div class='flex_column av-1wc3yx-5667336c34ec849221ce5b101b5c419f av_three_fourth  avia-builder-el-14  el_after_av_one_fourth  avia-builder-el-last  flex_column_div  av-animated-generic bottom-to-top '   id=\"gulsum-carkci\"  ><p><section class=\"av_textblock_section \"  itemscope=\"itemscope\" itemtype=\"https:\/\/schema.org\/CreativeWork\" ><div class='avia_textblock  '   itemprop=\"text\" ><p>Der Zahnarzt G\u00fcls\u00fcm \u00c7ark\u00e7\u0131 schloss 2010 sein Studium an der Fakult\u00e4t f\u00fcr Zahnmedizin der Universit\u00e4t Sel\u00e7uk ab. Sie promovierte an der Fakult\u00e4t f\u00fcr Zahnmedizin der Universit\u00e4t K\u0131r\u0131kkale in der Abteilung f\u00fcr Endodontie und erhielt den Titel eines Facharztes und Arztes. Sie arbeitet als wissenschaftlicher Mitarbeiter an der Bezmialem Vak\u0131f Universit\u00e4t, Fakult\u00e4t f\u00fcr Zahnmedizin, Abteilung f\u00fcr Endodontie.<\/p>\n<\/div><\/section><br \/>\n\n<style type=\"text\/css\" data-created_by=\"avia_inline_auto\" id=\"style-css-av-1im40p-eeefc0fdbcc0dbff731017513b2c2329\">\n#top .togglecontainer.av-1im40p-eeefc0fdbcc0dbff731017513b2c2329 p.toggler{\nborder-color:#33d4ed;\n}\n#top .togglecontainer.av-1im40p-eeefc0fdbcc0dbff731017513b2c2329 p.toggler:not(.activeTitle):hover .toggle_icon, #top .togglecontainer.av-1im40p-eeefc0fdbcc0dbff731017513b2c2329 p.toggler:not(.activeTitle):hover .toggle_icon *{\nborder-color:#33d4ed !important;\n}\n#top .togglecontainer.av-1im40p-eeefc0fdbcc0dbff731017513b2c2329 .toggle_wrap .toggle_content{\nborder-color:#33d4ed;\n}\n<\/style>\n<div  class='togglecontainer av-1im40p-eeefc0fdbcc0dbff731017513b2c2329 av-elegant-toggle  avia-builder-el-16  el_after_av_textblock  avia-builder-el-last  toggle_close_all ' >\n<section class='av_toggle_section av-1go0vd-eb92e2410d6098b5ad39d52961035ef0'  itemscope=\"itemscope\" itemtype=\"https:\/\/schema.org\/CreativeWork\" ><div role=\"tablist\" class=\"single_toggle\" data-tags=\"{Alle} \"  ><p data-fake-id='#toggle-id-2' class='toggler   av-inherit-border-color'  itemprop=\"headline\"  role='tab' tabindex='0' aria-controls='toggle-id-2'>MEHR<span class=\"toggle_icon\"><span class=\"vert_icon\"><\/span><span class=\"hor_icon\"><\/span><\/span><\/p><div id='toggle-id-2' class='toggle_wrap  '  ><div class='toggle_content invers-color av-inherit-border-color'  itemprop=\"text\" ><p>Teilnahme an Schulungen, Kursen und wissenschaftlichen Tagungen;<\/p>\n<ul>\n<li>Das 4 E\u2019s of Endodontics Symposium 2011 (17.\u201319. M\u00e4rz, Isparta)<\/li>\n<li>Kurs \u201eAngewandte Endodontie\u201c (Pro Taper System-Kurs)<\/li>\n<li>Kurs \u201eAngewandte Endodontie\u201c (Wave One Systemkurs)<\/li>\n<li>Kurs f\u00fcr angewandte \u00e4sthetische Restaurationen<\/li>\n<li>Kurs \u201eAngewandte Endodontie\u201c (Sybronendo System B-Kurs)<\/li>\n<li>Kurs \u201eAngewandte Endodontie\u201c (Sybronendo Twisted Files-Kurs)<\/li>\n<li>Wissenschaftliche Winterveranstaltung der T\u00fcrkischen Endodontischen Gesellschaft<\/li>\n<\/ul>\n<\/div><\/div><\/div><\/section>\n<\/div><\/p><\/div>\n\n<\/div><\/div><\/div><!-- close content main div --><\/div><\/div>\n<style type=\"text\/css\" data-created_by=\"avia_inline_auto\" id=\"style-css-av-1l2501-be9b4e8218f33bb2b073ae1b025a86d9\">\n.avia-section.av-1l2501-be9b4e8218f33bb2b073ae1b025a86d9{\nbackground-color:#f9f9f9;\n}\n<\/style>\n<div id='av_section_3'  class='avia-section av-1l2501-be9b4e8218f33bb2b073ae1b025a86d9 main_color avia-section-small avia-no-border-styling  avia-builder-el-17  el_after_av_section  avia-builder-el-last  menu-alt-sec avia-bg-style-scroll  container_wrap sidebar_right'  ><div class='container av-section-cont-open' ><div class='template-page content  av-content-small alpha units'><div class='post-entry post-entry-type-page post-entry-905'><div class='entry-content-wrapper clearfix'>\n\n<style type=\"text\/css\" data-created_by=\"avia_inline_auto\" id=\"style-css-av-1gucht-b05541a75dfa69327154670cd3bc07ab\">\n.flex_column.av-1gucht-b05541a75dfa69327154670cd3bc07ab{\npadding:0 20px 0 0;\n}\n<\/style>\n<div class='flex_column av-1gucht-b05541a75dfa69327154670cd3bc07ab av_one_third  avia-builder-el-18  el_before_av_one_third  avia-builder-el-first  first no_margin flex_column_div '   ><style type=\"text\/css\" data-created_by=\"avia_inline_auto\" id=\"style-css-av-18izhl-57d7824597ddbda8d1f9b184631d9781\">\n#top #wrap_all .iconbox.av-18izhl-57d7824597ddbda8d1f9b184631d9781 .iconbox_content_title{\nfont-size:15px;\n}\n.iconbox.av-18izhl-57d7824597ddbda8d1f9b184631d9781 .iconbox_content_container{\nfont-size:15px;\n}\n<\/style>\n<article  class=\"iconbox iconbox_left_content av-18izhl-57d7824597ddbda8d1f9b184631d9781 av-icon-style-no-border  avia-builder-el-19  avia-builder-el-no-sibling  \"  itemscope=\"itemscope\" itemtype=\"https:\/\/schema.org\/CreativeWork\" ><div class=\"iconbox_icon heading-color\" aria-hidden='true' data-av_icon='\uf177' data-av_iconfont='lvy_'><\/div><div class=\"iconbox_content\"><header class=\"entry-content-header\"><h3 class='iconbox_content_title  '  itemprop=\"headline\" >ALSANCAK - \u0130ZM\u0130R<\/h3><\/header><div class='iconbox_content_container  '  itemprop=\"text\" ><p>Akdeniz Mah. Atat\u00fcrk Cad. No:162\/A Gegen\u00fcber der Kantar-Polizeistation Pasaport\u2013Alsancak\u2013\u0130ZM\u0130R-TURKEI<\/p>\n<\/div><\/div><footer class=\"entry-footer\"><\/footer><\/article><\/div>\n<style type=\"text\/css\" data-created_by=\"avia_inline_auto\" id=\"style-css-av-11526p-0bed06d5a573893625952e2d64cb41c3\">\n.flex_column.av-11526p-0bed06d5a573893625952e2d64cb41c3{\npadding:0 0 0 40px;\n}\n<\/style>\n<div class='flex_column av-11526p-0bed06d5a573893625952e2d64cb41c3 av_one_third  avia-builder-el-20  el_after_av_one_third  el_before_av_one_third  no_margin flex_column_div '   ><style type=\"text\/css\" data-created_by=\"avia_inline_auto\" id=\"style-css-av-wbas9-1c8ef53ddfe34b05957b4f80200b9720\">\n#top #wrap_all .iconbox.av-wbas9-1c8ef53ddfe34b05957b4f80200b9720 .iconbox_content_title{\nfont-size:15px;\n}\n.iconbox.av-wbas9-1c8ef53ddfe34b05957b4f80200b9720 .iconbox_content_container{\nfont-size:15px;\n}\n<\/style>\n<article  class=\"iconbox iconbox_left_content av-wbas9-1c8ef53ddfe34b05957b4f80200b9720 av-icon-style-no-border  avia-builder-el-21  avia-builder-el-no-sibling  \"  itemscope=\"itemscope\" itemtype=\"https:\/\/schema.org\/CreativeWork\" ><div class=\"iconbox_icon heading-color\" aria-hidden='true' data-av_icon='\uf11b' data-av_iconfont='lvy_'><\/div><div class=\"iconbox_content\"><header class=\"entry-content-header\"><h3 class='iconbox_content_title  '  itemprop=\"headline\" >KONTAKTIERE UNS<\/h3><\/header><div class='iconbox_content_container  '  itemprop=\"text\" ><p><a href=\"tel:+902326831083\">+44 7395 626392<\/a><br \/>\n<a href=\"https:\/\/wa.me\/905013331083\">+90 552 404 1083<\/a><\/p>\n<\/div><\/div><footer class=\"entry-footer\"><\/footer><\/article><\/div>\n<style type=\"text\/css\" data-created_by=\"avia_inline_auto\" id=\"style-css-av-h5ky9-3d5d53c3e39e12ea0ec0bdd722d2a305\">\n.flex_column.av-h5ky9-3d5d53c3e39e12ea0ec0bdd722d2a305{\npadding:0 0 0 40px;\n}\n<\/style>\n<div class='flex_column av-h5ky9-3d5d53c3e39e12ea0ec0bdd722d2a305 av_one_third  avia-builder-el-22  el_after_av_one_third  avia-builder-el-last  no_margin flex_column_div '   ><style type=\"text\/css\" data-created_by=\"avia_inline_auto\" id=\"style-css-av-az1dl-91f599fdccd15e80b1dc7bace533390e\">\n#top #wrap_all .iconbox.av-az1dl-91f599fdccd15e80b1dc7bace533390e .iconbox_content_title{\nfont-size:15px;\n}\n.iconbox.av-az1dl-91f599fdccd15e80b1dc7bace533390e .iconbox_content_container{\nfont-size:15px;\n}\n<\/style>\n<article  class=\"iconbox iconbox_left_content av-az1dl-91f599fdccd15e80b1dc7bace533390e av-icon-style-no-border  avia-builder-el-23  avia-builder-el-no-sibling  \"  itemscope=\"itemscope\" itemtype=\"https:\/\/schema.org\/CreativeWork\" ><div class=\"iconbox_icon heading-color\" aria-hidden='true' data-av_icon='\uf139' data-av_iconfont='lvy_'><\/div><div class=\"iconbox_content\"><header class=\"entry-content-header\"><h3 class='iconbox_content_title  '  itemprop=\"headline\" >EINEN TERMIN MACHEN<\/h3><\/header><div class='iconbox_content_container  '  itemprop=\"text\" ><p><a href=\"mailto:info@turkuazport.com\">info@turkuazport.com<\/a><\/p>\n<\/div><\/div><footer class=\"entry-footer\"><\/footer><\/article><\/div><\/div><\/div><\/div><!-- close content main div --><\/div><\/div><div id='after_section_3'  class='main_color av_default_container_wrap container_wrap sidebar_right'  ><div class='container av-section-cont-open' ><div class='template-page content  av-content-small alpha units'><div class='post-entry post-entry-type-page post-entry-905'><div class='entry-content-wrapper clearfix'>\n","protected":false},"excerpt":{"rendered":"","protected":false},"author":1,"featured_media":0,"parent":0,"menu_order":0,"comment_status":"closed","ping_status":"closed","template":"","meta":{"footnotes":""},"class_list":["post-905","page","type-page","status-publish","hentry"],"_links":{"self":[{"href":"https:\/\/turkuazport.com\/de\/wp-json\/wp\/v2\/pages\/905","targetHints":{"allow":["GET"]}}],"collection":[{"href":"https:\/\/turkuazport.com\/de\/wp-json\/wp\/v2\/pages"}],"about":[{"href":"https:\/\/turkuazport.com\/de\/wp-json\/wp\/v2\/types\/page"}],"author":[{"embeddable":true,"href":"https:\/\/turkuazport.com\/de\/wp-json\/wp\/v2\/users\/1"}],"replies":[{"embeddable":true,"href":"https:\/\/turkuazport.com\/de\/wp-json\/wp\/v2\/comments?post=905"}],"version-history":[{"count":63,"href":"https:\/\/turkuazport.com\/de\/wp-json\/wp\/v2\/pages\/905\/revisions"}],"predecessor-version":[{"id":1606,"href":"https:\/\/turkuazport.com\/de\/wp-json\/wp\/v2\/pages\/905\/revisions\/1606"}],"wp:attachment":[{"href":"https:\/\/turkuazport.com\/de\/wp-json\/wp\/v2\/media?parent=905"}],"curies":[{"name":"wp","href":"https:\/\/api.w.org\/{rel}","templated":true}]}}