{"id":790,"date":"2022-01-13T14:52:39","date_gmt":"2022-01-13T11:52:39","guid":{"rendered":"https:\/\/turkuazport.com\/fr\/?page_id=790"},"modified":"2025-10-15T23:29:04","modified_gmt":"2025-10-15T20:29:04","slug":"endodontie","status":"publish","type":"page","link":"https:\/\/turkuazport.com\/fr\/endodontie\/","title":{"rendered":"Endodontie"},"content":{"rendered":"<div id='av-layout-grid-1'  class='av-layout-grid-container entry-content-wrapper main_color av-flex-cells     avia-builder-el-0  el_before_av_section  avia-builder-el-first  ana-hizmet-grid container_wrap sidebar_right'  >\n<div class=\"flex_cell no_margin av_one_full  avia-builder-el-1  avia-builder-el-no-sibling   \"  style='vertical-align:top; padding:30px; ' ><div class='flex_cell_inner' ><p>\n<style type=\"text\/css\" data-created_by=\"avia_inline_auto\" id=\"style-css-av-dhvcm-d3ac97f18724fb93e3798525524a9b89\">\n#top .hr.hr-invisible.av-dhvcm-d3ac97f18724fb93e3798525524a9b89{\nheight:50px;\n}\n<\/style>\n<div  class='hr av-dhvcm-d3ac97f18724fb93e3798525524a9b89 hr-invisible  avia-builder-el-2  el_before_av_heading  avia-builder-el-first  '><span class='hr-inner '><span class=\"hr-inner-style\"><\/span><\/span><\/div><br \/>\n\n<style type=\"text\/css\" data-created_by=\"avia_inline_auto\" id=\"style-css-av-3jkvz2-dce0ea279a03eabef77ddd9af035c23e\">\n#top .av-special-heading.av-3jkvz2-dce0ea279a03eabef77ddd9af035c23e{\npadding-bottom:10px;\ncolor:#edfafc;\nfont-size:100px;\n}\n.av-special-heading.av-3jkvz2-dce0ea279a03eabef77ddd9af035c23e .special-heading-inner-border{\nborder-color:#edfafc;\n}\n<\/style>\n<div  class='av-special-heading av-3jkvz2-dce0ea279a03eabef77ddd9af035c23e av-special-heading-h2 custom-color-heading blockquote modern-quote modern-centered  avia-builder-el-3  el_after_av_hr  el_before_av_heading  lg-title av-inherit-size '><h2 class='av-special-heading-tag '  itemprop=\"headline\"  >Dentaire Turquoise<\/h2><div class='special-heading-border'><div class='special-heading-inner-border'><\/div><\/div><\/div><br \/>\n\n<style type=\"text\/css\" data-created_by=\"avia_inline_auto\" id=\"style-css-av-c5lp2-ced62715361e432898a82e78d3d2b488\">\n#top .av-special-heading.av-c5lp2-ced62715361e432898a82e78d3d2b488{\npadding-bottom:10px;\nfont-size:50px;\n}\n<\/style>\n<div  class='av-special-heading av-c5lp2-ced62715361e432898a82e78d3d2b488 av-special-heading-h2 blockquote modern-quote modern-centered  avia-builder-el-4  el_after_av_heading  el_before_av_font_icon  title-with-border av-inherit-size '><h2 class='av-special-heading-tag '  itemprop=\"headline\"  >Endodontie<\/h2><div class='special-heading-border'><div class='special-heading-inner-border'><\/div><\/div><\/div><br \/>\n\n<style type=\"text\/css\" data-created_by=\"avia_inline_auto\" id=\"style-css-av-kycx65fq-920b71c10abd827bbb85279645e7997d\">\n.av_font_icon.av-kycx65fq-920b71c10abd827bbb85279645e7997d{\ncolor:#0adeff;\nborder-color:#0adeff;\n}\n.av_font_icon.av-kycx65fq-920b71c10abd827bbb85279645e7997d .av-icon-char{\nfont-size:70px;\nline-height:70px;\n}\n<\/style>\n<span  class=\"av_font_icon av-kycx65fq-920b71c10abd827bbb85279645e7997d avia_animate_when_visible av-icon-style- avia-icon-pos-center avia-icon-animate \"><span class='av-icon-char' aria-hidden='true' data-av_icon='\uf101' data-av_iconfont='endo_' ><\/span><\/span><br \/>\n\n<style type=\"text\/css\" data-created_by=\"avia_inline_auto\" id=\"style-css-av-39lqym-1de2b0a70b6b624064dbce72a56b4c9a\">\n#top .hr.hr-invisible.av-39lqym-1de2b0a70b6b624064dbce72a56b4c9a{\nheight:50px;\n}\n<\/style>\n<div  class='hr av-39lqym-1de2b0a70b6b624064dbce72a56b4c9a hr-invisible  avia-builder-el-6  el_after_av_font_icon  el_before_av_one_half  '><span class='hr-inner '><span class=\"hr-inner-style\"><\/span><\/span><\/div><br \/>\n<div class='flex_column av-34vbxi-82b6649e63373c27d5fa67d97904fe9e av_one_half  avia-builder-el-7  el_after_av_hr  el_before_av_one_half  first flex_column_div  av-animated-generic left-to-right '   ><p>\n<style type=\"text\/css\" data-created_by=\"avia_inline_auto\" id=\"style-css-av-kycwz2gr-192456de65a357aeb8be8d3282806592\">\n.avia-image-container.av-kycwz2gr-192456de65a357aeb8be8d3282806592 .av-image-caption-overlay-center{\ncolor:#ffffff;\n}\n<\/style>\n<div  class='avia-image-container av-kycwz2gr-192456de65a357aeb8be8d3282806592 av-styling- avia_animated_image avia_animate_when_almost_visible fade-in avia-align-center  avia-builder-el-8  el_before_av_heading  avia-builder-el-first  '  itemprop=\"image\" itemscope=\"itemscope\" itemtype=\"https:\/\/schema.org\/ImageObject\" ><div class=\"avia-image-container-inner\"><div class=\"avia-image-overlay-wrap\"><img decoding=\"async\" class='wp-image-793 avia-img-lazy-loading-not-793 avia_image' src=\"https:\/\/turkuazport.com\/fr\/wp-content\/uploads\/2022\/01\/endodonti.jpg\" alt='' title='Endodontics'  height=\"666\" width=\"1000\"  itemprop=\"thumbnailUrl\" srcset=\"https:\/\/turkuazport.com\/fr\/wp-content\/uploads\/2022\/01\/endodonti.jpg 1000w, https:\/\/turkuazport.com\/fr\/wp-content\/uploads\/2022\/01\/endodonti-300x200.jpg 300w, https:\/\/turkuazport.com\/fr\/wp-content\/uploads\/2022\/01\/endodonti-768x511.jpg 768w, https:\/\/turkuazport.com\/fr\/wp-content\/uploads\/2022\/01\/endodonti-705x470.jpg 705w\" sizes=\"(max-width: 1000px) 100vw, 1000px\" \/><\/div><\/div><\/div><br \/>\n\n<style type=\"text\/css\" data-created_by=\"avia_inline_auto\" id=\"style-css-av-kycxen1e-1806ec4bfdd10ff87ce1c92c6e7356b3\">\n#top .av-special-heading.av-kycxen1e-1806ec4bfdd10ff87ce1c92c6e7356b3{\npadding-bottom:0px;\nfont-size:24px;\n}\n<\/style>\n<div  class='av-special-heading av-kycxen1e-1806ec4bfdd10ff87ce1c92c6e7356b3 av-special-heading-h3 blockquote modern-quote  avia-builder-el-9  el_after_av_image  el_before_av_textblock  alt-title av-inherit-size '><h3 class='av-special-heading-tag '  itemprop=\"headline\"  > Vais-je ressentir de la douleur pendant ou apr\u00e8s la proc\u00e9dure ?<\/h3><div class='special-heading-border'><div class='special-heading-inner-border'><\/div><\/div><\/div><br \/>\n<section class=\"av_textblock_section \"  itemscope=\"itemscope\" itemtype=\"https:\/\/schema.org\/CreativeWork\" ><div class='avia_textblock  '   itemprop=\"text\" ><p><span class=\"\">Gr\u00e2ce aux techniques et aux anesth\u00e9siques modernes, les patients ne ressentent aucune douleur pendant la proc\u00e9dure.\u00a0<\/span>Une sensibilit\u00e9 dentaire mineure dans les premiers jours suivant le traitement est un effet secondaire normal attendu.<\/p>\n<\/div><\/section><br \/>\n\n<style type=\"text\/css\" data-created_by=\"avia_inline_auto\" id=\"style-css-av-kycxft9w-cb78abeb8bb2ff7ef6b5db4cab2b027e\">\n#top .av-special-heading.av-kycxft9w-cb78abeb8bb2ff7ef6b5db4cab2b027e{\npadding-bottom:0px;\nfont-size:24px;\n}\n<\/style>\n<div  class='av-special-heading av-kycxft9w-cb78abeb8bb2ff7ef6b5db4cab2b027e av-special-heading-h3 blockquote modern-quote  avia-builder-el-11  el_after_av_textblock  el_before_av_textblock  alt-title av-inherit-size '><h3 class='av-special-heading-tag '  itemprop=\"headline\"  >Le traitement de canal peut-il \u00eatre effectu\u00e9 sur toutes les dents ? <\/h3><div class='special-heading-border'><div class='special-heading-inner-border'><\/div><\/div><\/div><br \/>\n<section class=\"av_textblock_section \"  itemscope=\"itemscope\" itemtype=\"https:\/\/schema.org\/CreativeWork\" ><div class='avia_textblock  '   itemprop=\"text\" ><p>Des r\u00e9sultats r\u00e9ussis sont obtenus en effectuant un traitement de canal radiculaire sur de nombreuses dents.\u00a0Dans certains cas, \u00e9tant donn\u00e9 que les extr\u00e9mit\u00e9s du canal radiculaire ne sont pas accessibles (le m\u00e9decin ne peut pas atteindre l&#8217;extr\u00e9mit\u00e9 de la racine car les canaux sont trop \u00e9troits, fins ou trop courbes ou m\u00eame certains canaux sont bloqu\u00e9s), la racine est gravement cass\u00e9e, la dent n&#8217;a pas support osseux suffisant, ou la dent est trop endommag\u00e9e pour \u00eatre restaur\u00e9e, car elle ne peut pas \u00eatre r\u00e9cup\u00e9r\u00e9e.<\/p>\n<\/div><\/section><br \/>\n\n<style type=\"text\/css\" data-created_by=\"avia_inline_auto\" id=\"style-css-av-kycxhyvj-73791522135864947c07e98cb4a920b0\">\n#top .av-special-heading.av-kycxhyvj-73791522135864947c07e98cb4a920b0{\npadding-bottom:0px;\nfont-size:24px;\n}\n<\/style>\n<div  class='av-special-heading av-kycxhyvj-73791522135864947c07e98cb4a920b0 av-special-heading-h3 blockquote modern-quote  avia-builder-el-13  el_after_av_textblock  el_before_av_textblock  alt-title av-inherit-size '><h3 class='av-special-heading-tag '  itemprop=\"headline\"  >Y aura-t-il \u00e0 nouveau de la douleur dans la dent trait\u00e9e par le canal radiculaire ? Que faire en cas de nouvelle douleur ?<\/h3><div class='special-heading-border'><div class='special-heading-inner-border'><\/div><\/div><\/div><br \/>\n<section class=\"av_textblock_section \"  itemscope=\"itemscope\" itemtype=\"https:\/\/schema.org\/CreativeWork\" ><div class='avia_textblock  '   itemprop=\"text\" ><p>Une dent qui a subi un traitement de canal est une dent qui a perdu sa vitalit\u00e9.\u00a0Cependant, il continue \u00e0 fonctionner dans la bouche.\u00a0Comme toute autre dent, elle peut \u00eatre \u00e0 nouveau infect\u00e9e.\u00a0L&#8217;inflammation peut se reproduire \u00e0 l&#8217;extr\u00e9mit\u00e9 de la racine.\u00a0S&#8217;il y a de la douleur dans une dent avec des signes de r\u00e9infection et qu&#8217;un traitement de canal radiculaire a \u00e9t\u00e9 appliqu\u00e9, un traitement de recanalisation est appliqu\u00e9 \u00e0 la dent.\u00a0Votre dentiste d\u00e9cidera du traitement appropri\u00e9 et vous guidera.<\/p>\n<\/div><\/section><\/p><\/div>\n<style type=\"text\/css\" data-created_by=\"avia_inline_auto\" id=\"style-css-av-2yhr9q-84d762a2dc20ecc2eb32b3156a7e5d04\">\n.flex_column.av-2yhr9q-84d762a2dc20ecc2eb32b3156a7e5d04{\npadding:0 0 0 30px;\n}\n<\/style>\n<div class='flex_column av-2yhr9q-84d762a2dc20ecc2eb32b3156a7e5d04 av_one_half  avia-builder-el-15  el_after_av_one_half  avia-builder-el-last  flex_column_div  av-animated-generic right-to-left '   ><p>\n<style type=\"text\/css\" data-created_by=\"avia_inline_auto\" id=\"style-css-av-2qtcni-53b05a905365030abe2ec03107cb5f50\">\n#top .av-special-heading.av-2qtcni-53b05a905365030abe2ec03107cb5f50{\npadding-bottom:0px;\nfont-size:24px;\n}\n<\/style>\n<div  class='av-special-heading av-2qtcni-53b05a905365030abe2ec03107cb5f50 av-special-heading-h3 blockquote modern-quote  avia-builder-el-16  el_before_av_textblock  avia-builder-el-first  alt-title av-inherit-size '><h3 class='av-special-heading-tag '  itemprop=\"headline\"  >(Traitement canalaire) Qu\u2019est-ce que le traitement endodontique ? <\/h3><div class='special-heading-border'><div class='special-heading-inner-border'><\/div><\/div><\/div><br \/>\n<section class=\"av_textblock_section \"  itemscope=\"itemscope\" itemtype=\"https:\/\/schema.org\/CreativeWork\" ><div class='avia_textblock  '   itemprop=\"text\" ><p>\u00c0 l&#8217;int\u00e9rieur de la dent, sous les couches dures appel\u00e9es \u00e9mail et dentine, se trouve un tissu mou appel\u00e9 pulpe (nerf dentaire).\u00a0La pulpe contient des vaisseaux sanguins et des nerfs.\u00a0Le traitement du canal radiculaire est n\u00e9cessaire lorsque le tissu pulpaire \u00e0 l&#8217;int\u00e9rieur du canal radiculaire est endommag\u00e9 et enflamm\u00e9.\u00a0Le but de ce traitement est de garder le plus possible la dent du patient en bouche et de s&#8217;assurer que la dent continue \u00e0 fonctionner m\u00eame si elle perd de sa vitalit\u00e9.<\/p>\n<\/div><\/section><br \/>\n\n<style type=\"text\/css\" data-created_by=\"avia_inline_auto\" id=\"style-css-av-kycxbcvu-ed732031b4477613eedaae438ea96c25\">\n#top .av-special-heading.av-kycxbcvu-ed732031b4477613eedaae438ea96c25{\npadding-bottom:0px;\nfont-size:24px;\n}\n<\/style>\n<div  class='av-special-heading av-kycxbcvu-ed732031b4477613eedaae438ea96c25 av-special-heading-h3 blockquote modern-quote  avia-builder-el-18  el_after_av_textblock  el_before_av_textblock  alt-title av-inherit-size '><h3 class='av-special-heading-tag '  itemprop=\"headline\"  >Pour quelles dents le traitement de canal est -il appropri\u00e9 ?<\/h3><div class='special-heading-border'><div class='special-heading-inner-border'><\/div><\/div><\/div><br \/>\n<section class=\"av_textblock_section \"  itemscope=\"itemscope\" itemtype=\"https:\/\/schema.org\/CreativeWork\" ><div class='avia_textblock  '   itemprop=\"text\" ><p>Le traitement du canal radiculaire doit \u00eatre effectu\u00e9 sur les dents qui sont douloureuses, qui ont une sensibilit\u00e9 \u00e0 long terme au chaud ou au froid, qui sont sensibles au toucher et \u00e0 la mastication, qui pr\u00e9sentent une d\u00e9coloration de la dent et un gonflement et un \u00e9coulement dans les tissus osseux et gingivaux voisins.\u00a0Parfois, cependant, le tissu pulpaire peut \u00eatre endommag\u00e9 m\u00eame s&#8217;il ne pr\u00e9sente aucun sympt\u00f4me.\u00a0Les dommages \u00e0 la pulpe peuvent avoir diverses causes;\u00a0La cause la plus fr\u00e9quente est la carie profonde de la dent.\u00a0Cependant, il est \u00e9galement possible d&#8217;affecter indirectement la pulpe dans certaines maladies gingivales.\u00a0De plus, les fractures et les fissures qui peuvent survenir dans la dent en raison d&#8217;un traumatisme de la dent peuvent \u00e9galement endommager la pulpe.<\/p>\n<\/div><\/section><br \/>\n\n<style type=\"text\/css\" data-created_by=\"avia_inline_auto\" id=\"style-css-av-kycxd470-0ef47d586a2fb6c315965aa99922ea4a\">\n#top .av-special-heading.av-kycxd470-0ef47d586a2fb6c315965aa99922ea4a{\npadding-bottom:0px;\nfont-size:24px;\n}\n<\/style>\n<div  class='av-special-heading av-kycxd470-0ef47d586a2fb6c315965aa99922ea4a av-special-heading-h3 blockquote modern-quote  avia-builder-el-20  el_after_av_textblock  el_before_av_textblock  alt-title av-inherit-size '><h3 class='av-special-heading-tag '  itemprop=\"headline\"  >Comment le traitement de canal sauve-t-il la dent et combien de temps dure-t-elle?<\/h3><div class='special-heading-border'><div class='special-heading-inner-border'><\/div><\/div><\/div><br \/>\n<section class=\"av_textblock_section \"  itemscope=\"itemscope\" itemtype=\"https:\/\/schema.org\/CreativeWork\" ><div class='avia_textblock  '   itemprop=\"text\" ><p><span class=\"\">Le dentiste enl\u00e8ve la pulpe enflamm\u00e9e ou infect\u00e9e et les tissus environnants de l&#8217;int\u00e9rieur de la dent avec des instruments st\u00e9riles appropri\u00e9s, nettoie soigneusement l&#8217;int\u00e9rieur du canal radiculaire avec des solutions appropri\u00e9es et le fa\u00e7onne pour les mat\u00e9riaux d&#8217;obturation appropri\u00e9s, puis remplit le canal radiculaire compl\u00e8tement et de mani\u00e8re imperm\u00e9able.\u00a0<\/span>Il place ensuite une facette ou une autre restauration (composite ou onlay) sur la couronne de la dent (la partie sup\u00e9rieure que nous m\u00e2chons) pour pr\u00e9server et restaurer la fonction de la dent.\u00a0Apr\u00e8s la restauration, la dent trait\u00e9e par le canal radiculaire continue de fonctionner comme n&#8217;importe quelle autre dent.\u00a0Si elle est bien restaur\u00e9e et qu&#8217;une bonne hygi\u00e8ne bucco-dentaire est assur\u00e9e, la dent qui a subi un traitement de canal peut rester en bouche \u00e0 vie sous le contr\u00f4le d&#8217;un dentiste r\u00e9gulier.<\/p>\n<\/div><\/section><\/p><\/div><\/p>\n<\/div><\/div>\n<\/div>\n<div id='av_section_1'  class='avia-section av-v46zy-3e1789392001bc86a70a72a5b1b23e03 main_color avia-section-default avia-no-border-styling  avia-builder-el-22  el_after_av_layout_row  el_before_av_section  avia-bg-style-scroll  container_wrap sidebar_right'  ><div class='container av-section-cont-open' ><div class='template-page content  av-content-small alpha units'><div class='post-entry post-entry-type-page post-entry-790'><div class='entry-content-wrapper clearfix'>\n<div class='flex_column av-s3tri-69df55b88a06c92b93904c2db3971730 av_one_fourth  avia-builder-el-23  el_before_av_one_half  avia-builder-el-first  first flex_column_div '   ><\/div>\n<style type=\"text\/css\" data-created_by=\"avia_inline_auto\" id=\"style-css-av-kuxse-871cdf7a5a0673aefd296e5dac6edf29\">\n.flex_column.av-kuxse-871cdf7a5a0673aefd296e5dac6edf29{\nborder-radius:10px 10px 10px 10px;\n-webkit-border-radius:10px 10px 10px 10px;\n-moz-border-radius:10px 10px 10px 10px;\npadding:30px 30px 0px 30px;\nbackground-color:#f2f2f2;\n}\n<\/style>\n<div class='flex_column av-kuxse-871cdf7a5a0673aefd296e5dac6edf29 av_one_half  avia-builder-el-24  el_after_av_one_fourth  el_before_av_one_fourth  flex_column_div  av-animated-generic right-to-left '   ><section class=\"av_textblock_section \"  itemscope=\"itemscope\" itemtype=\"https:\/\/schema.org\/CreativeWork\" ><div class='avia_textblock  '   itemprop=\"text\" >\n<div class=\"wpcf7 no-js\" id=\"wpcf7-f317-o1\" lang=\"tr-TR\" dir=\"ltr\">\n<div class=\"screen-reader-response\"><p role=\"status\" aria-live=\"polite\" aria-atomic=\"true\"><\/p> <ul><\/ul><\/div>\n<form action=\"\/fr\/wp-json\/wp\/v2\/pages\/790#wpcf7-f317-o1\" method=\"post\" class=\"wpcf7-form init\" aria-label=\"Contact form\" novalidate=\"novalidate\" data-status=\"init\">\n<div style=\"display: none;\">\n<input type=\"hidden\" name=\"_wpcf7\" value=\"317\" \/>\n<input type=\"hidden\" name=\"_wpcf7_version\" value=\"5.7.7\" \/>\n<input type=\"hidden\" name=\"_wpcf7_locale\" value=\"tr_TR\" \/>\n<input type=\"hidden\" name=\"_wpcf7_unit_tag\" value=\"wpcf7-f317-o1\" \/>\n<input type=\"hidden\" name=\"_wpcf7_container_post\" value=\"0\" \/>\n<input type=\"hidden\" name=\"_wpcf7_posted_data_hash\" value=\"\" \/>\n<\/div>\n<div class=\"cf-sl-form\">\n\t<div class=\"cf-baslik\">\n\t\t<p>Prendre rendez-vous\n\t\t<\/p>\n\t<\/div>\n\t<div class=\"cf-col-4\">\n\t\t<p><span class=\"wpcf7-form-control-wrap\" data-name=\"your-name\"><input size=\"40\" class=\"wpcf7-form-control wpcf7-text wpcf7-validates-as-required\" aria-required=\"true\" aria-invalid=\"false\" placeholder=\"Votre nom\" value=\"\" type=\"text\" name=\"your-name\" \/><\/span>\n\t\t<\/p>\n\t<\/div>\n\t<div class=\"cf-col-4\">\n\t\t<p><span class=\"wpcf7-form-control-wrap\" data-name=\"your-email\"><input size=\"40\" class=\"wpcf7-form-control wpcf7-text wpcf7-email wpcf7-validates-as-required wpcf7-validates-as-email\" aria-required=\"true\" aria-invalid=\"false\" placeholder=\"E-Mail\" value=\"\" type=\"email\" name=\"your-email\" \/><\/span>\n\t\t<\/p>\n\t<\/div>\n\t<div class=\"cf-col-4\">\n\t\t<p><span class=\"wpcf7-form-control-wrap\" data-name=\"phone\"><input size=\"40\" class=\"wpcf7-form-control wpcf7-text wpcf7-tel wpcf7-validates-as-required wpcf7-validates-as-tel\" aria-required=\"true\" aria-invalid=\"false\" placeholder=\"T\u00e9l\u00e9phone\" value=\"\" type=\"tel\" name=\"phone\" \/><\/span>\n\t\t<\/p>\n\t<\/div>\n\t<div class=\"cf-col-4\">\n\t\t<p><span class=\"wpcf7-form-control-wrap\" data-name=\"date\"><input class=\"wpcf7-form-control wpcf7-date wpcf7-validates-as-required wpcf7-validates-as-date\" aria-required=\"true\" aria-invalid=\"false\" placeholder=\"Histoire\" value=\"\" type=\"date\" name=\"date\" \/><\/span>\n\t\t<\/p>\n\t<\/div>\n\t<div class=\"cf-col-4\">\n\t\t<p><span class=\"wpcf7-form-control-wrap\" data-name=\"message\"><textarea cols=\"40\" rows=\"10\" class=\"wpcf7-form-control wpcf7-textarea wpcf7-validates-as-required\" aria-required=\"true\" aria-invalid=\"false\" placeholder=\"votre message\" name=\"message\"><\/textarea><\/span>\n\t\t<\/p>\n\t<\/div>\n\t<div class=\"cf-col-1\">\n\t\t<p><input class=\"wpcf7-form-control has-spinner wpcf7-submit\" type=\"submit\" value=\"Envoyer\" \/>\n\t\t<\/p>\n\t<\/div>\n\t<div class=\"cf-slogan\">\n\t\t<p>Votre sourire ensemble<br \/>\n<span>concevons<\/span>\n\t\t<\/p>\n\t<\/div>\n<\/div><div class=\"wpcf7-response-output\" aria-hidden=\"true\"><\/div>\n<\/form>\n<\/div>\n\n<\/div><\/section><\/div><div class='flex_column av-8d446-fc9b724623057d104d1c044498101723 av_one_fourth  avia-builder-el-26  el_after_av_one_half  avia-builder-el-last  flex_column_div '   ><\/div>\n\n<\/div><\/div><\/div><!-- close content main div --><\/div><\/div>\n<style type=\"text\/css\" data-created_by=\"avia_inline_auto\" id=\"style-css-av-5i96m-0744a7ccc41512533360d56d6c3cf5b5\">\n.avia-section.av-5i96m-0744a7ccc41512533360d56d6c3cf5b5{\nbackground-color:#f9f9f9;\n}\n<\/style>\n<div id='av_section_2'  class='avia-section av-5i96m-0744a7ccc41512533360d56d6c3cf5b5 main_color avia-section-small avia-no-border-styling  avia-builder-el-27  el_after_av_section  avia-builder-el-last  menu-alt-sec avia-bg-style-scroll  container_wrap sidebar_right'  ><div class='container av-section-cont-open' ><div class='template-page content  av-content-small alpha units'><div class='post-entry post-entry-type-page post-entry-790'><div class='entry-content-wrapper clearfix'>\n\n<style type=\"text\/css\" data-created_by=\"avia_inline_auto\" id=\"style-css-av-1eo9g6-989f06b472d48b24ad435c99223be8da\">\n.flex_column.av-1eo9g6-989f06b472d48b24ad435c99223be8da{\npadding:0 20px 0 0;\n}\n<\/style>\n<div class='flex_column av-1eo9g6-989f06b472d48b24ad435c99223be8da av_one_third  avia-builder-el-28  el_before_av_one_third  avia-builder-el-first  first no_margin flex_column_div '   ><style type=\"text\/css\" data-created_by=\"avia_inline_auto\" id=\"style-css-av-1beuli-6d4a259503ddad9fe439e2ba4e63fdd5\">\n#top #wrap_all .iconbox.av-1beuli-6d4a259503ddad9fe439e2ba4e63fdd5 .iconbox_content_title{\nfont-size:15px;\n}\n.iconbox.av-1beuli-6d4a259503ddad9fe439e2ba4e63fdd5 .iconbox_content_container{\nfont-size:15px;\n}\n<\/style>\n<article  class=\"iconbox iconbox_left_content av-1beuli-6d4a259503ddad9fe439e2ba4e63fdd5 av-icon-style-no-border  avia-builder-el-29  avia-builder-el-no-sibling  \"  itemscope=\"itemscope\" itemtype=\"https:\/\/schema.org\/CreativeWork\" ><div class=\"iconbox_icon heading-color\" aria-hidden='true' data-av_icon='\uf177' data-av_iconfont='lvy_'><\/div><div class=\"iconbox_content\"><header class=\"entry-content-header\"><h3 class='iconbox_content_title  '  itemprop=\"headline\" >ALSANCAK - \u0130ZM\u0130R<\/h3><\/header><div class='iconbox_content_container  '  itemprop=\"text\" ><p><span class=\"VIpgJd-yAWNEb-VIpgJd-fmcmS-sn54Q\">Akdeniz Mah.\u00a0<\/span>Atat\u00fcrk Cad.\u00a0<span class=\"\">No:162\/A En face du poste de police de Kantar Passeport\u2013Alsancak\u2013\u0130ZM\u0130R-TURQUIE<\/span><\/p>\n<\/div><\/div><footer class=\"entry-footer\"><\/footer><\/article><\/div>\n<style type=\"text\/css\" data-created_by=\"avia_inline_auto\" id=\"style-css-av-14484e-06c7b267df1eefa910354c47b30a8a38\">\n.flex_column.av-14484e-06c7b267df1eefa910354c47b30a8a38{\npadding:0 0 0 40px;\n}\n<\/style>\n<div class='flex_column av-14484e-06c7b267df1eefa910354c47b30a8a38 av_one_third  avia-builder-el-30  el_after_av_one_third  el_before_av_one_third  no_margin flex_column_div '   ><style type=\"text\/css\" data-created_by=\"avia_inline_auto\" id=\"style-css-av-yvz46-89fd2b69f6d1dc192618e3060ca6e6e4\">\n#top #wrap_all .iconbox.av-yvz46-89fd2b69f6d1dc192618e3060ca6e6e4 .iconbox_content_title{\nfont-size:15px;\n}\n.iconbox.av-yvz46-89fd2b69f6d1dc192618e3060ca6e6e4 .iconbox_content_container{\nfont-size:15px;\n}\n<\/style>\n<article  class=\"iconbox iconbox_left_content av-yvz46-89fd2b69f6d1dc192618e3060ca6e6e4 av-icon-style-no-border  avia-builder-el-31  avia-builder-el-no-sibling  \"  itemscope=\"itemscope\" itemtype=\"https:\/\/schema.org\/CreativeWork\" ><div class=\"iconbox_icon heading-color\" aria-hidden='true' data-av_icon='\uf11b' data-av_iconfont='lvy_'><\/div><div class=\"iconbox_content\"><header class=\"entry-content-header\"><h3 class='iconbox_content_title  '  itemprop=\"headline\" >CONTACTEZ-NOUS<\/h3><\/header><div class='iconbox_content_container  '  itemprop=\"text\" ><p><a href=\"tel:+902326831083\">+44 7395 626392<\/a><br \/>\n<a href=\"https:\/\/wa.me\/905013331083\">+90 552 404 1083<\/a><\/p>\n<\/div><\/div><footer class=\"entry-footer\"><\/footer><\/article><\/div>\n<style type=\"text\/css\" data-created_by=\"avia_inline_auto\" id=\"style-css-av-elsum-ccf9de0b117864b1392cb5e3e3e9f7d0\">\n.flex_column.av-elsum-ccf9de0b117864b1392cb5e3e3e9f7d0{\npadding:0 0 0 40px;\n}\n<\/style>\n<div class='flex_column av-elsum-ccf9de0b117864b1392cb5e3e3e9f7d0 av_one_third  avia-builder-el-32  el_after_av_one_third  avia-builder-el-last  no_margin flex_column_div '   ><style type=\"text\/css\" data-created_by=\"avia_inline_auto\" id=\"style-css-av-9bu46-35b5df694ffcaf8fd00f17bc61def4a3\">\n#top #wrap_all .iconbox.av-9bu46-35b5df694ffcaf8fd00f17bc61def4a3 .iconbox_content_title{\nfont-size:15px;\n}\n.iconbox.av-9bu46-35b5df694ffcaf8fd00f17bc61def4a3 .iconbox_content_container{\nfont-size:15px;\n}\n<\/style>\n<article  class=\"iconbox iconbox_left_content av-9bu46-35b5df694ffcaf8fd00f17bc61def4a3 av-icon-style-no-border  avia-builder-el-33  avia-builder-el-no-sibling  \"  itemscope=\"itemscope\" itemtype=\"https:\/\/schema.org\/CreativeWork\" ><div class=\"iconbox_icon heading-color\" aria-hidden='true' data-av_icon='\uf139' data-av_iconfont='lvy_'><\/div><div class=\"iconbox_content\"><header class=\"entry-content-header\"><h3 class='iconbox_content_title  '  itemprop=\"headline\" >PRENDRE RENDEZ-VOUS<\/h3><\/header><div class='iconbox_content_container  '  itemprop=\"text\" ><p><a href=\"mailto:info@turkuazport.com\">info@turkuazport.com<\/a><\/p>\n<\/div><\/div><footer class=\"entry-footer\"><\/footer><\/article><\/div><\/div><\/div><\/div><!-- close content main div --><\/div><\/div><div id='after_section_2'  class='main_color av_default_container_wrap container_wrap sidebar_right'  ><div class='container av-section-cont-open' ><div class='template-page content  av-content-small alpha units'><div class='post-entry post-entry-type-page post-entry-790'><div class='entry-content-wrapper clearfix'>\n","protected":false},"excerpt":{"rendered":"","protected":false},"author":1,"featured_media":0,"parent":0,"menu_order":0,"comment_status":"closed","ping_status":"closed","template":"","meta":{"footnotes":""},"class_list":["post-790","page","type-page","status-publish","hentry"],"_links":{"self":[{"href":"https:\/\/turkuazport.com\/fr\/wp-json\/wp\/v2\/pages\/790","targetHints":{"allow":["GET"]}}],"collection":[{"href":"https:\/\/turkuazport.com\/fr\/wp-json\/wp\/v2\/pages"}],"about":[{"href":"https:\/\/turkuazport.com\/fr\/wp-json\/wp\/v2\/types\/page"}],"author":[{"embeddable":true,"href":"https:\/\/turkuazport.com\/fr\/wp-json\/wp\/v2\/users\/1"}],"replies":[{"embeddable":true,"href":"https:\/\/turkuazport.com\/fr\/wp-json\/wp\/v2\/comments?post=790"}],"version-history":[{"count":18,"href":"https:\/\/turkuazport.com\/fr\/wp-json\/wp\/v2\/pages\/790\/revisions"}],"predecessor-version":[{"id":1518,"href":"https:\/\/turkuazport.com\/fr\/wp-json\/wp\/v2\/pages\/790\/revisions\/1518"}],"wp:attachment":[{"href":"https:\/\/turkuazport.com\/fr\/wp-json\/wp\/v2\/media?parent=790"}],"curies":[{"name":"wp","href":"https:\/\/api.w.org\/{rel}","templated":true}]}}