{"id":818,"date":"2022-01-13T15:35:02","date_gmt":"2022-01-13T12:35:02","guid":{"rendered":"https:\/\/turkuazport.com\/fr\/?page_id=818"},"modified":"2025-10-15T23:36:19","modified_gmt":"2025-10-15T20:36:19","slug":"ronfler","status":"publish","type":"page","link":"https:\/\/turkuazport.com\/fr\/ronfler\/","title":{"rendered":"Ronfler"},"content":{"rendered":"<div id='av-layout-grid-1'  class='av-layout-grid-container entry-content-wrapper main_color av-flex-cells     avia-builder-el-0  el_before_av_section  avia-builder-el-first  ana-hizmet-grid container_wrap sidebar_right'  >\n<div class=\"flex_cell no_margin av_one_full  avia-builder-el-1  avia-builder-el-no-sibling   \"  style='vertical-align:top; padding:30px; ' ><div class='flex_cell_inner' ><p>\n<style type=\"text\/css\" data-created_by=\"avia_inline_auto\" id=\"style-css-av-1p47f6-95cde86413a25a6fd53e66529cbf97ba\">\n#top .hr.hr-invisible.av-1p47f6-95cde86413a25a6fd53e66529cbf97ba{\nheight:50px;\n}\n<\/style>\n<div  class='hr av-1p47f6-95cde86413a25a6fd53e66529cbf97ba hr-invisible  avia-builder-el-2  el_before_av_heading  avia-builder-el-first  '><span class='hr-inner '><span class=\"hr-inner-style\"><\/span><\/span><\/div><br \/>\n\n<style type=\"text\/css\" data-created_by=\"avia_inline_auto\" id=\"style-css-av-1ks64y-4c2ffa6d8b70ec4715a868b5b6d3227e\">\n#top .av-special-heading.av-1ks64y-4c2ffa6d8b70ec4715a868b5b6d3227e{\npadding-bottom:10px;\ncolor:#edfafc;\nfont-size:100px;\n}\n.av-special-heading.av-1ks64y-4c2ffa6d8b70ec4715a868b5b6d3227e .special-heading-inner-border{\nborder-color:#edfafc;\n}\n<\/style>\n<div  class='av-special-heading av-1ks64y-4c2ffa6d8b70ec4715a868b5b6d3227e av-special-heading-h2 custom-color-heading blockquote modern-quote modern-centered  avia-builder-el-3  el_after_av_hr  el_before_av_heading  lg-title av-inherit-size '><h2 class='av-special-heading-tag '  itemprop=\"headline\"  >Dentaire Turquoise<\/h2><div class='special-heading-border'><div class='special-heading-inner-border'><\/div><\/div><\/div><br \/>\n\n<style type=\"text\/css\" data-created_by=\"avia_inline_auto\" id=\"style-css-av-kycyg723-0c2169a92ee62240b8cecb78a4e2d5d5\">\n#top .av-special-heading.av-kycyg723-0c2169a92ee62240b8cecb78a4e2d5d5{\npadding-bottom:10px;\nfont-size:50px;\n}\n<\/style>\n<div  class='av-special-heading av-kycyg723-0c2169a92ee62240b8cecb78a4e2d5d5 av-special-heading-h2 blockquote modern-quote modern-centered  avia-builder-el-4  el_after_av_heading  el_before_av_font_icon  title-with-border av-inherit-size '><h2 class='av-special-heading-tag '  itemprop=\"headline\"  >Proth\u00e8se de ronflement<\/h2><div class='special-heading-border'><div class='special-heading-inner-border'><\/div><\/div><\/div><br \/>\n\n<style type=\"text\/css\" data-created_by=\"avia_inline_auto\" id=\"style-css-av-kycygrpm-7951cd4f3373976f78f31a40ecd81ed3\">\n.av_font_icon.av-kycygrpm-7951cd4f3373976f78f31a40ecd81ed3{\ncolor:#0adeff;\nborder-color:#0adeff;\n}\n.av_font_icon.av-kycygrpm-7951cd4f3373976f78f31a40ecd81ed3 .av-icon-char{\nfont-size:70px;\nline-height:70px;\n}\n<\/style>\n<span  class=\"av_font_icon av-kycygrpm-7951cd4f3373976f78f31a40ecd81ed3 avia_animate_when_visible av-icon-style- avia-icon-pos-center avia-icon-animate \"><span class='av-icon-char' aria-hidden='true' data-av_icon='\uf104' data-av_iconfont='sonmenu2' ><\/span><\/span><br \/>\n\n<style type=\"text\/css\" data-created_by=\"avia_inline_auto\" id=\"style-css-av-1di2ya-a8c9be1cf6ecd0cacd4b3025562822f5\">\n#top .hr.hr-invisible.av-1di2ya-a8c9be1cf6ecd0cacd4b3025562822f5{\nheight:50px;\n}\n<\/style>\n<div  class='hr av-1di2ya-a8c9be1cf6ecd0cacd4b3025562822f5 hr-invisible  avia-builder-el-6  el_after_av_font_icon  el_before_av_one_half  '><span class='hr-inner '><span class=\"hr-inner-style\"><\/span><\/span><\/div><br \/>\n<div class='flex_column av-18axaq-774678c79759e5e8fd6dba2f7389f762 av_one_half  avia-builder-el-7  el_after_av_hr  el_before_av_one_half  first flex_column_div  av-animated-generic left-to-right '   ><style type=\"text\/css\" data-created_by=\"avia_inline_auto\" id=\"style-css-av-kycyniuj-6997fd06ca412d5638ba1e3222ff8df8\">\n.avia-image-container.av-kycyniuj-6997fd06ca412d5638ba1e3222ff8df8 .av-image-caption-overlay-center{\ncolor:#ffffff;\n}\n<\/style>\n<div  class='avia-image-container av-kycyniuj-6997fd06ca412d5638ba1e3222ff8df8 av-styling- avia_animated_image avia_animate_when_almost_visible fade-in avia-align-center  avia-builder-el-8  avia-builder-el-no-sibling  '  itemprop=\"image\" itemscope=\"itemscope\" itemtype=\"https:\/\/schema.org\/ImageObject\" ><div class=\"avia-image-container-inner\"><div class=\"avia-image-overlay-wrap\"><img decoding=\"async\" class='wp-image-822 avia-img-lazy-loading-not-822 avia_image' src=\"https:\/\/turkuazport.com\/fr\/wp-content\/uploads\/2022\/01\/horlamaprotez.jpg\" alt='' title='horlamaprotez'  height=\"590\" width=\"596\"  itemprop=\"thumbnailUrl\" srcset=\"https:\/\/turkuazport.com\/fr\/wp-content\/uploads\/2022\/01\/horlamaprotez.jpg 596w, https:\/\/turkuazport.com\/fr\/wp-content\/uploads\/2022\/01\/horlamaprotez-300x297.jpg 300w, https:\/\/turkuazport.com\/fr\/wp-content\/uploads\/2022\/01\/horlamaprotez-80x80.jpg 80w, https:\/\/turkuazport.com\/fr\/wp-content\/uploads\/2022\/01\/horlamaprotez-36x36.jpg 36w\" sizes=\"(max-width: 596px) 100vw, 596px\" \/><\/div><\/div><\/div><\/div>\n<style type=\"text\/css\" data-created_by=\"avia_inline_auto\" id=\"style-css-av-11l0yq-aa0ca37402e61d02ef483a0ad1832d7d\">\n.flex_column.av-11l0yq-aa0ca37402e61d02ef483a0ad1832d7d{\npadding:0 0 0 30px;\n}\n<\/style>\n<div class='flex_column av-11l0yq-aa0ca37402e61d02ef483a0ad1832d7d av_one_half  avia-builder-el-9  el_after_av_one_half  avia-builder-el-last  flex_column_div  av-animated-generic right-to-left '   ><p>\n<style type=\"text\/css\" data-created_by=\"avia_inline_auto\" id=\"style-css-av-kycyh6mk-a0d9d3066b31b8c4e4e8cab9f76a0e16\">\n#top .av-special-heading.av-kycyh6mk-a0d9d3066b31b8c4e4e8cab9f76a0e16{\npadding-bottom:0px;\nfont-size:24px;\n}\n<\/style>\n<div  class='av-special-heading av-kycyh6mk-a0d9d3066b31b8c4e4e8cab9f76a0e16 av-special-heading-h3 blockquote modern-quote  avia-builder-el-10  el_before_av_textblock  avia-builder-el-first  alt-title av-inherit-size '><h3 class='av-special-heading-tag '  itemprop=\"headline\"  >Qu\u2019est-ce que la proth\u00e8se anti-ronflement ?<\/h3><div class='special-heading-border'><div class='special-heading-inner-border'><\/div><\/div><\/div><br \/>\n<section class=\"av_textblock_section \"  itemscope=\"itemscope\" itemtype=\"https:\/\/schema.org\/CreativeWork\" ><div class='avia_textblock  '   itemprop=\"text\" ><p>Ronfler;\u00a0Ce sont des sons bruyants et d\u00e9rangeants qui se produisent lorsque nous respirons en raison du r\u00e9tr\u00e9cissement des voies respiratoires entre la bouche, les voies nasales et le nez.\u00a0Lorsque l&#8217;arri\u00e8re de la langue, le palais mou et la luette se collent, des vibrations se produisent pendant la respiration et provoquent le bruit du ronflement.\u00a0La proth\u00e8se anti-ronflement est une proth\u00e8se constitu\u00e9e de plaques port\u00e9es sur les dents inf\u00e9rieures et sup\u00e9rieures de la personne.\u00a0En gardant la m\u00e2choire inf\u00e9rieure vers l&#8217;avant et vers le bas, cela aide \u00e0 ouvrir un peu plus les voies respiratoires pour le passage respiratoire.\u00a0Ainsi, il pr\u00e9vient les ronflements et facilite la respiration.<\/p>\n<\/div><\/section><br \/>\n\n<style type=\"text\/css\" data-created_by=\"avia_inline_auto\" id=\"style-css-av-kycyi7vw-f98c20091729552286638d261e426da8\">\n#top .av-special-heading.av-kycyi7vw-f98c20091729552286638d261e426da8{\npadding-bottom:0px;\nfont-size:24px;\n}\n<\/style>\n<div  class='av-special-heading av-kycyi7vw-f98c20091729552286638d261e426da8 av-special-heading-h3 blockquote modern-quote  avia-builder-el-12  el_after_av_textblock  el_before_av_iconlist  alt-title av-inherit-size '><h3 class='av-special-heading-tag '  itemprop=\"headline\"  >Quels sont les avantages de la proth\u00e8se anti-ronflement ?<\/h3><div class='special-heading-border'><div class='special-heading-inner-border'><\/div><\/div><\/div><br \/>\n<div  class='avia-icon-list-container av-kycyjpd9-440a83044e21505fc64216da41593807  avia-builder-el-13  el_after_av_heading  avia-builder-el-last  '><ul class='avia-icon-list avia_animate_when_almost_visible avia-icon-list-left av-iconlist-small av-kycyjpd9-440a83044e21505fc64216da41593807 avia-iconlist-animate'>\n<li><div class='iconlist_icon av-kycyiljj-b09319fbd0615f943a433f8151a54834 avia-font-entypo-fontello'><span class='iconlist-char ' aria-hidden='true' data-av_icon='\ue812' data-av_iconfont='entypo-fontello'><\/span><\/div><article class=\"article-icon-entry av-iconlist-empty\"  itemscope=\"itemscope\" itemtype=\"https:\/\/schema.org\/CreativeWork\" ><div class='iconlist_content_wrap'><header class=\"entry-content-header\"><div class='av_iconlist_title iconlist_title_small   '  itemprop=\"headline\" >Il est facile et confortable \u00e0 utiliser.<\/div><\/header><div class='iconlist_content  '  itemprop=\"text\" ><\/div><\/div><footer class=\"entry-footer\"><\/footer><\/article><div class='iconlist-timeline'><\/div><\/li>\n<li><div class='iconlist_icon av-kycyiljj-de17eadd26df28e44a3014edd6bf05c1 avia-font-entypo-fontello'><span class='iconlist-char ' aria-hidden='true' data-av_icon='\ue812' data-av_iconfont='entypo-fontello'><\/span><\/div><article class=\"article-icon-entry av-iconlist-empty\"  itemscope=\"itemscope\" itemtype=\"https:\/\/schema.org\/CreativeWork\" ><div class='iconlist_content_wrap'><header class=\"entry-content-header\"><div class='av_iconlist_title iconlist_title_small   '  itemprop=\"headline\" >Il r\u00e9duit les ronflements et l\u2018apn\u00e9e du sommeil d\u00e8s son utilisation. (La plupart du temps, il arr\u00eate le ronflement et l\u2019apn\u00e9e du sommeil d\u00e8s la premi\u00e8re nuit.) Les principaux effets sont observ\u00e9s dans les 3 \u00e0 4 semaines.<\/div><\/header><div class='iconlist_content  '  itemprop=\"text\" ><\/div><\/div><footer class=\"entry-footer\"><\/footer><\/article><div class='iconlist-timeline'><\/div><\/li>\n<li><div class='iconlist_icon av-kycyiljj-a592ddb6049a84b52fe10c301344734a avia-font-entypo-fontello'><span class='iconlist-char ' aria-hidden='true' data-av_icon='\ue812' data-av_iconfont='entypo-fontello'><\/span><\/div><article class=\"article-icon-entry av-iconlist-empty\"  itemscope=\"itemscope\" itemtype=\"https:\/\/schema.org\/CreativeWork\" ><div class='iconlist_content_wrap'><header class=\"entry-content-header\"><div class='av_iconlist_title iconlist_title_small   '  itemprop=\"headline\" >Il ne n\u00e9cessite aucune intervention chirurgicale.<\/div><\/header><div class='iconlist_content  '  itemprop=\"text\" ><\/div><\/div><footer class=\"entry-footer\"><\/footer><\/article><div class='iconlist-timeline'><\/div><\/li>\n<li><div class='iconlist_icon av-kycyiljj-87b429af0e0a14306468423cb8ebfb8b avia-font-entypo-fontello'><span class='iconlist-char ' aria-hidden='true' data-av_icon='\ue812' data-av_iconfont='entypo-fontello'><\/span><\/div><article class=\"article-icon-entry av-iconlist-empty\"  itemscope=\"itemscope\" itemtype=\"https:\/\/schema.org\/CreativeWork\" ><div class='iconlist_content_wrap'><header class=\"entry-content-header\"><div class='av_iconlist_title iconlist_title_small   '  itemprop=\"headline\" >Il est peu co\u00fbteux par rapport aux autres m\u00e9thodes de traitement.<\/div><\/header><div class='iconlist_content  '  itemprop=\"text\" ><\/div><\/div><footer class=\"entry-footer\"><\/footer><\/article><div class='iconlist-timeline'><\/div><\/li>\n<\/ul><\/div><\/p><\/div><\/p>\n<\/div><\/div>\n<\/div>\n<div id='av_section_1'  class='avia-section av-38fzm-3c67c7e94f0b1e6b92b74e245ca5797b main_color avia-section-default avia-no-border-styling  avia-builder-el-14  el_after_av_layout_row  el_before_av_section  avia-bg-style-scroll  container_wrap sidebar_right'  ><div class='container av-section-cont-open' ><div class='template-page content  av-content-small alpha units'><div class='post-entry post-entry-type-page post-entry-818'><div class='entry-content-wrapper clearfix'>\n<div class='flex_column av-pvzk2-c502521fadc814dc109853498d8ca442 av_one_fourth  avia-builder-el-15  el_before_av_one_half  avia-builder-el-first  first flex_column_div '   ><\/div>\n<style type=\"text\/css\" data-created_by=\"avia_inline_auto\" id=\"style-css-av-mat3e-48a9c02aef0346da412b6921a1c22d9c\">\n.flex_column.av-mat3e-48a9c02aef0346da412b6921a1c22d9c{\nborder-radius:10px 10px 10px 10px;\n-webkit-border-radius:10px 10px 10px 10px;\n-moz-border-radius:10px 10px 10px 10px;\npadding:30px 30px 0px 30px;\nbackground-color:#f2f2f2;\n}\n<\/style>\n<div class='flex_column av-mat3e-48a9c02aef0346da412b6921a1c22d9c av_one_half  avia-builder-el-16  el_after_av_one_fourth  el_before_av_one_fourth  flex_column_div  av-animated-generic right-to-left '   ><section class=\"av_textblock_section \"  itemscope=\"itemscope\" itemtype=\"https:\/\/schema.org\/CreativeWork\" ><div class='avia_textblock  '   itemprop=\"text\" >\n<div class=\"wpcf7 no-js\" id=\"wpcf7-f317-o1\" lang=\"tr-TR\" dir=\"ltr\">\n<div class=\"screen-reader-response\"><p role=\"status\" aria-live=\"polite\" aria-atomic=\"true\"><\/p> <ul><\/ul><\/div>\n<form action=\"\/fr\/wp-json\/wp\/v2\/pages\/818#wpcf7-f317-o1\" method=\"post\" class=\"wpcf7-form init\" aria-label=\"Contact form\" novalidate=\"novalidate\" data-status=\"init\">\n<div style=\"display: none;\">\n<input type=\"hidden\" name=\"_wpcf7\" value=\"317\" \/>\n<input type=\"hidden\" name=\"_wpcf7_version\" value=\"5.7.7\" \/>\n<input type=\"hidden\" name=\"_wpcf7_locale\" value=\"tr_TR\" \/>\n<input type=\"hidden\" name=\"_wpcf7_unit_tag\" value=\"wpcf7-f317-o1\" \/>\n<input type=\"hidden\" name=\"_wpcf7_container_post\" value=\"0\" \/>\n<input type=\"hidden\" name=\"_wpcf7_posted_data_hash\" value=\"\" \/>\n<\/div>\n<div class=\"cf-sl-form\">\n\t<div class=\"cf-baslik\">\n\t\t<p>Prendre rendez-vous\n\t\t<\/p>\n\t<\/div>\n\t<div class=\"cf-col-4\">\n\t\t<p><span class=\"wpcf7-form-control-wrap\" data-name=\"your-name\"><input size=\"40\" class=\"wpcf7-form-control wpcf7-text wpcf7-validates-as-required\" aria-required=\"true\" aria-invalid=\"false\" placeholder=\"Votre nom\" value=\"\" type=\"text\" name=\"your-name\" \/><\/span>\n\t\t<\/p>\n\t<\/div>\n\t<div class=\"cf-col-4\">\n\t\t<p><span class=\"wpcf7-form-control-wrap\" data-name=\"your-email\"><input size=\"40\" class=\"wpcf7-form-control wpcf7-text wpcf7-email wpcf7-validates-as-required wpcf7-validates-as-email\" aria-required=\"true\" aria-invalid=\"false\" placeholder=\"E-Mail\" value=\"\" type=\"email\" name=\"your-email\" \/><\/span>\n\t\t<\/p>\n\t<\/div>\n\t<div class=\"cf-col-4\">\n\t\t<p><span class=\"wpcf7-form-control-wrap\" data-name=\"phone\"><input size=\"40\" class=\"wpcf7-form-control wpcf7-text wpcf7-tel wpcf7-validates-as-required wpcf7-validates-as-tel\" aria-required=\"true\" aria-invalid=\"false\" placeholder=\"T\u00e9l\u00e9phone\" value=\"\" type=\"tel\" name=\"phone\" \/><\/span>\n\t\t<\/p>\n\t<\/div>\n\t<div class=\"cf-col-4\">\n\t\t<p><span class=\"wpcf7-form-control-wrap\" data-name=\"date\"><input class=\"wpcf7-form-control wpcf7-date wpcf7-validates-as-required wpcf7-validates-as-date\" aria-required=\"true\" aria-invalid=\"false\" placeholder=\"Histoire\" value=\"\" type=\"date\" name=\"date\" \/><\/span>\n\t\t<\/p>\n\t<\/div>\n\t<div class=\"cf-col-4\">\n\t\t<p><span class=\"wpcf7-form-control-wrap\" data-name=\"message\"><textarea cols=\"40\" rows=\"10\" class=\"wpcf7-form-control wpcf7-textarea wpcf7-validates-as-required\" aria-required=\"true\" aria-invalid=\"false\" placeholder=\"votre message\" name=\"message\"><\/textarea><\/span>\n\t\t<\/p>\n\t<\/div>\n\t<div class=\"cf-col-1\">\n\t\t<p><input class=\"wpcf7-form-control has-spinner wpcf7-submit\" type=\"submit\" value=\"Envoyer\" \/>\n\t\t<\/p>\n\t<\/div>\n\t<div class=\"cf-slogan\">\n\t\t<p>Votre sourire ensemble<br \/>\n<span>concevons<\/span>\n\t\t<\/p>\n\t<\/div>\n<\/div><div class=\"wpcf7-response-output\" aria-hidden=\"true\"><\/div>\n<\/form>\n<\/div>\n\n<\/div><\/section><\/div><div class='flex_column av-9cy9e-d3f55058722170416b6601d80d88bff8 av_one_fourth  avia-builder-el-18  el_after_av_one_half  avia-builder-el-last  flex_column_div '   ><\/div>\n\n<\/div><\/div><\/div><!-- close content main div --><\/div><\/div>\n<style type=\"text\/css\" data-created_by=\"avia_inline_auto\" id=\"style-css-av-1money-de7db257eb9cc7a6b2454f2f9fe52e15\">\n.avia-section.av-1money-de7db257eb9cc7a6b2454f2f9fe52e15{\nbackground-color:#f9f9f9;\n}\n<\/style>\n<div id='av_section_2'  class='avia-section av-1money-de7db257eb9cc7a6b2454f2f9fe52e15 main_color avia-section-small avia-no-border-styling  avia-builder-el-19  el_after_av_section  avia-builder-el-last  menu-alt-sec avia-bg-style-scroll  container_wrap sidebar_right'  ><div class='container av-section-cont-open' ><div class='template-page content  av-content-small alpha units'><div class='post-entry post-entry-type-page post-entry-818'><div class='entry-content-wrapper clearfix'>\n\n<style type=\"text\/css\" data-created_by=\"avia_inline_auto\" id=\"style-css-av-1g5cqi-3ea4cfade615a55107882ce300237b9e\">\n.flex_column.av-1g5cqi-3ea4cfade615a55107882ce300237b9e{\npadding:0 20px 0 0;\n}\n<\/style>\n<div class='flex_column av-1g5cqi-3ea4cfade615a55107882ce300237b9e av_one_third  avia-builder-el-20  el_before_av_one_third  avia-builder-el-first  first no_margin flex_column_div '   ><style type=\"text\/css\" data-created_by=\"avia_inline_auto\" id=\"style-css-av-1bm6ia-21d3b2d5d457c53a36c09df2a5636642\">\n#top #wrap_all .iconbox.av-1bm6ia-21d3b2d5d457c53a36c09df2a5636642 .iconbox_content_title{\nfont-size:15px;\n}\n.iconbox.av-1bm6ia-21d3b2d5d457c53a36c09df2a5636642 .iconbox_content_container{\nfont-size:15px;\n}\n<\/style>\n<article  class=\"iconbox iconbox_left_content av-1bm6ia-21d3b2d5d457c53a36c09df2a5636642 av-icon-style-no-border  avia-builder-el-21  avia-builder-el-no-sibling  \"  itemscope=\"itemscope\" itemtype=\"https:\/\/schema.org\/CreativeWork\" ><div class=\"iconbox_icon heading-color\" aria-hidden='true' data-av_icon='\uf177' data-av_iconfont='lvy_'><\/div><div class=\"iconbox_content\"><header class=\"entry-content-header\"><h3 class='iconbox_content_title  '  itemprop=\"headline\" >ALSANCAK - \u0130ZM\u0130R<\/h3><\/header><div class='iconbox_content_container  '  itemprop=\"text\" ><p><span class=\"VIpgJd-yAWNEb-VIpgJd-fmcmS-sn54Q\">Akdeniz Mah.\u00a0<\/span>Atat\u00fcrk Cad.\u00a0<span class=\"\">No:162\/A En face du poste de police de Kantar Passeport\u2013Alsancak\u2013\u0130ZM\u0130R-TURQUIE<\/span><\/p>\n<\/div><\/div><footer class=\"entry-footer\"><\/footer><\/article><\/div>\n<style type=\"text\/css\" data-created_by=\"avia_inline_auto\" id=\"style-css-av-14nave-4417aadb58c5f386e5d0fc139c75b480\">\n.flex_column.av-14nave-4417aadb58c5f386e5d0fc139c75b480{\npadding:0 0 0 40px;\n}\n<\/style>\n<div class='flex_column av-14nave-4417aadb58c5f386e5d0fc139c75b480 av_one_third  avia-builder-el-22  el_after_av_one_third  el_before_av_one_third  no_margin flex_column_div '   ><style type=\"text\/css\" data-created_by=\"avia_inline_auto\" id=\"style-css-av-wt0u2-405f74042bff542e49458af7be8f33dc\">\n#top #wrap_all .iconbox.av-wt0u2-405f74042bff542e49458af7be8f33dc .iconbox_content_title{\nfont-size:15px;\n}\n.iconbox.av-wt0u2-405f74042bff542e49458af7be8f33dc .iconbox_content_container{\nfont-size:15px;\n}\n<\/style>\n<article  class=\"iconbox iconbox_left_content av-wt0u2-405f74042bff542e49458af7be8f33dc av-icon-style-no-border  avia-builder-el-23  avia-builder-el-no-sibling  \"  itemscope=\"itemscope\" itemtype=\"https:\/\/schema.org\/CreativeWork\" ><div class=\"iconbox_icon heading-color\" aria-hidden='true' data-av_icon='\uf11b' data-av_iconfont='lvy_'><\/div><div class=\"iconbox_content\"><header class=\"entry-content-header\"><h3 class='iconbox_content_title  '  itemprop=\"headline\" >CONTACTEZ-NOUS<\/h3><\/header><div class='iconbox_content_container  '  itemprop=\"text\" ><p><a href=\"tel:+902326831083\">+44 7395 626392<\/a><br \/>\n<a href=\"https:\/\/wa.me\/905013331083\">+90 552 404 1083<\/a><\/p>\n<\/div><\/div><footer class=\"entry-footer\"><\/footer><\/article><\/div>\n<style type=\"text\/css\" data-created_by=\"avia_inline_auto\" id=\"style-css-av-f0wuq-ead373a9f5f135d55029db6a9c5c2b2f\">\n.flex_column.av-f0wuq-ead373a9f5f135d55029db6a9c5c2b2f{\npadding:0 0 0 40px;\n}\n<\/style>\n<div class='flex_column av-f0wuq-ead373a9f5f135d55029db6a9c5c2b2f av_one_third  avia-builder-el-24  el_after_av_one_third  avia-builder-el-last  no_margin flex_column_div '   ><style type=\"text\/css\" data-created_by=\"avia_inline_auto\" id=\"style-css-av-8lzky-c46a30bf9eb1f3137975a40b711e0a03\">\n#top #wrap_all .iconbox.av-8lzky-c46a30bf9eb1f3137975a40b711e0a03 .iconbox_content_title{\nfont-size:15px;\n}\n.iconbox.av-8lzky-c46a30bf9eb1f3137975a40b711e0a03 .iconbox_content_container{\nfont-size:15px;\n}\n<\/style>\n<article  class=\"iconbox iconbox_left_content av-8lzky-c46a30bf9eb1f3137975a40b711e0a03 av-icon-style-no-border  avia-builder-el-25  avia-builder-el-no-sibling  \"  itemscope=\"itemscope\" itemtype=\"https:\/\/schema.org\/CreativeWork\" ><div class=\"iconbox_icon heading-color\" aria-hidden='true' data-av_icon='\uf139' data-av_iconfont='lvy_'><\/div><div class=\"iconbox_content\"><header class=\"entry-content-header\"><h3 class='iconbox_content_title  '  itemprop=\"headline\" >PRENDRE RENDEZ-VOUS<\/h3><\/header><div class='iconbox_content_container  '  itemprop=\"text\" ><p><a href=\"mailto:info@turkuazport.com\">info@turkuazport.com<\/a><\/p>\n<\/div><\/div><footer class=\"entry-footer\"><\/footer><\/article><\/div><\/div><\/div><\/div><!-- close content main div --><\/div><\/div><div id='after_section_2'  class='main_color av_default_container_wrap container_wrap sidebar_right'  ><div class='container av-section-cont-open' ><div class='template-page content  av-content-small alpha units'><div class='post-entry post-entry-type-page post-entry-818'><div class='entry-content-wrapper clearfix'>\n","protected":false},"excerpt":{"rendered":"","protected":false},"author":1,"featured_media":0,"parent":0,"menu_order":0,"comment_status":"closed","ping_status":"closed","template":"","meta":{"footnotes":""},"class_list":["post-818","page","type-page","status-publish","hentry"],"_links":{"self":[{"href":"https:\/\/turkuazport.com\/fr\/wp-json\/wp\/v2\/pages\/818","targetHints":{"allow":["GET"]}}],"collection":[{"href":"https:\/\/turkuazport.com\/fr\/wp-json\/wp\/v2\/pages"}],"about":[{"href":"https:\/\/turkuazport.com\/fr\/wp-json\/wp\/v2\/types\/page"}],"author":[{"embeddable":true,"href":"https:\/\/turkuazport.com\/fr\/wp-json\/wp\/v2\/users\/1"}],"replies":[{"embeddable":true,"href":"https:\/\/turkuazport.com\/fr\/wp-json\/wp\/v2\/comments?post=818"}],"version-history":[{"count":13,"href":"https:\/\/turkuazport.com\/fr\/wp-json\/wp\/v2\/pages\/818\/revisions"}],"predecessor-version":[{"id":1545,"href":"https:\/\/turkuazport.com\/fr\/wp-json\/wp\/v2\/pages\/818\/revisions\/1545"}],"wp:attachment":[{"href":"https:\/\/turkuazport.com\/fr\/wp-json\/wp\/v2\/media?parent=818"}],"curies":[{"name":"wp","href":"https:\/\/api.w.org\/{rel}","templated":true}]}}