{"id":824,"date":"2022-01-13T15:42:54","date_gmt":"2022-01-13T12:42:54","guid":{"rendered":"https:\/\/turkuazport.com\/fr\/?page_id=824"},"modified":"2025-10-15T23:25:55","modified_gmt":"2025-10-15T20:25:55","slug":"botox","status":"publish","type":"page","link":"https:\/\/turkuazport.com\/fr\/botox\/","title":{"rendered":"Botox"},"content":{"rendered":"<div id='av-layout-grid-1'  class='av-layout-grid-container entry-content-wrapper main_color av-flex-cells     avia-builder-el-0  el_before_av_section  avia-builder-el-first  ana-hizmet-grid container_wrap sidebar_right'  >\n<div class=\"flex_cell no_margin av_one_full  avia-builder-el-1  avia-builder-el-no-sibling   \"  style='vertical-align:top; padding:30px; ' ><div class='flex_cell_inner' ><p>\n<style type=\"text\/css\" data-created_by=\"avia_inline_auto\" id=\"style-css-av-1rjb88-edb795ebdbf5897d34516f2d10cfde29\">\n#top .hr.hr-invisible.av-1rjb88-edb795ebdbf5897d34516f2d10cfde29{\nheight:50px;\n}\n<\/style>\n<div  class='hr av-1rjb88-edb795ebdbf5897d34516f2d10cfde29 hr-invisible  avia-builder-el-2  el_before_av_heading  avia-builder-el-first  '><span class='hr-inner '><span class=\"hr-inner-style\"><\/span><\/span><\/div><br \/>\n\n<style type=\"text\/css\" data-created_by=\"avia_inline_auto\" id=\"style-css-av-1ln8yw-aef845e2f520f298c819cc186c30d955\">\n#top .av-special-heading.av-1ln8yw-aef845e2f520f298c819cc186c30d955{\npadding-bottom:10px;\ncolor:#edfafc;\nfont-size:100px;\n}\n.av-special-heading.av-1ln8yw-aef845e2f520f298c819cc186c30d955 .special-heading-inner-border{\nborder-color:#edfafc;\n}\n<\/style>\n<div  class='av-special-heading av-1ln8yw-aef845e2f520f298c819cc186c30d955 av-special-heading-h2 custom-color-heading blockquote modern-quote modern-centered  avia-builder-el-3  el_after_av_hr  el_before_av_heading  lg-title av-inherit-size '><h2 class='av-special-heading-tag '  itemprop=\"headline\"  >Dentaire Turquoise<\/h2><div class='special-heading-border'><div class='special-heading-inner-border'><\/div><\/div><\/div><br \/>\n\n<style type=\"text\/css\" data-created_by=\"avia_inline_auto\" id=\"style-css-av-kycyq800-4f94ab71b3e42fe28b562a5ed473fa58\">\n#top .av-special-heading.av-kycyq800-4f94ab71b3e42fe28b562a5ed473fa58{\npadding-bottom:10px;\nfont-size:50px;\n}\n<\/style>\n<div  class='av-special-heading av-kycyq800-4f94ab71b3e42fe28b562a5ed473fa58 av-special-heading-h2 blockquote modern-quote modern-centered  avia-builder-el-4  el_after_av_heading  el_before_av_font_icon  title-with-border av-inherit-size '><h2 class='av-special-heading-tag '  itemprop=\"headline\"  >Botox du menton<\/h2><div class='special-heading-border'><div class='special-heading-inner-border'><\/div><\/div><\/div><br \/>\n\n<style type=\"text\/css\" data-created_by=\"avia_inline_auto\" id=\"style-css-av-kycyqqx4-2667618d41fcf96fa4217bd57c9dfd50\">\n.av_font_icon.av-kycyqqx4-2667618d41fcf96fa4217bd57c9dfd50{\ncolor:#0adeff;\nborder-color:#0adeff;\n}\n.av_font_icon.av-kycyqqx4-2667618d41fcf96fa4217bd57c9dfd50 .av-icon-char{\nfont-size:70px;\nline-height:70px;\n}\n<\/style>\n<span  class=\"av_font_icon av-kycyqqx4-2667618d41fcf96fa4217bd57c9dfd50 avia_animate_when_visible av-icon-style- avia-icon-pos-center avia-icon-animate \"><span class='av-icon-char' aria-hidden='true' data-av_icon='\uf101' data-av_iconfont='cenebotoksu' ><\/span><\/span><br \/>\n\n<style type=\"text\/css\" data-created_by=\"avia_inline_auto\" id=\"style-css-av-1f1ibs-47c82956bff55dba9164a3558be70d1c\">\n#top .hr.hr-invisible.av-1f1ibs-47c82956bff55dba9164a3558be70d1c{\nheight:50px;\n}\n<\/style>\n<div  class='hr av-1f1ibs-47c82956bff55dba9164a3558be70d1c hr-invisible  avia-builder-el-6  el_after_av_font_icon  el_before_av_one_half  '><span class='hr-inner '><span class=\"hr-inner-style\"><\/span><\/span><\/div><br \/>\n<div class='flex_column av-199oug-1b697ae9a3a2abe2b9ad171a82b8db1f av_one_half  avia-builder-el-7  el_after_av_hr  el_before_av_one_half  first flex_column_div  av-animated-generic left-to-right '   ><style type=\"text\/css\" data-created_by=\"avia_inline_auto\" id=\"style-css-av-kycyump0-b4ad3c327dfeb6bccea548f2a86f3749\">\n.avia-image-container.av-kycyump0-b4ad3c327dfeb6bccea548f2a86f3749 .av-image-caption-overlay-center{\ncolor:#ffffff;\n}\n<\/style>\n<div  class='avia-image-container av-kycyump0-b4ad3c327dfeb6bccea548f2a86f3749 av-styling- avia_animated_image avia_animate_when_almost_visible fade-in avia-align-center  avia-builder-el-8  avia-builder-el-no-sibling  '  itemprop=\"image\" itemscope=\"itemscope\" itemtype=\"https:\/\/schema.org\/ImageObject\" ><div class=\"avia-image-container-inner\"><div class=\"avia-image-overlay-wrap\"><img decoding=\"async\" class='wp-image-827 avia-img-lazy-loading-not-827 avia_image' src=\"https:\/\/turkuazport.com\/fr\/wp-content\/uploads\/2022\/01\/cenebotoksu.jpg\" alt='' title='Cosmetician gives chin botox injection to patient'  height=\"667\" width=\"1000\"  itemprop=\"thumbnailUrl\" srcset=\"https:\/\/turkuazport.com\/fr\/wp-content\/uploads\/2022\/01\/cenebotoksu.jpg 1000w, https:\/\/turkuazport.com\/fr\/wp-content\/uploads\/2022\/01\/cenebotoksu-300x200.jpg 300w, https:\/\/turkuazport.com\/fr\/wp-content\/uploads\/2022\/01\/cenebotoksu-768x512.jpg 768w, https:\/\/turkuazport.com\/fr\/wp-content\/uploads\/2022\/01\/cenebotoksu-705x470.jpg 705w\" sizes=\"(max-width: 1000px) 100vw, 1000px\" \/><\/div><\/div><\/div><\/div>\n<style type=\"text\/css\" data-created_by=\"avia_inline_auto\" id=\"style-css-av-14emdk-c5ba3e94558406ba98d49f304166d966\">\n.flex_column.av-14emdk-c5ba3e94558406ba98d49f304166d966{\npadding:0 0 0 30px;\n}\n<\/style>\n<div class='flex_column av-14emdk-c5ba3e94558406ba98d49f304166d966 av_one_half  avia-builder-el-9  el_after_av_one_half  avia-builder-el-last  flex_column_div  av-animated-generic right-to-left '   ><p>\n<style type=\"text\/css\" data-created_by=\"avia_inline_auto\" id=\"style-css-av-kycyqfa0-7d963458a5c623d5934c4934a6ba4c7c\">\n#top .av-special-heading.av-kycyqfa0-7d963458a5c623d5934c4934a6ba4c7c{\npadding-bottom:0px;\nfont-size:24px;\n}\n<\/style>\n<div  class='av-special-heading av-kycyqfa0-7d963458a5c623d5934c4934a6ba4c7c av-special-heading-h3 blockquote modern-quote  avia-builder-el-10  el_before_av_textblock  avia-builder-el-first  alt-title av-inherit-size '><h3 class='av-special-heading-tag '  itemprop=\"headline\"  >Qu\u2019est-ce que Masseter Botox (Botox de la m\u00e2choire) ?<\/h3><div class='special-heading-border'><div class='special-heading-inner-border'><\/div><\/div><\/div><br \/>\n<section class=\"av_textblock_section \"  itemscope=\"itemscope\" itemtype=\"https:\/\/schema.org\/CreativeWork\" ><div class='avia_textblock  '   itemprop=\"text\" ><p>Le bruxisme est le terme m\u00e9dical pour serrer et grincer des dents inconsciemment pendant l&#8217;\u00e9veil et le sommeil, ce qui peut entra\u00eener des probl\u00e8mes dentaires physiquement douloureux et graves.\u00a0Le grincement chronique des dents peut causer des maux de t\u00eate, des maux d&#8217;oreille, des douleurs faciales et m\u00eame des migraines.\u00a0Les probl\u00e8mes dentaires du bruxisme comprennent la perte d&#8217;\u00e9mail dentaire, une sensibilit\u00e9 dentaire accrue, ainsi que l&#8217;aplatissement et l&#8217;\u00e9caillage des dents.\u00a0L&#8217;hypertrophie du muscle mass\u00e9ter, qui peut provoquer une apparence carr\u00e9e s\u00e9v\u00e8re du menton, est un autre effet secondaire du bruxisme.\u00a0Le botox de la m\u00e2choire est la r\u00e9duction de la fonction pendant une certaine p\u00e9riode de temps en appliquant du mat\u00e9riel de botox sur les muscles hyperactifs de la m\u00e2choire.\u00a0Pendant cette p\u00e9riode, bien qu&#8217;il n&#8217;y ait aucune restriction dans les mouvements de manger et de parler, l&#8217;activit\u00e9 de serrage dispara\u00eet compl\u00e8tement.<\/p>\n<\/div><\/section><br \/>\n\n<style type=\"text\/css\" data-created_by=\"avia_inline_auto\" id=\"style-css-av-kycyvss9-903f89c1515f3a1b9e67de71d8280af7\">\n#top .av-special-heading.av-kycyvss9-903f89c1515f3a1b9e67de71d8280af7{\npadding-bottom:0px;\nfont-size:24px;\n}\n<\/style>\n<div  class='av-special-heading av-kycyvss9-903f89c1515f3a1b9e67de71d8280af7 av-special-heading-h3 blockquote modern-quote  avia-builder-el-12  el_after_av_textblock  el_before_av_textblock  alt-title av-inherit-size '><h3 class='av-special-heading-tag '  itemprop=\"headline\"  >Comment est fabriqu\u00e9 Masseter Botox ? <\/h3><div class='special-heading-border'><div class='special-heading-inner-border'><\/div><\/div><\/div><br \/>\n<section class=\"av_textblock_section \"  itemscope=\"itemscope\" itemtype=\"https:\/\/schema.org\/CreativeWork\" ><div class='avia_textblock  '   itemprop=\"text\" ><p>En injectant de petites doses de toxine botulique directement dans le muscle mass\u00e9ter (le gros muscle qui fait bouger la m\u00e2choire), le muscle est suffisamment affaibli pour arr\u00eater le grincement involontaire des dents et le serrement de la m\u00e2choire.\u00a0Cela d\u00e9tend consid\u00e9rablement les muscles et r\u00e9duit l&#8217;usure des dents due au grincement.\u00a0Les mouvements volontaires tels que la mastication et les expressions faciales ne sont pas du tout affect\u00e9s par le botox.\u00a0Au cours de ce processus, qui dure environ 10 minutes, l&#8217;individu ne ressent aucune douleur.\u00a0Une fois ce processus termin\u00e9, il est possible de reprendre rapidement la vie professionnelle.<br \/>\nL&#8217;effet du menton botox commence 3 jours apr\u00e8s son application, et son effet atteint son maximum au bout de 10 jours.\u00a0Selon le contenu du mat\u00e9riau, son effet dure environ 4 \u00e0 6 mois.\u00a0\u00c9tant donn\u00e9 que le muscle n&#8217;est pas utilis\u00e9 pendant 6 mois, il y a une diminution du volume et de la force musculaire.\u00a0Un autre avantage est que la zone enfl\u00e9e au coin du menton semble plus fine.\u00a0Au bout de 6 mois, il peut \u00eatre appliqu\u00e9 \u00e0 nouveau si n\u00e9cessaire.<\/p>\n<\/div><\/section><\/p><\/div><\/p>\n<\/div><\/div>\n<\/div>\n<div id='av_section_1'  class='avia-section av-wjyg8-4692b53d828234546d5509d6ff451efb main_color avia-section-default avia-no-border-styling  avia-builder-el-14  el_after_av_layout_row  el_before_av_section  avia-bg-style-scroll  container_wrap sidebar_right'  ><div class='container av-section-cont-open' ><div class='template-page content  av-content-small alpha units'><div class='post-entry post-entry-type-page post-entry-824'><div class='entry-content-wrapper clearfix'>\n<div class='flex_column av-s2xds-f807513b4fb0d445340d8fc7608cb3ed av_one_fourth  avia-builder-el-15  el_before_av_one_half  avia-builder-el-first  first flex_column_div '   ><\/div>\n<style type=\"text\/css\" data-created_by=\"avia_inline_auto\" id=\"style-css-av-krmzk-532c4d6417565f2322282a8a99d1794f\">\n.flex_column.av-krmzk-532c4d6417565f2322282a8a99d1794f{\nborder-radius:10px 10px 10px 10px;\n-webkit-border-radius:10px 10px 10px 10px;\n-moz-border-radius:10px 10px 10px 10px;\npadding:30px 30px 0px 30px;\nbackground-color:#f2f2f2;\n}\n<\/style>\n<div class='flex_column av-krmzk-532c4d6417565f2322282a8a99d1794f av_one_half  avia-builder-el-16  el_after_av_one_fourth  el_before_av_one_fourth  flex_column_div  av-animated-generic right-to-left '   ><section class=\"av_textblock_section \"  itemscope=\"itemscope\" itemtype=\"https:\/\/schema.org\/CreativeWork\" ><div class='avia_textblock  '   itemprop=\"text\" >\n<div class=\"wpcf7 no-js\" id=\"wpcf7-f317-o1\" lang=\"tr-TR\" dir=\"ltr\">\n<div class=\"screen-reader-response\"><p role=\"status\" aria-live=\"polite\" aria-atomic=\"true\"><\/p> <ul><\/ul><\/div>\n<form action=\"\/fr\/wp-json\/wp\/v2\/pages\/824#wpcf7-f317-o1\" method=\"post\" class=\"wpcf7-form init\" aria-label=\"Contact form\" novalidate=\"novalidate\" data-status=\"init\">\n<div style=\"display: none;\">\n<input type=\"hidden\" name=\"_wpcf7\" value=\"317\" \/>\n<input type=\"hidden\" name=\"_wpcf7_version\" value=\"5.7.7\" \/>\n<input type=\"hidden\" name=\"_wpcf7_locale\" value=\"tr_TR\" \/>\n<input type=\"hidden\" name=\"_wpcf7_unit_tag\" value=\"wpcf7-f317-o1\" \/>\n<input type=\"hidden\" name=\"_wpcf7_container_post\" value=\"0\" \/>\n<input type=\"hidden\" name=\"_wpcf7_posted_data_hash\" value=\"\" \/>\n<\/div>\n<div class=\"cf-sl-form\">\n\t<div class=\"cf-baslik\">\n\t\t<p>Prendre rendez-vous\n\t\t<\/p>\n\t<\/div>\n\t<div class=\"cf-col-4\">\n\t\t<p><span class=\"wpcf7-form-control-wrap\" data-name=\"your-name\"><input size=\"40\" class=\"wpcf7-form-control wpcf7-text wpcf7-validates-as-required\" aria-required=\"true\" aria-invalid=\"false\" placeholder=\"Votre nom\" value=\"\" type=\"text\" name=\"your-name\" \/><\/span>\n\t\t<\/p>\n\t<\/div>\n\t<div class=\"cf-col-4\">\n\t\t<p><span class=\"wpcf7-form-control-wrap\" data-name=\"your-email\"><input size=\"40\" class=\"wpcf7-form-control wpcf7-text wpcf7-email wpcf7-validates-as-required wpcf7-validates-as-email\" aria-required=\"true\" aria-invalid=\"false\" placeholder=\"E-Mail\" value=\"\" type=\"email\" name=\"your-email\" \/><\/span>\n\t\t<\/p>\n\t<\/div>\n\t<div class=\"cf-col-4\">\n\t\t<p><span class=\"wpcf7-form-control-wrap\" data-name=\"phone\"><input size=\"40\" class=\"wpcf7-form-control wpcf7-text wpcf7-tel wpcf7-validates-as-required wpcf7-validates-as-tel\" aria-required=\"true\" aria-invalid=\"false\" placeholder=\"T\u00e9l\u00e9phone\" value=\"\" type=\"tel\" name=\"phone\" \/><\/span>\n\t\t<\/p>\n\t<\/div>\n\t<div class=\"cf-col-4\">\n\t\t<p><span class=\"wpcf7-form-control-wrap\" data-name=\"date\"><input class=\"wpcf7-form-control wpcf7-date wpcf7-validates-as-required wpcf7-validates-as-date\" aria-required=\"true\" aria-invalid=\"false\" placeholder=\"Histoire\" value=\"\" type=\"date\" name=\"date\" \/><\/span>\n\t\t<\/p>\n\t<\/div>\n\t<div class=\"cf-col-4\">\n\t\t<p><span class=\"wpcf7-form-control-wrap\" data-name=\"message\"><textarea cols=\"40\" rows=\"10\" class=\"wpcf7-form-control wpcf7-textarea wpcf7-validates-as-required\" aria-required=\"true\" aria-invalid=\"false\" placeholder=\"votre message\" name=\"message\"><\/textarea><\/span>\n\t\t<\/p>\n\t<\/div>\n\t<div class=\"cf-col-1\">\n\t\t<p><input class=\"wpcf7-form-control has-spinner wpcf7-submit\" type=\"submit\" value=\"Envoyer\" \/>\n\t\t<\/p>\n\t<\/div>\n\t<div class=\"cf-slogan\">\n\t\t<p>Votre sourire ensemble<br \/>\n<span>concevons<\/span>\n\t\t<\/p>\n\t<\/div>\n<\/div><div class=\"wpcf7-response-output\" aria-hidden=\"true\"><\/div>\n<\/form>\n<\/div>\n\n<\/div><\/section><\/div><div class='flex_column av-9zsso-0b261d568b1717a78fd0f238790ef012 av_one_fourth  avia-builder-el-18  el_after_av_one_half  avia-builder-el-last  flex_column_div '   ><\/div>\n\n<\/div><\/div><\/div><!-- close content main div --><\/div><\/div>\n<style type=\"text\/css\" data-created_by=\"avia_inline_auto\" id=\"style-css-av-5rblk-0547a128928d52b553d61be450aa53e5\">\n.avia-section.av-5rblk-0547a128928d52b553d61be450aa53e5{\nbackground-color:#f9f9f9;\n}\n<\/style>\n<div id='av_section_2'  class='avia-section av-5rblk-0547a128928d52b553d61be450aa53e5 main_color avia-section-small avia-no-border-styling  avia-builder-el-19  el_after_av_section  avia-builder-el-last  menu-alt-sec avia-bg-style-scroll  container_wrap sidebar_right'  ><div class='container av-section-cont-open' ><div class='template-page content  av-content-small alpha units'><div class='post-entry post-entry-type-page post-entry-824'><div class='entry-content-wrapper clearfix'>\n\n<style type=\"text\/css\" data-created_by=\"avia_inline_auto\" id=\"style-css-av-1gnyhs-a499a179205e4f26551b11a7797bd4c1\">\n.flex_column.av-1gnyhs-a499a179205e4f26551b11a7797bd4c1{\npadding:0 20px 0 0;\n}\n<\/style>\n<div class='flex_column av-1gnyhs-a499a179205e4f26551b11a7797bd4c1 av_one_third  avia-builder-el-20  el_before_av_one_third  avia-builder-el-first  first no_margin flex_column_div '   ><style type=\"text\/css\" data-created_by=\"avia_inline_auto\" id=\"style-css-av-18axaw-78efa68f85c655b3cddd4bc9f663da56\">\n#top #wrap_all .iconbox.av-18axaw-78efa68f85c655b3cddd4bc9f663da56 .iconbox_content_title{\nfont-size:15px;\n}\n.iconbox.av-18axaw-78efa68f85c655b3cddd4bc9f663da56 .iconbox_content_container{\nfont-size:15px;\n}\n<\/style>\n<article  class=\"iconbox iconbox_left_content av-18axaw-78efa68f85c655b3cddd4bc9f663da56 av-icon-style-no-border  avia-builder-el-21  avia-builder-el-no-sibling  \"  itemscope=\"itemscope\" itemtype=\"https:\/\/schema.org\/CreativeWork\" ><div class=\"iconbox_icon heading-color\" aria-hidden='true' data-av_icon='\uf177' data-av_iconfont='lvy_'><\/div><div class=\"iconbox_content\"><header class=\"entry-content-header\"><h3 class='iconbox_content_title  '  itemprop=\"headline\" >ALSANCAK - \u0130ZM\u0130R<\/h3><\/header><div class='iconbox_content_container  '  itemprop=\"text\" ><p><span class=\"VIpgJd-yAWNEb-VIpgJd-fmcmS-sn54Q\">Akdeniz Mah.\u00a0<\/span>Atat\u00fcrk Cad.\u00a0<span class=\"\">No:162\/A En face du poste de police de Kantar Passeport\u2013Alsancak\u2013\u0130ZM\u0130R-TURQUIE<\/span><\/p>\n<\/div><\/div><footer class=\"entry-footer\"><\/footer><\/article><\/div>\n<style type=\"text\/css\" data-created_by=\"avia_inline_auto\" id=\"style-css-av-14bcbk-2ec2e41cb019c30e0c897d271367facf\">\n.flex_column.av-14bcbk-2ec2e41cb019c30e0c897d271367facf{\npadding:0 0 0 40px;\n}\n<\/style>\n<div class='flex_column av-14bcbk-2ec2e41cb019c30e0c897d271367facf av_one_third  avia-builder-el-22  el_after_av_one_third  el_before_av_one_third  no_margin flex_column_div '   ><style type=\"text\/css\" data-created_by=\"avia_inline_auto\" id=\"style-css-av-umaqg-555e98f07acef470956a9bc88d9c4b16\">\n#top #wrap_all .iconbox.av-umaqg-555e98f07acef470956a9bc88d9c4b16 .iconbox_content_title{\nfont-size:15px;\n}\n.iconbox.av-umaqg-555e98f07acef470956a9bc88d9c4b16 .iconbox_content_container{\nfont-size:15px;\n}\n<\/style>\n<article  class=\"iconbox iconbox_left_content av-umaqg-555e98f07acef470956a9bc88d9c4b16 av-icon-style-no-border  avia-builder-el-23  avia-builder-el-no-sibling  \"  itemscope=\"itemscope\" itemtype=\"https:\/\/schema.org\/CreativeWork\" ><div class=\"iconbox_icon heading-color\" aria-hidden='true' data-av_icon='\uf11b' data-av_iconfont='lvy_'><\/div><div class=\"iconbox_content\"><header class=\"entry-content-header\"><h3 class='iconbox_content_title  '  itemprop=\"headline\" >CONTACTEZ-NOUS<\/h3><\/header><div class='iconbox_content_container  '  itemprop=\"text\" ><p><a href=\"tel:+902326831083\">+44 7395 626392<\/a><br \/>\n<a href=\"https:\/\/wa.me\/905013331083\">+90 552 404 1083<\/a><\/p>\n<\/div><\/div><footer class=\"entry-footer\"><\/footer><\/article><\/div>\n<style type=\"text\/css\" data-created_by=\"avia_inline_auto\" id=\"style-css-av-eliug-a1d2042c04cba6c5db81c46fa5ec5368\">\n.flex_column.av-eliug-a1d2042c04cba6c5db81c46fa5ec5368{\npadding:0 0 0 40px;\n}\n<\/style>\n<div class='flex_column av-eliug-a1d2042c04cba6c5db81c46fa5ec5368 av_one_third  avia-builder-el-24  el_after_av_one_third  avia-builder-el-last  no_margin flex_column_div '   ><style type=\"text\/css\" data-created_by=\"avia_inline_auto\" id=\"style-css-av-a6za8-35f369c92c2efb7dd88b5b1209b84e35\">\n#top #wrap_all .iconbox.av-a6za8-35f369c92c2efb7dd88b5b1209b84e35 .iconbox_content_title{\nfont-size:15px;\n}\n.iconbox.av-a6za8-35f369c92c2efb7dd88b5b1209b84e35 .iconbox_content_container{\nfont-size:15px;\n}\n<\/style>\n<article  class=\"iconbox iconbox_left_content av-a6za8-35f369c92c2efb7dd88b5b1209b84e35 av-icon-style-no-border  avia-builder-el-25  avia-builder-el-no-sibling  \"  itemscope=\"itemscope\" itemtype=\"https:\/\/schema.org\/CreativeWork\" ><div class=\"iconbox_icon heading-color\" aria-hidden='true' data-av_icon='\uf139' data-av_iconfont='lvy_'><\/div><div class=\"iconbox_content\"><header class=\"entry-content-header\"><h3 class='iconbox_content_title  '  itemprop=\"headline\" >PRENDRE RENDEZ-VOUS<\/h3><\/header><div class='iconbox_content_container  '  itemprop=\"text\" ><p><a href=\"mailto:info@turkuazport.com\">info@turkuazport.com<\/a><\/p>\n<\/div><\/div><footer class=\"entry-footer\"><\/footer><\/article><\/div><\/div><\/div><\/div><!-- close content main div --><\/div><\/div><div id='after_section_2'  class='main_color av_default_container_wrap container_wrap sidebar_right'  ><div class='container av-section-cont-open' ><div class='template-page content  av-content-small alpha units'><div class='post-entry post-entry-type-page post-entry-824'><div class='entry-content-wrapper clearfix'>\n","protected":false},"excerpt":{"rendered":"","protected":false},"author":1,"featured_media":0,"parent":0,"menu_order":0,"comment_status":"closed","ping_status":"closed","template":"","meta":{"footnotes":""},"class_list":["post-824","page","type-page","status-publish","hentry"],"_links":{"self":[{"href":"https:\/\/turkuazport.com\/fr\/wp-json\/wp\/v2\/pages\/824","targetHints":{"allow":["GET"]}}],"collection":[{"href":"https:\/\/turkuazport.com\/fr\/wp-json\/wp\/v2\/pages"}],"about":[{"href":"https:\/\/turkuazport.com\/fr\/wp-json\/wp\/v2\/types\/page"}],"author":[{"embeddable":true,"href":"https:\/\/turkuazport.com\/fr\/wp-json\/wp\/v2\/users\/1"}],"replies":[{"embeddable":true,"href":"https:\/\/turkuazport.com\/fr\/wp-json\/wp\/v2\/comments?post=824"}],"version-history":[{"count":14,"href":"https:\/\/turkuazport.com\/fr\/wp-json\/wp\/v2\/pages\/824\/revisions"}],"predecessor-version":[{"id":1506,"href":"https:\/\/turkuazport.com\/fr\/wp-json\/wp\/v2\/pages\/824\/revisions\/1506"}],"wp:attachment":[{"href":"https:\/\/turkuazport.com\/fr\/wp-json\/wp\/v2\/media?parent=824"}],"curies":[{"name":"wp","href":"https:\/\/api.w.org\/{rel}","templated":true}]}}