{"id":830,"date":"2022-01-13T15:50:38","date_gmt":"2022-01-13T12:50:38","guid":{"rendered":"https:\/\/turkuazport.com\/fr\/?page_id=830"},"modified":"2025-10-15T23:33:15","modified_gmt":"2025-10-15T20:33:15","slug":"orthodontie","status":"publish","type":"page","link":"https:\/\/turkuazport.com\/fr\/orthodontie\/","title":{"rendered":"Orthodontie"},"content":{"rendered":"<div id='av-layout-grid-1'  class='av-layout-grid-container entry-content-wrapper main_color av-flex-cells     avia-builder-el-0  el_before_av_section  avia-builder-el-first  ana-hizmet-grid container_wrap sidebar_right'  >\n<div class=\"flex_cell no_margin av_one_full  avia-builder-el-1  avia-builder-el-no-sibling   \"  style='vertical-align:top; padding:30px; ' ><div class='flex_cell_inner' ><p>\n<style type=\"text\/css\" data-created_by=\"avia_inline_auto\" id=\"style-css-av-3pzx4u-ab9c279e1fb2acb8195a4426d2639328\">\n#top .hr.hr-invisible.av-3pzx4u-ab9c279e1fb2acb8195a4426d2639328{\nheight:50px;\n}\n<\/style>\n<div  class='hr av-3pzx4u-ab9c279e1fb2acb8195a4426d2639328 hr-invisible  avia-builder-el-2  el_before_av_heading  avia-builder-el-first  '><span class='hr-inner '><span class=\"hr-inner-style\"><\/span><\/span><\/div><br \/>\n\n<style type=\"text\/css\" data-created_by=\"avia_inline_auto\" id=\"style-css-av-3l1rjy-e60e929582297541157d5c206b25961f\">\n#top .av-special-heading.av-3l1rjy-e60e929582297541157d5c206b25961f{\npadding-bottom:10px;\ncolor:#edfafc;\nfont-size:100px;\n}\n.av-special-heading.av-3l1rjy-e60e929582297541157d5c206b25961f .special-heading-inner-border{\nborder-color:#edfafc;\n}\n<\/style>\n<div  class='av-special-heading av-3l1rjy-e60e929582297541157d5c206b25961f av-special-heading-h2 custom-color-heading blockquote modern-quote modern-centered  avia-builder-el-3  el_after_av_hr  el_before_av_heading  lg-title av-inherit-size '><h2 class='av-special-heading-tag '  itemprop=\"headline\"  >Dentaire Turquoise<\/h2><div class='special-heading-border'><div class='special-heading-inner-border'><\/div><\/div><\/div><br \/>\n\n<style type=\"text\/css\" data-created_by=\"avia_inline_auto\" id=\"style-css-av-kycz02of-35303ba110ecd465b63cb168e04a2956\">\n#top .av-special-heading.av-kycz02of-35303ba110ecd465b63cb168e04a2956{\npadding-bottom:10px;\nfont-size:50px;\n}\n<\/style>\n<div  class='av-special-heading av-kycz02of-35303ba110ecd465b63cb168e04a2956 av-special-heading-h2 blockquote modern-quote modern-centered  avia-builder-el-4  el_after_av_heading  el_before_av_font_icon  title-with-border av-inherit-size '><h2 class='av-special-heading-tag '  itemprop=\"headline\"  >Orthodontie<\/h2><div class='special-heading-border'><div class='special-heading-inner-border'><\/div><\/div><\/div><br \/>\n\n<style type=\"text\/css\" data-created_by=\"avia_inline_auto\" id=\"style-css-av-kycz0xm6-1b4e55e8df9c0aaeadab4a9d35862b2d\">\n.av_font_icon.av-kycz0xm6-1b4e55e8df9c0aaeadab4a9d35862b2d{\ncolor:#0adeff;\nborder-color:#0adeff;\n}\n.av_font_icon.av-kycz0xm6-1b4e55e8df9c0aaeadab4a9d35862b2d .av-icon-char{\nfont-size:70px;\nline-height:70px;\n}\n<\/style>\n<span  class=\"av_font_icon av-kycz0xm6-1b4e55e8df9c0aaeadab4a9d35862b2d avia_animate_when_visible av-icon-style- avia-icon-pos-center avia-icon-animate \"><span class='av-icon-char' aria-hidden='true' data-av_icon='021-braces' data-av_iconfont='dentist' ><\/span><\/span><br \/>\n\n<style type=\"text\/css\" data-created_by=\"avia_inline_auto\" id=\"style-css-av-3e2wou-728c7dfcf1f1b8a6243484befabd4d12\">\n#top .hr.hr-invisible.av-3e2wou-728c7dfcf1f1b8a6243484befabd4d12{\nheight:50px;\n}\n<\/style>\n<div  class='hr av-3e2wou-728c7dfcf1f1b8a6243484befabd4d12 hr-invisible  avia-builder-el-6  el_after_av_font_icon  el_before_av_one_half  '><span class='hr-inner '><span class=\"hr-inner-style\"><\/span><\/span><\/div><br \/>\n<div class='flex_column av-38eh4e-84ff8fe44d49b68d89c665b3ea0be1d2 av_one_half  avia-builder-el-7  el_after_av_hr  el_before_av_one_half  first flex_column_div  av-animated-generic left-to-right '   ><p>\n<style type=\"text\/css\" data-created_by=\"avia_inline_auto\" id=\"style-css-av-30nayu-2ceff6d500dfb75348ffc48b1b0d1f4c\">\n.avia-image-container.av-30nayu-2ceff6d500dfb75348ffc48b1b0d1f4c .av-image-caption-overlay-center{\ncolor:#ffffff;\n}\n<\/style>\n<div  class='avia-image-container av-30nayu-2ceff6d500dfb75348ffc48b1b0d1f4c av-styling- avia_animated_image avia_animate_when_almost_visible fade-in avia-align-center  avia-builder-el-8  el_before_av_heading  avia-builder-el-first  '  itemprop=\"image\" itemscope=\"itemscope\" itemtype=\"https:\/\/schema.org\/ImageObject\" ><div class=\"avia-image-container-inner\"><div class=\"avia-image-overlay-wrap\"><img decoding=\"async\" class='wp-image-833 avia-img-lazy-loading-not-833 avia_image' src=\"https:\/\/turkuazport.com\/fr\/wp-content\/uploads\/2022\/01\/ortodonti.jpg\" alt='' title='Face of a young smiling asian woman with braces on teeth, Orthodontic Treatment.'  height=\"466\" width=\"1000\"  itemprop=\"thumbnailUrl\" srcset=\"https:\/\/turkuazport.com\/fr\/wp-content\/uploads\/2022\/01\/ortodonti.jpg 1000w, https:\/\/turkuazport.com\/fr\/wp-content\/uploads\/2022\/01\/ortodonti-300x140.jpg 300w, https:\/\/turkuazport.com\/fr\/wp-content\/uploads\/2022\/01\/ortodonti-768x358.jpg 768w, https:\/\/turkuazport.com\/fr\/wp-content\/uploads\/2022\/01\/ortodonti-705x329.jpg 705w\" sizes=\"(max-width: 1000px) 100vw, 1000px\" \/><\/div><\/div><\/div><br \/>\n\n<style type=\"text\/css\" data-created_by=\"avia_inline_auto\" id=\"style-css-av-kycz7bnl-e2138685ac594550d40cec0baf85aaba\">\n#top .av-special-heading.av-kycz7bnl-e2138685ac594550d40cec0baf85aaba{\npadding-bottom:0px;\nfont-size:24px;\n}\n<\/style>\n<div  class='av-special-heading av-kycz7bnl-e2138685ac594550d40cec0baf85aaba av-special-heading-h3 blockquote modern-quote  avia-builder-el-9  el_after_av_image  el_before_av_textblock  alt-title av-inherit-size '><h3 class='av-special-heading-tag '  itemprop=\"headline\"  >Combien de temps dure la p\u00e9riode de traitement? Et \u00e0 quoi dois-je faire attention pendant cette p\u00e9riode ? <\/h3><div class='special-heading-border'><div class='special-heading-inner-border'><\/div><\/div><\/div><br \/>\n<section class=\"av_textblock_section \"  itemscope=\"itemscope\" itemtype=\"https:\/\/schema.org\/CreativeWork\" ><div class='avia_textblock  '   itemprop=\"text\" ><p>La dur\u00e9e du traitement varie selon chaque cas.\u00a0L&#8217;\u00e9tat de l&#8217;encombrement ou de l&#8217;anomalie, la m\u00e9thode \u00e0 utiliser, la fid\u00e9lit\u00e9 du patient au processus de traitement, etc.\u00a0Des facteurs tels que affectent la dur\u00e9e.\u00a0\u00c9tant donn\u00e9 qu&#8217;il y aura des outils tels que plaque, plastique, support, fil qui rendront difficile l&#8217;hygi\u00e8ne bucco-dentaire pendant le traitement de l&#8217;appareil dentaire, une attention extr\u00eame doit \u00eatre port\u00e9e aux soins bucco-dentaires.\u00a0<span class=\"VIpgJd-yAWNEb-VIpgJd-fmcmS-sn54Q\">Les instructions du m\u00e9decin doivent \u00eatre suivies, les aliments durs et acides qui nuiront au traitement doivent \u00eatre \u00e9vit\u00e9s.<\/span><\/p>\n<\/div><\/section><\/p><\/div>\n<style type=\"text\/css\" data-created_by=\"avia_inline_auto\" id=\"style-css-av-ahf26-3a1ce096d0a78b4c8ab287212b3f7ea5\">\n.flex_column.av-ahf26-3a1ce096d0a78b4c8ab287212b3f7ea5{\npadding:0 0 0 30px;\n}\n<\/style>\n<div class='flex_column av-ahf26-3a1ce096d0a78b4c8ab287212b3f7ea5 av_one_half  avia-builder-el-11  el_after_av_one_half  avia-builder-el-last  flex_column_div  av-animated-generic right-to-left '   ><p>\n<style type=\"text\/css\" data-created_by=\"avia_inline_auto\" id=\"style-css-av-2sr3hi-5b01072bfb3574be0df504e1cca4c807\">\n#top .av-special-heading.av-2sr3hi-5b01072bfb3574be0df504e1cca4c807{\npadding-bottom:0px;\nfont-size:24px;\n}\n<\/style>\n<div  class='av-special-heading av-2sr3hi-5b01072bfb3574be0df504e1cca4c807 av-special-heading-h3 blockquote modern-quote  avia-builder-el-12  el_before_av_textblock  avia-builder-el-first  alt-title av-inherit-size '><h3 class='av-special-heading-tag '  itemprop=\"headline\"  >Qu\u2018est-ce que l\u2019orthodontie ?<\/h3><div class='special-heading-border'><div class='special-heading-inner-border'><\/div><\/div><\/div><br \/>\n<section class=\"av_textblock_section \"  itemscope=\"itemscope\" itemtype=\"https:\/\/schema.org\/CreativeWork\" ><div class='avia_textblock  '   itemprop=\"text\" ><p>Orthodontie;\u00a0Il aide les dents tordues \u00e0 se d\u00e9placer et \u00e0 s&#8217;installer correctement avec des outils tels que des accolades, des appareils et des goutti\u00e8res transparentes.\u00a0Parce que les dents tordues sont difficiles \u00e0 nettoyer, le risque de carie dentaire et de maladie des gencives est plus \u00e9lev\u00e9.\u00a0\u00c0 l&#8217;aide de radiographies et d&#8217;autres outils, l&#8217;orthodontiste d\u00e9cidera quel traitement orthodontique vous convient lors de l&#8217;examen.<br \/>\nLa r\u00e9ponse la plus rapide au traitement se produit pendant la p\u00e9riode de croissance et de d\u00e9veloppement (11-17 ans), les os de la m\u00e2choire et les dents r\u00e9pondent plus rapidement au traitement pendant cette p\u00e9riode.\u00a0Cependant, les patients peuvent porter un appareil dentaire \u00e0 un \u00e2ge avanc\u00e9.\u00a0Les probl\u00e8mes dentaires (tels que l&#8217;encombrement, les lacunes, etc.) peuvent \u00eatre trait\u00e9s \u00e0 tout \u00e2ge, lorsque les instructions du m\u00e9decin sont prises en compte.\u00a0Les probl\u00e8mes squelettiques, en termes de d\u00e9veloppement (tels que positionner la m\u00e2choire inf\u00e9rieure vers l&#8217;avant ou la positionner vers l&#8217;arri\u00e8re\u2026) peuvent \u00eatre facilement \u00e9limin\u00e9s avec des traitements fonctionnels o\u00f9 la croissance est dirig\u00e9e.\u00a0<span class=\"VIpgJd-yAWNEb-VIpgJd-fmcmS-sn54Q\">Les probl\u00e8mes squelettiques, tels que le positionnement de la m\u00e2choire inf\u00e9rieure vers l&#8217;avant ou vers l&#8217;arri\u00e8re chez les adultes (18 ans et plus), peuvent \u00eatre corrig\u00e9s par une chirurgie de la m\u00e2choire.<\/span><\/p>\n<\/div><\/section><br \/>\n\n<style type=\"text\/css\" data-created_by=\"avia_inline_auto\" id=\"style-css-av-kycz5sdi-49f5e0fd2a1bd12df10435c714c61aa2\">\n#top .av-special-heading.av-kycz5sdi-49f5e0fd2a1bd12df10435c714c61aa2{\npadding-bottom:0px;\nfont-size:24px;\n}\n<\/style>\n<div  class='av-special-heading av-kycz5sdi-49f5e0fd2a1bd12df10435c714c61aa2 av-special-heading-h3 blockquote modern-quote  avia-builder-el-14  el_after_av_textblock  el_before_av_textblock  alt-title av-inherit-size '><h3 class='av-special-heading-tag '  itemprop=\"headline\"  >Qu\u2018est-ce qu\u2019un traitement orthodontique avec des plaques transparentes ?<\/h3><div class='special-heading-border'><div class='special-heading-inner-border'><\/div><\/div><\/div><br \/>\n<section class=\"av_textblock_section \"  itemscope=\"itemscope\" itemtype=\"https:\/\/schema.org\/CreativeWork\" ><div class='avia_textblock  '   itemprop=\"text\" ><p>Aujourd&#8217;hui, le traitement orthodontique peut \u00eatre r\u00e9alis\u00e9 avec des plaques transparentes.\u00a0La taille de l&#8217;encombrement dans les dents, l&#8217;\u00e2ge du patient, etc.\u00a0Le traitement orthodontique peut \u00eatre effectu\u00e9 avec des goutti\u00e8res transparentes ou des fils fixes, en tenant compte des cas particuliers tels que\u00a0Votre orthodontiste donnera les informations les plus pr\u00e9cises sur la m\u00e9thode de traitement et la dur\u00e9e du traitement lors de l&#8217;examen.<\/p>\n<\/div><\/section><\/p><\/div><\/p>\n<\/div><\/div>\n<\/div>\n<div id='av_section_1'  class='avia-section av-w0os6-101080abe1af5bd586063b71e2ccfb76 main_color avia-section-default avia-no-border-styling  avia-builder-el-16  el_after_av_layout_row  el_before_av_section  avia-bg-style-scroll  container_wrap sidebar_right'  ><div class='container av-section-cont-open' ><div class='template-page content  av-content-small alpha units'><div class='post-entry post-entry-type-page post-entry-830'><div class='entry-content-wrapper clearfix'>\n<div class='flex_column av-r3ls6-052b8e0156ea3e450069689700c8b7db av_one_fourth  avia-builder-el-17  el_before_av_one_half  avia-builder-el-first  first flex_column_div '   ><\/div>\n<style type=\"text\/css\" data-created_by=\"avia_inline_auto\" id=\"style-css-av-motqe-cd3a311f4bd9bf9f60fccd188a9c15e0\">\n.flex_column.av-motqe-cd3a311f4bd9bf9f60fccd188a9c15e0{\nborder-radius:10px 10px 10px 10px;\n-webkit-border-radius:10px 10px 10px 10px;\n-moz-border-radius:10px 10px 10px 10px;\npadding:30px 30px 0px 30px;\nbackground-color:#f2f2f2;\n}\n<\/style>\n<div class='flex_column av-motqe-cd3a311f4bd9bf9f60fccd188a9c15e0 av_one_half  avia-builder-el-18  el_after_av_one_fourth  el_before_av_one_fourth  flex_column_div  av-animated-generic right-to-left '   ><section class=\"av_textblock_section \"  itemscope=\"itemscope\" itemtype=\"https:\/\/schema.org\/CreativeWork\" ><div class='avia_textblock  '   itemprop=\"text\" >\n<div class=\"wpcf7 no-js\" id=\"wpcf7-f317-o1\" lang=\"tr-TR\" dir=\"ltr\">\n<div class=\"screen-reader-response\"><p role=\"status\" aria-live=\"polite\" aria-atomic=\"true\"><\/p> <ul><\/ul><\/div>\n<form action=\"\/fr\/wp-json\/wp\/v2\/pages\/830#wpcf7-f317-o1\" method=\"post\" class=\"wpcf7-form init\" aria-label=\"Contact form\" novalidate=\"novalidate\" data-status=\"init\">\n<div style=\"display: none;\">\n<input type=\"hidden\" name=\"_wpcf7\" value=\"317\" \/>\n<input type=\"hidden\" name=\"_wpcf7_version\" value=\"5.7.7\" \/>\n<input type=\"hidden\" name=\"_wpcf7_locale\" value=\"tr_TR\" \/>\n<input type=\"hidden\" name=\"_wpcf7_unit_tag\" value=\"wpcf7-f317-o1\" \/>\n<input type=\"hidden\" name=\"_wpcf7_container_post\" value=\"0\" \/>\n<input type=\"hidden\" name=\"_wpcf7_posted_data_hash\" value=\"\" \/>\n<\/div>\n<div class=\"cf-sl-form\">\n\t<div class=\"cf-baslik\">\n\t\t<p>Prendre rendez-vous\n\t\t<\/p>\n\t<\/div>\n\t<div class=\"cf-col-4\">\n\t\t<p><span class=\"wpcf7-form-control-wrap\" data-name=\"your-name\"><input size=\"40\" class=\"wpcf7-form-control wpcf7-text wpcf7-validates-as-required\" aria-required=\"true\" aria-invalid=\"false\" placeholder=\"Votre nom\" value=\"\" type=\"text\" name=\"your-name\" \/><\/span>\n\t\t<\/p>\n\t<\/div>\n\t<div class=\"cf-col-4\">\n\t\t<p><span class=\"wpcf7-form-control-wrap\" data-name=\"your-email\"><input size=\"40\" class=\"wpcf7-form-control wpcf7-text wpcf7-email wpcf7-validates-as-required wpcf7-validates-as-email\" aria-required=\"true\" aria-invalid=\"false\" placeholder=\"E-Mail\" value=\"\" type=\"email\" name=\"your-email\" \/><\/span>\n\t\t<\/p>\n\t<\/div>\n\t<div class=\"cf-col-4\">\n\t\t<p><span class=\"wpcf7-form-control-wrap\" data-name=\"phone\"><input size=\"40\" class=\"wpcf7-form-control wpcf7-text wpcf7-tel wpcf7-validates-as-required wpcf7-validates-as-tel\" aria-required=\"true\" aria-invalid=\"false\" placeholder=\"T\u00e9l\u00e9phone\" value=\"\" type=\"tel\" name=\"phone\" \/><\/span>\n\t\t<\/p>\n\t<\/div>\n\t<div class=\"cf-col-4\">\n\t\t<p><span class=\"wpcf7-form-control-wrap\" data-name=\"date\"><input class=\"wpcf7-form-control wpcf7-date wpcf7-validates-as-required wpcf7-validates-as-date\" aria-required=\"true\" aria-invalid=\"false\" placeholder=\"Histoire\" value=\"\" type=\"date\" name=\"date\" \/><\/span>\n\t\t<\/p>\n\t<\/div>\n\t<div class=\"cf-col-4\">\n\t\t<p><span class=\"wpcf7-form-control-wrap\" data-name=\"message\"><textarea cols=\"40\" rows=\"10\" class=\"wpcf7-form-control wpcf7-textarea wpcf7-validates-as-required\" aria-required=\"true\" aria-invalid=\"false\" placeholder=\"votre message\" name=\"message\"><\/textarea><\/span>\n\t\t<\/p>\n\t<\/div>\n\t<div class=\"cf-col-1\">\n\t\t<p><input class=\"wpcf7-form-control has-spinner wpcf7-submit\" type=\"submit\" value=\"Envoyer\" \/>\n\t\t<\/p>\n\t<\/div>\n\t<div class=\"cf-slogan\">\n\t\t<p>Votre sourire ensemble<br \/>\n<span>concevons<\/span>\n\t\t<\/p>\n\t<\/div>\n<\/div><div class=\"wpcf7-response-output\" aria-hidden=\"true\"><\/div>\n<\/form>\n<\/div>\n\n<\/div><\/section><\/div><div class='flex_column av-aj38u-ff9a713df14c41ea104365e1919dec88 av_one_fourth  avia-builder-el-20  el_after_av_one_half  avia-builder-el-last  flex_column_div '   ><\/div>\n\n<\/div><\/div><\/div><!-- close content main div --><\/div><\/div>\n<style type=\"text\/css\" data-created_by=\"avia_inline_auto\" id=\"style-css-av-1it16u-4ccb3c456a749ace086006567060422e\">\n.avia-section.av-1it16u-4ccb3c456a749ace086006567060422e{\nbackground-color:#f9f9f9;\n}\n<\/style>\n<div id='av_section_2'  class='avia-section av-1it16u-4ccb3c456a749ace086006567060422e main_color avia-section-small avia-no-border-styling  avia-builder-el-21  el_after_av_section  avia-builder-el-last  menu-alt-sec avia-bg-style-scroll  container_wrap sidebar_right'  ><div class='container av-section-cont-open' ><div class='template-page content  av-content-small alpha units'><div class='post-entry post-entry-type-page post-entry-830'><div class='entry-content-wrapper clearfix'>\n\n<style type=\"text\/css\" data-created_by=\"avia_inline_auto\" id=\"style-css-av-1gvni6-2000402b91685b06e3be450477b2fc61\">\n.flex_column.av-1gvni6-2000402b91685b06e3be450477b2fc61{\npadding:0 20px 0 0;\n}\n<\/style>\n<div class='flex_column av-1gvni6-2000402b91685b06e3be450477b2fc61 av_one_third  avia-builder-el-22  el_before_av_one_third  avia-builder-el-first  first no_margin flex_column_div '   ><style type=\"text\/css\" data-created_by=\"avia_inline_auto\" id=\"style-css-av-17sk1i-df4e208509fe107b10bae59e4e022273\">\n#top #wrap_all .iconbox.av-17sk1i-df4e208509fe107b10bae59e4e022273 .iconbox_content_title{\nfont-size:15px;\n}\n.iconbox.av-17sk1i-df4e208509fe107b10bae59e4e022273 .iconbox_content_container{\nfont-size:15px;\n}\n<\/style>\n<article  class=\"iconbox iconbox_left_content av-17sk1i-df4e208509fe107b10bae59e4e022273 av-icon-style-no-border  avia-builder-el-23  avia-builder-el-no-sibling  \"  itemscope=\"itemscope\" itemtype=\"https:\/\/schema.org\/CreativeWork\" ><div class=\"iconbox_icon heading-color\" aria-hidden='true' data-av_icon='\uf177' data-av_iconfont='lvy_'><\/div><div class=\"iconbox_content\"><header class=\"entry-content-header\"><h3 class='iconbox_content_title  '  itemprop=\"headline\" >ALSANCAK - \u0130ZM\u0130R<\/h3><\/header><div class='iconbox_content_container  '  itemprop=\"text\" ><p><span class=\"VIpgJd-yAWNEb-VIpgJd-fmcmS-sn54Q\">Akdeniz Mah.\u00a0<\/span>Atat\u00fcrk Cad.\u00a0<span class=\"\">No:162\/A En face du poste de police de Kantar Passeport\u2013Alsancak\u2013\u0130ZM\u0130R-TURQUIE<\/span><\/p>\n<\/div><\/div><footer class=\"entry-footer\"><\/footer><\/article><\/div>\n<style type=\"text\/css\" data-created_by=\"avia_inline_auto\" id=\"style-css-av-15lmzq-c010a3e13952aa7326ba3b1d3bcb4efb\">\n.flex_column.av-15lmzq-c010a3e13952aa7326ba3b1d3bcb4efb{\npadding:0 0 0 40px;\n}\n<\/style>\n<div class='flex_column av-15lmzq-c010a3e13952aa7326ba3b1d3bcb4efb av_one_third  avia-builder-el-24  el_after_av_one_third  el_before_av_one_third  no_margin flex_column_div '   ><style type=\"text\/css\" data-created_by=\"avia_inline_auto\" id=\"style-css-av-zjjwu-5615bdef65707f35066d88bc94e4ec02\">\n#top #wrap_all .iconbox.av-zjjwu-5615bdef65707f35066d88bc94e4ec02 .iconbox_content_title{\nfont-size:15px;\n}\n.iconbox.av-zjjwu-5615bdef65707f35066d88bc94e4ec02 .iconbox_content_container{\nfont-size:15px;\n}\n<\/style>\n<article  class=\"iconbox iconbox_left_content av-zjjwu-5615bdef65707f35066d88bc94e4ec02 av-icon-style-no-border  avia-builder-el-25  avia-builder-el-no-sibling  \"  itemscope=\"itemscope\" itemtype=\"https:\/\/schema.org\/CreativeWork\" ><div class=\"iconbox_icon heading-color\" aria-hidden='true' data-av_icon='\uf11b' data-av_iconfont='lvy_'><\/div><div class=\"iconbox_content\"><header class=\"entry-content-header\"><h3 class='iconbox_content_title  '  itemprop=\"headline\" >CONTACTEZ-NOUS<\/h3><\/header><div class='iconbox_content_container  '  itemprop=\"text\" ><p><a href=\"tel:+902326831083\">+44 7395 626392<\/a><br \/>\n<a href=\"https:\/\/wa.me\/905013331083\">+90 552 404 1083<\/a><\/p>\n<\/div><\/div><footer class=\"entry-footer\"><\/footer><\/article><\/div>\n<style type=\"text\/css\" data-created_by=\"avia_inline_auto\" id=\"style-css-av-dp5q6-00367932eb171bc707d4cc023e8f984f\">\n.flex_column.av-dp5q6-00367932eb171bc707d4cc023e8f984f{\npadding:0 0 0 40px;\n}\n<\/style>\n<div class='flex_column av-dp5q6-00367932eb171bc707d4cc023e8f984f av_one_third  avia-builder-el-26  el_after_av_one_third  avia-builder-el-last  no_margin flex_column_div '   ><style type=\"text\/css\" data-created_by=\"avia_inline_auto\" id=\"style-css-av-aa8km-191b1fed0cbfc692809563678ecc2005\">\n#top #wrap_all .iconbox.av-aa8km-191b1fed0cbfc692809563678ecc2005 .iconbox_content_title{\nfont-size:15px;\n}\n.iconbox.av-aa8km-191b1fed0cbfc692809563678ecc2005 .iconbox_content_container{\nfont-size:15px;\n}\n<\/style>\n<article  class=\"iconbox iconbox_left_content av-aa8km-191b1fed0cbfc692809563678ecc2005 av-icon-style-no-border  avia-builder-el-27  avia-builder-el-no-sibling  \"  itemscope=\"itemscope\" itemtype=\"https:\/\/schema.org\/CreativeWork\" ><div class=\"iconbox_icon heading-color\" aria-hidden='true' data-av_icon='\uf139' data-av_iconfont='lvy_'><\/div><div class=\"iconbox_content\"><header class=\"entry-content-header\"><h3 class='iconbox_content_title  '  itemprop=\"headline\" >PRENDRE RENDEZ-VOUS<\/h3><\/header><div class='iconbox_content_container  '  itemprop=\"text\" ><p><a href=\"mailto:info@turkuazport.com\">info@turkuazport.com<\/a><\/p>\n<\/div><\/div><footer class=\"entry-footer\"><\/footer><\/article><\/div><\/div><\/div><\/div><!-- close content main div --><\/div><\/div><div id='after_section_2'  class='main_color av_default_container_wrap container_wrap sidebar_right'  ><div class='container av-section-cont-open' ><div class='template-page content  av-content-small alpha units'><div class='post-entry post-entry-type-page post-entry-830'><div class='entry-content-wrapper clearfix'>\n","protected":false},"excerpt":{"rendered":"","protected":false},"author":1,"featured_media":0,"parent":0,"menu_order":0,"comment_status":"closed","ping_status":"closed","template":"","meta":{"footnotes":""},"class_list":["post-830","page","type-page","status-publish","hentry"],"_links":{"self":[{"href":"https:\/\/turkuazport.com\/fr\/wp-json\/wp\/v2\/pages\/830","targetHints":{"allow":["GET"]}}],"collection":[{"href":"https:\/\/turkuazport.com\/fr\/wp-json\/wp\/v2\/pages"}],"about":[{"href":"https:\/\/turkuazport.com\/fr\/wp-json\/wp\/v2\/types\/page"}],"author":[{"embeddable":true,"href":"https:\/\/turkuazport.com\/fr\/wp-json\/wp\/v2\/users\/1"}],"replies":[{"embeddable":true,"href":"https:\/\/turkuazport.com\/fr\/wp-json\/wp\/v2\/comments?post=830"}],"version-history":[{"count":14,"href":"https:\/\/turkuazport.com\/fr\/wp-json\/wp\/v2\/pages\/830\/revisions"}],"predecessor-version":[{"id":1534,"href":"https:\/\/turkuazport.com\/fr\/wp-json\/wp\/v2\/pages\/830\/revisions\/1534"}],"wp:attachment":[{"href":"https:\/\/turkuazport.com\/fr\/wp-json\/wp\/v2\/media?parent=830"}],"curies":[{"name":"wp","href":"https:\/\/api.w.org\/{rel}","templated":true}]}}