{"id":905,"date":"2022-02-17T16:16:14","date_gmt":"2022-02-17T13:16:14","guid":{"rendered":"https:\/\/turkuazport.com\/fr\/?page_id=905"},"modified":"2025-10-15T23:32:49","modified_gmt":"2025-10-15T20:32:49","slug":"notre-equipe","status":"publish","type":"page","link":"https:\/\/turkuazport.com\/fr\/notre-equipe\/","title":{"rendered":"Notre \u00e9quipe"},"content":{"rendered":"<div id='av-layout-grid-1'  class='av-layout-grid-container entry-content-wrapper main_color av-flex-cells     avia-builder-el-0  el_before_av_section  avia-builder-el-first  ana-hizmet-grid container_wrap sidebar_right'  >\n<div class=\"flex_cell no_margin av_one_full  avia-builder-el-1  avia-builder-el-no-sibling   \"  style='vertical-align:top; padding:30px; ' ><div class='flex_cell_inner' ><p>\n<style type=\"text\/css\" data-created_by=\"avia_inline_auto\" id=\"style-css-av-ctl7l-28d3e19caad9799f0f97f183b391f9af\">\n#top .hr.hr-invisible.av-ctl7l-28d3e19caad9799f0f97f183b391f9af{\nheight:50px;\n}\n<\/style>\n<div  class='hr av-ctl7l-28d3e19caad9799f0f97f183b391f9af hr-invisible  avia-builder-el-2  el_before_av_heading  avia-builder-el-first  '><span class='hr-inner '><span class=\"hr-inner-style\"><\/span><\/span><\/div><br \/>\n\n<style type=\"text\/css\" data-created_by=\"avia_inline_auto\" id=\"style-css-av-70iz5-0d44a2a7953bcc75d372733955af1da0\">\n#top .av-special-heading.av-70iz5-0d44a2a7953bcc75d372733955af1da0{\npadding-bottom:10px;\ncolor:#edfafc;\nfont-size:100px;\n}\n.av-special-heading.av-70iz5-0d44a2a7953bcc75d372733955af1da0 .special-heading-inner-border{\nborder-color:#edfafc;\n}\n<\/style>\n<div  class='av-special-heading av-70iz5-0d44a2a7953bcc75d372733955af1da0 av-special-heading-h2 custom-color-heading blockquote modern-quote modern-centered  avia-builder-el-3  el_after_av_hr  el_before_av_heading  lg-title av-inherit-size '><h2 class='av-special-heading-tag '  itemprop=\"headline\"  >Dentaire Turquoise<\/h2><div class='special-heading-border'><div class='special-heading-inner-border'><\/div><\/div><\/div><br \/>\n\n<style type=\"text\/css\" data-created_by=\"avia_inline_auto\" id=\"style-css-av-kzr0dd6y-74962154d0b98cc3ce2eb029571e3bc8\">\n#top .av-special-heading.av-kzr0dd6y-74962154d0b98cc3ce2eb029571e3bc8{\npadding-bottom:10px;\nfont-size:50px;\n}\n.av-special-heading.av-kzr0dd6y-74962154d0b98cc3ce2eb029571e3bc8 .av-subheading{\nfont-size:15px;\n}\n<\/style>\n<div  class='av-special-heading av-kzr0dd6y-74962154d0b98cc3ce2eb029571e3bc8 av-special-heading-h2 blockquote modern-quote modern-centered  avia-builder-el-4  el_after_av_heading  avia-builder-el-last  title-with-border av-inherit-size '><div class='av-subheading av-subheading_above '><p>Nos dentistes experts professionnels<\/p>\n<\/div><h2 class='av-special-heading-tag '  itemprop=\"headline\"  >Apprenez \u00e0 conna\u00eetre notre \u00e9quipe<\/h2><div class='special-heading-border'><div class='special-heading-inner-border'><\/div><\/div><\/div><\/p>\n<\/div><\/div>\n<\/div>\n<div id='talat-camlikaya'  class='avia-section av-kpint-7b77597a35e3a168bf1ee180865b5914 main_color avia-section-default avia-no-border-styling  avia-builder-el-5  el_after_av_layout_row  el_before_av_section  avia-bg-style-scroll  container_wrap sidebar_right'  ><div class='container av-section-cont-open' ><div class='template-page content  av-content-small alpha units'><div class='post-entry post-entry-type-page post-entry-905'><div class='entry-content-wrapper clearfix'>\n<div class='flex_column av-fv095-cc57867a6d40c83d54a00d5baecb2aff av_one_fourth  avia-builder-el-6  el_before_av_three_fourth  avia-builder-el-first  first flex_column_div  av-animated-generic bottom-to-top '   ><section  class='avia-team-member   avia-builder-el-7  avia-builder-el-no-sibling '  itemscope=\"itemscope\" itemtype=\"https:\/\/schema.org\/Person\" ><div class='team-img-container'><img decoding=\"async\" width=\"570\" height=\"846\" class='wp-image-1452 avia-img-lazy-loading-not-1452 avia_image avia_image_team' src=\"https:\/\/turkuazport.com\/fr\/wp-content\/uploads\/2023\/08\/talat-bey.jpg\" alt='Dentiste Talat \u00c7AMLIKAYA'  itemprop=\"image\" srcset=\"https:\/\/turkuazport.com\/fr\/wp-content\/uploads\/2023\/08\/talat-bey.jpg 570w, https:\/\/turkuazport.com\/fr\/wp-content\/uploads\/2023\/08\/talat-bey-202x300.jpg 202w, https:\/\/turkuazport.com\/fr\/wp-content\/uploads\/2023\/08\/talat-bey-475x705.jpg 475w\" sizes=\"(max-width: 570px) 100vw, 570px\" \/><\/div><h3 class='team-member-name'    itemprop=\"name\" >Dentiste Talat \u00c7AMLIKAYA<\/h3><span class='hidden team-member-affiliation'  itemprop=\"affiliation\" >Clinique dentaire priv\u00e9e de Turkuazport - Blanchiment des dents - Op\u00e9ration d&#039;implants<\/span><\/section><\/div>\n<style type=\"text\/css\" data-created_by=\"avia_inline_auto\" id=\"style-css-av-1vva9d-e9f6450343370014b0b5e70bc44e19db\">\n.flex_column.av-1vva9d-e9f6450343370014b0b5e70bc44e19db{\npadding:30px 30px 30px 30px;\nbox-shadow:0 0 4px 0 #eaeaea;\n-webkit-box-shadow:0 0 4px 0 #eaeaea;\n-moz-box-shadow:0 0 4px 0 #eaeaea;\n}\n<\/style>\n<div class='flex_column av-1vva9d-e9f6450343370014b0b5e70bc44e19db av_three_fourth  avia-builder-el-8  el_after_av_one_fourth  avia-builder-el-last  flex_column_div  av-animated-generic bottom-to-top '   ><p><section class=\"av_textblock_section \"  itemscope=\"itemscope\" itemtype=\"https:\/\/schema.org\/CreativeWork\" ><div class='avia_textblock  '   itemprop=\"text\" ><p>Il est le m\u00e9decin fondateur des cliniques TURKUAZ PORT. Il est dipl\u00f4m\u00e9 de la Facult\u00e9 de m\u00e9decine dentaire de l&#8217;Universit\u00e9 de Gazi. Il a suivi une formation de traduction et d&#8217;expression orale en anglais au D\u00e9partement des langues \u00e9trang\u00e8res de l&#8217;Universit\u00e9 9 Eyl\u00fcl pendant des ann\u00e9es 2. Il a re\u00e7u une formation en m\u00e9decine d&#8217;urgence \u00e0 la Facult\u00e9 de m\u00e9decine de l&#8217;Universit\u00e9 d&#8217;Ege, D\u00e9partement d&#8217;anesth\u00e9siologie, et une formation d&#8217;utilisateur rationnel de m\u00e9dicaments \u00e0 la Facult\u00e9 de pharmacie de l&#8217;Universit\u00e9 d&#8217;Ege. .<\/p>\n<p>Depuis 2000, il travaille comme dentiste et directeur responsable dans la polyclinique priv\u00e9e de sant\u00e9 bucco-dentaire Turkuazport 1 \u00e0 Izmir-Buca, qu&#8217;il a fond\u00e9e.\u00a0Depuis 2023, il travaille comme dentiste et directeur responsable \u00e0 la polyclinique priv\u00e9e de sant\u00e9 bucco-dentaire Turkuazport 2 \u00e0 \u0130zmir\/Alsancak.<\/p>\n<\/div><\/section><br \/>\n\n<style type=\"text\/css\" data-created_by=\"avia_inline_auto\" id=\"style-css-av-lj5dkwvq-3b5699bf4e7fc3e4586ee35ad8c9fa62\">\n#top .togglecontainer.av-lj5dkwvq-3b5699bf4e7fc3e4586ee35ad8c9fa62 p.toggler{\nborder-color:#33d4ed;\n}\n#top .togglecontainer.av-lj5dkwvq-3b5699bf4e7fc3e4586ee35ad8c9fa62 p.toggler:not(.activeTitle):hover .toggle_icon, #top .togglecontainer.av-lj5dkwvq-3b5699bf4e7fc3e4586ee35ad8c9fa62 p.toggler:not(.activeTitle):hover .toggle_icon *{\nborder-color:#33d4ed !important;\n}\n#top .togglecontainer.av-lj5dkwvq-3b5699bf4e7fc3e4586ee35ad8c9fa62 .toggle_wrap .toggle_content{\nborder-color:#33d4ed;\n}\n<\/style>\n<div  class='togglecontainer av-lj5dkwvq-3b5699bf4e7fc3e4586ee35ad8c9fa62 av-elegant-toggle  avia-builder-el-10  el_after_av_textblock  avia-builder-el-last  toggle_close_all ' >\n<section class='av_toggle_section av-lj5dkvgp-8f99a229f08093ad60d09912f927961a'  itemscope=\"itemscope\" itemtype=\"https:\/\/schema.org\/CreativeWork\" ><div role=\"tablist\" class=\"single_toggle\" data-tags=\"{T\u00fcm\u00fc} \"  ><p data-fake-id='#toggle-id-1' class='toggler   av-inherit-border-color'  itemprop=\"headline\"  role='tab' tabindex='0' aria-controls='toggle-id-1'>PLUS<span class=\"toggle_icon\"><span class=\"vert_icon\"><\/span><span class=\"hor_icon\"><\/span><\/span><\/p><div id='toggle-id-1' class='toggle_wrap  '  ><div class='toggle_content invers-color av-inherit-border-color'  itemprop=\"text\" ><p>\u2022 PROC\u00c9D\u00c9S CHIRURGICAUX AVANC\u00c9S<br \/>\n\u2013 Techniques implantaires<br \/>\n\u2013 Dents de sagesse incluses<br \/>\n\u2013 Chirurgie des kystes radiculaires dentaires<br \/>\n\u2022 TRAITEMENTS PROTH\u00c9TIQUES<br \/>\n\u2013 lamin\u00e9s,<br \/>\n\u2013 couronnes en zircone<br \/>\n\u2013 3 porcelaines \u00e0 support m\u00e9tallique<br \/>\n\u2013 proth\u00e8ses fixes amovibles sur implants)<br \/>\n\u2022 RESTAURATION ESTH\u00c9TIQUE DE LA ZONE FRONTALE<br \/>\n.\u00a0incrustation composite<br \/>\n.\u00a0bolding system<br \/>\n\u2022 CONCEPTION DU SOURIRE<br \/>\n\u2022 DENTISTERIE NUM\u00c9RIQUE<br \/>\nIl a re\u00e7u de nombreuses formations dans le pays et \u00e0 l&#8217;\u00e9tranger, notamment sur la chirurgie et la restauration des dysfonctions.<\/p>\n<p>L&#8217;\u00e9ducation qu&#8217;il a re\u00e7ue et les congr\u00e8s scientifiques auxquels il a particip\u00e9 ;<br \/>\n* Formation implantaire Endopor<br \/>\n* COMPLICATIONS DE CHIRURGIE IMPLANTAIRE QUI PEUVENT D\u00c9VELOPPER Formations CHIRURGIE IMPLANTAIRE DE NIVEAU AVANC\u00c9<br \/>\n\u2022 2003 Formations implantaire Endopor<br \/>\n\u2022 2008 Biohorizon ADVANCED LEVEL IMPLANT COURSE USA\/San Diego *<br \/>\n\u2022 2011 USA Los Angeles Advanced Level Implant Training<br \/>\n\u2022 2012 Dubai International Scientific Congress<br \/>\n\u2022 2012 Hong Kong \/ Congr\u00e8s scientifique<br \/>\n2013 IMPLANT OVERDENTURE<br \/>\n2014 AESTHETIC DENTISTRY ANTALYA\/Turquie<br \/>\n2013 AESTHETIC DENTISTRY Congress\/Istanbul<br \/>\n2015 Soft and Hard Tissue LASER APPLICATION IN MY DENTISTRY \u2013 Istanbul<br \/>\n2016 BOTOX APPLICATION Training\/Izmir<br \/>\n2020 Cyprus Near East University Scientific Congress<\/p>\n<\/div><\/div><\/div><\/section>\n<\/div><\/p><\/div>\n\n<\/div><\/div><\/div><!-- close content main div --><\/div><\/div><div id='gulsum-carkci'  class='avia-section av-lj5extaa-86471004a050e3074e3e636ce504409a main_color avia-section-default avia-no-border-styling  avia-builder-el-11  el_after_av_section  el_before_av_section  avia-bg-style-scroll  container_wrap sidebar_right'  ><div class='container av-section-cont-open' ><div class='template-page content  av-content-small alpha units'><div class='post-entry post-entry-type-page post-entry-905'><div class='entry-content-wrapper clearfix'>\n<div class='flex_column av-26sxk1-98110257bfba5d4fc861b2eb936c7481 av_one_fourth  avia-builder-el-12  el_before_av_three_fourth  avia-builder-el-first  first flex_column_div  av-animated-generic bottom-to-top '   ><section  class='avia-team-member   avia-builder-el-13  avia-builder-el-no-sibling '  itemscope=\"itemscope\" itemtype=\"https:\/\/schema.org\/Person\" ><div class='team-img-container'><img decoding=\"async\" width=\"570\" height=\"846\" class='wp-image-1106 avia-img-lazy-loading-not-1106 avia_image avia_image_team' src=\"https:\/\/turkuazport.com\/fr\/wp-content\/uploads\/2023\/06\/3333.jpg\" alt='M\u00e9decin sp\u00e9cialiste Dentiste G\u00fcls\u00fcm \u00c7ark\u00e7\u0131'  itemprop=\"image\" srcset=\"https:\/\/turkuazport.com\/fr\/wp-content\/uploads\/2023\/06\/3333.jpg 570w, https:\/\/turkuazport.com\/fr\/wp-content\/uploads\/2023\/06\/3333-202x300.jpg 202w, https:\/\/turkuazport.com\/fr\/wp-content\/uploads\/2023\/06\/3333-475x705.jpg 475w\" sizes=\"(max-width: 570px) 100vw, 570px\" \/><\/div><h3 class='team-member-name'    itemprop=\"name\" >M\u00e9decin sp\u00e9cialiste Dentiste G\u00fcls\u00fcm \u00c7ark\u00e7\u0131<\/h3><span class='hidden team-member-affiliation'  itemprop=\"affiliation\" >Clinique dentaire priv\u00e9e de Turkuazport - Blanchiment des dents - Op\u00e9ration d&#039;implants<\/span><\/section><\/div>\n<style type=\"text\/css\" data-created_by=\"avia_inline_auto\" id=\"style-css-av-1wc3yx-5667336c34ec849221ce5b101b5c419f\">\n.flex_column.av-1wc3yx-5667336c34ec849221ce5b101b5c419f{\npadding:30px 30px 30px 30px;\nbox-shadow:0 0 4px 0 #eaeaea;\n-webkit-box-shadow:0 0 4px 0 #eaeaea;\n-moz-box-shadow:0 0 4px 0 #eaeaea;\n}\n<\/style>\n<div class='flex_column av-1wc3yx-5667336c34ec849221ce5b101b5c419f av_three_fourth  avia-builder-el-14  el_after_av_one_fourth  avia-builder-el-last  flex_column_div  av-animated-generic bottom-to-top '   id=\"gulsum-carkci\"  ><p><section class=\"av_textblock_section \"  itemscope=\"itemscope\" itemtype=\"https:\/\/schema.org\/CreativeWork\" ><div class='avia_textblock  '   itemprop=\"text\" ><p>Le dentiste G\u00fcls\u00fcm \u00c7ark\u00e7\u0131 est dipl\u00f4m\u00e9 de la Facult\u00e9 de m\u00e9decine dentaire de l&#8217;Universit\u00e9 de Sel\u00e7uk en 2010.\u00a0Elle a termin\u00e9 son doctorat \u00e0 l&#8217;Universit\u00e9 de K\u0131r\u0131kkale, Facult\u00e9 de m\u00e9decine dentaire, D\u00e9partement d&#8217;endodontie et a re\u00e7u le titre de sp\u00e9cialiste et de m\u00e9decin. Elle\u00a0a travaill\u00e9 comme assistant de recherche \u00e0 l&#8217;Universit\u00e9 Bezmialem Vak\u0131f, Facult\u00e9 de m\u00e9decine dentaire, D\u00e9partement d&#8217;endodontie.<\/p>\n<\/div><\/section><br \/>\n\n<style type=\"text\/css\" data-created_by=\"avia_inline_auto\" id=\"style-css-av-1im40p-eeefc0fdbcc0dbff731017513b2c2329\">\n#top .togglecontainer.av-1im40p-eeefc0fdbcc0dbff731017513b2c2329 p.toggler{\nborder-color:#33d4ed;\n}\n#top .togglecontainer.av-1im40p-eeefc0fdbcc0dbff731017513b2c2329 p.toggler:not(.activeTitle):hover .toggle_icon, #top .togglecontainer.av-1im40p-eeefc0fdbcc0dbff731017513b2c2329 p.toggler:not(.activeTitle):hover .toggle_icon *{\nborder-color:#33d4ed !important;\n}\n#top .togglecontainer.av-1im40p-eeefc0fdbcc0dbff731017513b2c2329 .toggle_wrap .toggle_content{\nborder-color:#33d4ed;\n}\n<\/style>\n<div  class='togglecontainer av-1im40p-eeefc0fdbcc0dbff731017513b2c2329 av-elegant-toggle  avia-builder-el-16  el_after_av_textblock  avia-builder-el-last  toggle_close_all ' >\n<section class='av_toggle_section av-1go0vd-9cc4163b38801a6033511f1f2075f4f0'  itemscope=\"itemscope\" itemtype=\"https:\/\/schema.org\/CreativeWork\" ><div role=\"tablist\" class=\"single_toggle\" data-tags=\"{T\u00fcm\u00fc} \"  ><p data-fake-id='#toggle-id-2' class='toggler   av-inherit-border-color'  itemprop=\"headline\"  role='tab' tabindex='0' aria-controls='toggle-id-2'>PLUS<span class=\"toggle_icon\"><span class=\"vert_icon\"><\/span><span class=\"hor_icon\"><\/span><\/span><\/p><div id='toggle-id-2' class='toggle_wrap  '  ><div class='toggle_content invers-color av-inherit-border-color'  itemprop=\"text\" ><p>Participation \u00e0 des formations, cours et r\u00e9unions scientifiques\u00a0;<\/p>\n<ul>\n<li>Les 4 E de l&#8217;Endodontie Symposium 2011 (17-19 mars, Isparta)<\/li>\n<li>Cours d&#8217;endodontie appliqu\u00e9e (cours Pro Taper System)<\/li>\n<li>Cours d&#8217;endodontie appliqu\u00e9e (Cours sur le syst\u00e8me Wave One)<\/li>\n<li>Cours de restauration esth\u00e9tique appliqu\u00e9e<\/li>\n<li>Cours d&#8217;endodontie appliqu\u00e9e (cours Sybronendo System B)<\/li>\n<li>Cours d&#8217;endodontie appliqu\u00e9e (cours Sybronendo Twisted Files)<\/li>\n<li>\u00c9v\u00e9nement scientifique d&#8217;hiver de la Soci\u00e9t\u00e9 turque d&#8217;endodontie<\/li>\n<\/ul>\n<\/div><\/div><\/div><\/section>\n<\/div><\/p><\/div>\n\n<\/div><\/div><\/div><!-- close content main div --><\/div><\/div>\n<style type=\"text\/css\" data-created_by=\"avia_inline_auto\" id=\"style-css-av-1ku56x-0d920f058650c2c59ea76507488c15f8\">\n.avia-section.av-1ku56x-0d920f058650c2c59ea76507488c15f8{\nbackground-color:#f9f9f9;\n}\n<\/style>\n<div id='av_section_3'  class='avia-section av-1ku56x-0d920f058650c2c59ea76507488c15f8 main_color avia-section-small avia-no-border-styling  avia-builder-el-17  el_after_av_section  avia-builder-el-last  menu-alt-sec avia-bg-style-scroll  container_wrap sidebar_right'  ><div class='container av-section-cont-open' ><div class='template-page content  av-content-small alpha units'><div class='post-entry post-entry-type-page post-entry-905'><div class='entry-content-wrapper clearfix'>\n\n<style type=\"text\/css\" data-created_by=\"avia_inline_auto\" id=\"style-css-av-1fd3tt-41a73ca2b239f33dad7372b2f707d7d4\">\n.flex_column.av-1fd3tt-41a73ca2b239f33dad7372b2f707d7d4{\npadding:0 20px 0 0;\n}\n<\/style>\n<div class='flex_column av-1fd3tt-41a73ca2b239f33dad7372b2f707d7d4 av_one_third  avia-builder-el-18  el_before_av_one_third  avia-builder-el-first  first no_margin flex_column_div '   ><style type=\"text\/css\" data-created_by=\"avia_inline_auto\" id=\"style-css-av-18wqux-50154e55a1f47c7c2cdc93a84f56444b\">\n#top #wrap_all .iconbox.av-18wqux-50154e55a1f47c7c2cdc93a84f56444b .iconbox_content_title{\nfont-size:15px;\n}\n.iconbox.av-18wqux-50154e55a1f47c7c2cdc93a84f56444b .iconbox_content_container{\nfont-size:15px;\n}\n<\/style>\n<article  class=\"iconbox iconbox_left_content av-18wqux-50154e55a1f47c7c2cdc93a84f56444b av-icon-style-no-border  avia-builder-el-19  avia-builder-el-no-sibling  \"  itemscope=\"itemscope\" itemtype=\"https:\/\/schema.org\/CreativeWork\" ><div class=\"iconbox_icon heading-color\" aria-hidden='true' data-av_icon='\uf177' data-av_iconfont='lvy_'><\/div><div class=\"iconbox_content\"><header class=\"entry-content-header\"><h3 class='iconbox_content_title  '  itemprop=\"headline\" >ALSANCAK - \u0130ZM\u0130R<\/h3><\/header><div class='iconbox_content_container  '  itemprop=\"text\" ><p><span class=\"VIpgJd-yAWNEb-VIpgJd-fmcmS-sn54Q\">Akdeniz Mah.\u00a0<\/span>Atat\u00fcrk Cad.\u00a0<span class=\"\">No:162\/A En face du poste de police de Kantar Passeport\u2013Alsancak\u2013\u0130ZM\u0130R-TURQUIE<\/span><\/p>\n<\/div><\/div><footer class=\"entry-footer\"><\/footer><\/article><\/div>\n<style type=\"text\/css\" data-created_by=\"avia_inline_auto\" id=\"style-css-av-14lv8p-b50df5b72ca69d9cfd40e3bdec52049b\">\n.flex_column.av-14lv8p-b50df5b72ca69d9cfd40e3bdec52049b{\npadding:0 0 0 40px;\n}\n<\/style>\n<div class='flex_column av-14lv8p-b50df5b72ca69d9cfd40e3bdec52049b av_one_third  avia-builder-el-20  el_after_av_one_third  el_before_av_one_third  no_margin flex_column_div '   ><style type=\"text\/css\" data-created_by=\"avia_inline_auto\" id=\"style-css-av-var75-475b863f08f1e27af43a8eabaa09b74a\">\n#top #wrap_all .iconbox.av-var75-475b863f08f1e27af43a8eabaa09b74a .iconbox_content_title{\nfont-size:15px;\n}\n.iconbox.av-var75-475b863f08f1e27af43a8eabaa09b74a .iconbox_content_container{\nfont-size:15px;\n}\n<\/style>\n<article  class=\"iconbox iconbox_left_content av-var75-475b863f08f1e27af43a8eabaa09b74a av-icon-style-no-border  avia-builder-el-21  avia-builder-el-no-sibling  \"  itemscope=\"itemscope\" itemtype=\"https:\/\/schema.org\/CreativeWork\" ><div class=\"iconbox_icon heading-color\" aria-hidden='true' data-av_icon='\uf11b' data-av_iconfont='lvy_'><\/div><div class=\"iconbox_content\"><header class=\"entry-content-header\"><h3 class='iconbox_content_title  '  itemprop=\"headline\" >CONTACTEZ-NOUS<\/h3><\/header><div class='iconbox_content_container  '  itemprop=\"text\" ><p><a href=\"tel:+902326831083\">+44 7395 626392<\/a><br \/>\n<a href=\"https:\/\/wa.me\/905013331083\">+90 552 404 1083<\/a><\/p>\n<\/div><\/div><footer class=\"entry-footer\"><\/footer><\/article><\/div>\n<style type=\"text\/css\" data-created_by=\"avia_inline_auto\" id=\"style-css-av-fak55-323f97cd31fd80106d8a21387b7c0641\">\n.flex_column.av-fak55-323f97cd31fd80106d8a21387b7c0641{\npadding:0 0 0 40px;\n}\n<\/style>\n<div class='flex_column av-fak55-323f97cd31fd80106d8a21387b7c0641 av_one_third  avia-builder-el-22  el_after_av_one_third  avia-builder-el-last  no_margin flex_column_div '   ><style type=\"text\/css\" data-created_by=\"avia_inline_auto\" id=\"style-css-av-982eh-c158bdbd097657a2b064a9f5e5c5b670\">\n#top #wrap_all .iconbox.av-982eh-c158bdbd097657a2b064a9f5e5c5b670 .iconbox_content_title{\nfont-size:15px;\n}\n.iconbox.av-982eh-c158bdbd097657a2b064a9f5e5c5b670 .iconbox_content_container{\nfont-size:15px;\n}\n<\/style>\n<article  class=\"iconbox iconbox_left_content av-982eh-c158bdbd097657a2b064a9f5e5c5b670 av-icon-style-no-border  avia-builder-el-23  avia-builder-el-no-sibling  \"  itemscope=\"itemscope\" itemtype=\"https:\/\/schema.org\/CreativeWork\" ><div class=\"iconbox_icon heading-color\" aria-hidden='true' data-av_icon='\uf139' data-av_iconfont='lvy_'><\/div><div class=\"iconbox_content\"><header class=\"entry-content-header\"><h3 class='iconbox_content_title  '  itemprop=\"headline\" >PRENDRE RENDEZ-VOUS<\/h3><\/header><div class='iconbox_content_container  '  itemprop=\"text\" ><p><a href=\"mailto:info@turkuazport.com\">info@turkuazport.com<\/a><\/p>\n<\/div><\/div><footer class=\"entry-footer\"><\/footer><\/article><\/div><\/div><\/div><\/div><!-- close content main div --><\/div><\/div><div id='after_section_3'  class='main_color av_default_container_wrap container_wrap sidebar_right'  ><div class='container av-section-cont-open' ><div class='template-page content  av-content-small alpha units'><div class='post-entry post-entry-type-page post-entry-905'><div class='entry-content-wrapper clearfix'>\n","protected":false},"excerpt":{"rendered":"","protected":false},"author":1,"featured_media":0,"parent":0,"menu_order":0,"comment_status":"closed","ping_status":"closed","template":"","meta":{"footnotes":""},"class_list":["post-905","page","type-page","status-publish","hentry"],"_links":{"self":[{"href":"https:\/\/turkuazport.com\/fr\/wp-json\/wp\/v2\/pages\/905","targetHints":{"allow":["GET"]}}],"collection":[{"href":"https:\/\/turkuazport.com\/fr\/wp-json\/wp\/v2\/pages"}],"about":[{"href":"https:\/\/turkuazport.com\/fr\/wp-json\/wp\/v2\/types\/page"}],"author":[{"embeddable":true,"href":"https:\/\/turkuazport.com\/fr\/wp-json\/wp\/v2\/users\/1"}],"replies":[{"embeddable":true,"href":"https:\/\/turkuazport.com\/fr\/wp-json\/wp\/v2\/comments?post=905"}],"version-history":[{"count":63,"href":"https:\/\/turkuazport.com\/fr\/wp-json\/wp\/v2\/pages\/905\/revisions"}],"predecessor-version":[{"id":1532,"href":"https:\/\/turkuazport.com\/fr\/wp-json\/wp\/v2\/pages\/905\/revisions\/1532"}],"wp:attachment":[{"href":"https:\/\/turkuazport.com\/fr\/wp-json\/wp\/v2\/media?parent=905"}],"curies":[{"name":"wp","href":"https:\/\/api.w.org\/{rel}","templated":true}]}}